{"id":42698,"date":"2026-04-24T12:40:50","date_gmt":"2026-04-24T11:40:50","guid":{"rendered":"https:\/\/hivetec.mk\/?post_type=product&#038;p=42698"},"modified":"2026-04-24T12:46:06","modified_gmt":"2026-04-24T11:46:06","slug":"lian-li-e-atx-eeb-lancool-217-infinity-rgb-mid-tower-w-tempered-glass2x170mm-3x120mm1x140mm-argb-fan-hub-btf-x2-psu-mounting-modes-black-lan217infx","status":"publish","type":"product","link":"https:\/\/hivetec.mk\/en\/product\/lian-li-e-atx-eeb-lancool-217-infinity-rgb-mid-tower-w-tempered-glass2x170mm-3x120mm1x140mm-argb-fan-hub-btf-x2-psu-mounting-modes-black-lan217infx\/","title":{"rendered":"LIAN LI E-ATX\/EEB LANCOOL 217 INFINITY RGB Mid-Tower w\/ Tempered glass,2x170mm ,3x120mm,1x140mm, ARGB\/FAN Hub, BTF, x2 PSU Mounting modes, Black, LAN217INFX"},"content":{"rendered":"<p>Model Name: LANCOOL 217 INF PC Case, Mid-Tower, Tempered Glass, RGB Lighting &#8211; Black, LAN217INFX<br \/>Mid-tower PC case with tempered glass &amp; infinity RGB front<br \/>High-airflow dual 170 mm ARGB intake \u00b7 Supports up to SSI-EEB motherboards<br \/>Features<br \/>Elegant tempered glass front panel with surrounding RGB infinity lighting effect<br \/>High airflow design with two integrated 170 mm ARGB front fans<br \/>Versatile motherboard support from Mini-ITX up to SSI-EEB<br \/>Supports large graphics cards with seven PCIe slots and GPU length up to 380 mm<br \/>Flexible customization with variable PSU installation and relocatable front I\/O<br \/>Stylish RGB lighting and tempered glass side window for a premium showcase build<br \/>Back-connect layout for cleaner cable routing and aesthetics<br \/>Specification<br \/>Product series: Lancool<br \/>Case type: Mid tower<br \/>Materials: Steel, tempered glass<br \/>Primary colour: Black<br \/>Dimensions (L \u00d7 W \u00d7 H): 482 \u00d7 238 \u00d7 503 mm<br \/>Motherboard support: Mini-ITX, Micro-ATX, ATX, E-ATX, SSI-EEB (max format SSI-EEB)<br \/>Max CPU cooler height: 180 mm<br \/>Max GPU length: 380 mm<br \/>Max PSU length\/depth: 220 mm<br \/>PSU included: No<br \/>PSU format: ATX<br \/>PSU position: Rear bottom<br \/>Fan support (front): 2 \u00d7 170 mm<br \/>Fan support (top): 3 \u00d7 120 mm or 2 \u00d7 140 mm<br \/>Fan support (rear): 1 \u00d7 120 mm or 1 \u00d7 140 mm<br \/>Fan support (bottom): 3 \u00d7 120 mm<br \/>Max number of fans: 9 (7 \u00d7 120 mm, 3 \u00d7 140 mm, 2 \u00d7 170 mm)<br \/>Included fans: 2 \u00d7 170 mm (front, ARGB), 1 \u00d7 140 mm<br \/>Radiator support (top): 280 mm \/ 360 mm radiators<br \/>Max radiator size: 360 mm<br \/>Drive bays: up to 5 \u00d7 2.5&#8243;, 2 \u00d7 3.5&#8243;, 0 \u00d7 5.25&#8243;<br \/>Hot-swap bays: No<br \/>Front I\/O: 1 \u00d7 USB-C (USB 3.2), 2 \u00d7 USB-A (USB 3.0), 1 \u00d7 3.5 mm combo audio (4-pin TRRS)<br \/>I\/O position: Top<br \/>Side panel: With window (tempered glass)<br \/>Vertical GPU mount: Yes (fixed bracket)<br \/>Cable management: Yes<br \/>Filters included: Yes (bottom, front)<br \/>Noise dampening: No<br \/>Back connect support: Yes<br \/>Expansion slots: 7<br \/>Fan hub \/ controller: Yes<br \/>Card reader: No<br \/>Lighting: ARGB \/ DRGB<br \/>RGB controller: Yes<br \/>Number of RGB connectors: 1<br \/>Lighting colour: RGB<\/p>","protected":false},"excerpt":{"rendered":"<ul>\n<li><strong>\u041f\u0440\u043e\u0438\u0437\u0432\u043e\u0434\u0438\u0442\u0435\u043b:\u00a0LIAN LI<\/strong><\/li>\n<li><strong>\u0413\u0430\u0440\u0430\u043d\u0446\u0438\u0458\u0430: 690 \u0434\u0435\u043d\u0430<\/strong><\/li>\n<\/ul>","protected":false},"featured_media":42699,"comment_status":"open","ping_status":"closed","template":"","meta":{"content-type":""},"product_brand":[],"product_cat":[108,132],"product_tag":[],"class_list":{"0":"post-42698","1":"product","2":"type-product","3":"status-publish","4":"has-post-thumbnail","6":"product_cat-lianli","7":"product_cat-kukista","9":"first","10":"instock","11":"sale","12":"shipping-taxable","13":"purchasable","14":"product-type-simple"},"yoast_head":"<!-- This site is optimized with the Yoast SEO Premium plugin v21.7 (Yoast SEO v27.4) - https:\/\/yoast.com\/product\/yoast-seo-premium-wordpress\/ -->\n<title>LIAN LI E-ATX\/EEB LANCOOL 217 INFINITY RGB Mid-Tower w\/ Tempered glass,2x170mm ,3x120mm,1x140mm, ARGB\/FAN Hub, BTF, x2 PSU Mounting modes, Black, LAN217INFX - Hivetec<\/title>\n<meta name=\"description\" content=\"Mid-tower chassis engineered for high-volume airflow with a bold infinity-mirror front aesthetic. \u00b7 Dual 170 mm front fans + 140 mm rear fan deliver strong.\" \/>\n<meta name=\"robots\" content=\"index, follow, max-snippet:-1, max-image-preview:large, max-video-preview:-1\" \/>\n<link rel=\"canonical\" href=\"https:\/\/hivetec.mk\/en\/product\/lian-li-e-atx-eeb-lancool-217-infinity-rgb-mid-tower-w-tempered-glass2x170mm-3x120mm1x140mm-argb-fan-hub-btf-x2-psu-mounting-modes-black-lan217infx\/\" \/>\n<meta property=\"og:locale\" content=\"en_US\" \/>\n<meta property=\"og:type\" content=\"article\" \/>\n<meta property=\"og:title\" content=\"LIAN LI E-ATX\/EEB LANCOOL 217 INFINITY RGB Mid-Tower w\/ Tempered glass,2x170mm ,3x120mm,1x140mm, ARGB\/FAN Hub, BTF, x2 PSU Mounting modes, Black, LAN217INFX\" \/>\n<meta property=\"og:description\" content=\"Mid-tower chassis engineered for high-volume airflow with a bold infinity-mirror front aesthetic. \u00b7 Dual 170 mm front fans + 140 mm rear fan deliver strong.\" \/>\n<meta property=\"og:url\" content=\"https:\/\/hivetec.mk\/en\/product\/lian-li-e-atx-eeb-lancool-217-infinity-rgb-mid-tower-w-tempered-glass2x170mm-3x120mm1x140mm-argb-fan-hub-btf-x2-psu-mounting-modes-black-lan217infx\/\" \/>\n<meta property=\"og:site_name\" content=\"Hivetec\" \/>\n<meta property=\"article:publisher\" content=\"https:\/\/www.facebook.com\/hivetecmakedonija\" \/>\n<meta property=\"article:modified_time\" content=\"2026-04-24T11:46:06+00:00\" \/>\n<meta property=\"og:image\" content=\"https:\/\/hivetec.mk\/wp-content\/uploads\/2026\/04\/kukiste-lian-li-lancool-217-rgb-black.jpg\" \/>\n\t<meta property=\"og:image:width\" content=\"1024\" \/>\n\t<meta property=\"og:image:height\" content=\"1024\" \/>\n\t<meta property=\"og:image:type\" content=\"image\/jpeg\" \/>\n<meta name=\"twitter:card\" content=\"summary_large_image\" \/>\n<meta name=\"twitter:label1\" content=\"Est. reading time\" \/>\n\t<meta name=\"twitter:data1\" content=\"2 minutes\" \/>\n<script type=\"application\/ld+json\" class=\"yoast-schema-graph\">{\"@context\":\"https:\\\/\\\/schema.org\",\"@graph\":[{\"@type\":\"WebPage\",\"@id\":\"https:\\\/\\\/hivetec.mk\\\/product\\\/lian-li-e-atx-eeb-lancool-217-infinity-rgb-mid-tower-w-tempered-glass2x170mm-3x120mm1x140mm-argb-fan-hub-btf-x2-psu-mounting-modes-black-lan217infx\\\/\",\"url\":\"https:\\\/\\\/hivetec.mk\\\/product\\\/lian-li-e-atx-eeb-lancool-217-infinity-rgb-mid-tower-w-tempered-glass2x170mm-3x120mm1x140mm-argb-fan-hub-btf-x2-psu-mounting-modes-black-lan217infx\\\/\",\"name\":\"LIAN LI E-ATX\\\/EEB LANCOOL 217 INFINITY RGB Mid-Tower w\\\/ Tempered glass,2x170mm ,3x120mm,1x140mm, ARGB\\\/FAN Hub, BTF, x2 PSU Mounting modes, Black, LAN217INFX - Hivetec\",\"isPartOf\":{\"@id\":\"https:\\\/\\\/hivetec.mk\\\/#website\"},\"primaryImageOfPage\":{\"@id\":\"https:\\\/\\\/hivetec.mk\\\/product\\\/lian-li-e-atx-eeb-lancool-217-infinity-rgb-mid-tower-w-tempered-glass2x170mm-3x120mm1x140mm-argb-fan-hub-btf-x2-psu-mounting-modes-black-lan217infx\\\/#primaryimage\"},\"image\":{\"@id\":\"https:\\\/\\\/hivetec.mk\\\/product\\\/lian-li-e-atx-eeb-lancool-217-infinity-rgb-mid-tower-w-tempered-glass2x170mm-3x120mm1x140mm-argb-fan-hub-btf-x2-psu-mounting-modes-black-lan217infx\\\/#primaryimage\"},\"thumbnailUrl\":\"https:\\\/\\\/hivetec.mk\\\/wp-content\\\/uploads\\\/2026\\\/04\\\/kukiste-lian-li-lancool-217-rgb-black.jpg\",\"datePublished\":\"2026-04-24T11:40:50+00:00\",\"dateModified\":\"2026-04-24T11:46:06+00:00\",\"description\":\"Mid-tower chassis engineered for high-volume airflow with a bold infinity-mirror front aesthetic. \u00b7 Dual 170 mm front fans + 140 mm rear fan deliver strong.\",\"breadcrumb\":{\"@id\":\"https:\\\/\\\/hivetec.mk\\\/product\\\/lian-li-e-atx-eeb-lancool-217-infinity-rgb-mid-tower-w-tempered-glass2x170mm-3x120mm1x140mm-argb-fan-hub-btf-x2-psu-mounting-modes-black-lan217infx\\\/#breadcrumb\"},\"inLanguage\":\"en-US\",\"potentialAction\":[{\"@type\":\"ReadAction\",\"target\":[\"https:\\\/\\\/hivetec.mk\\\/product\\\/lian-li-e-atx-eeb-lancool-217-infinity-rgb-mid-tower-w-tempered-glass2x170mm-3x120mm1x140mm-argb-fan-hub-btf-x2-psu-mounting-modes-black-lan217infx\\\/\"]}]},{\"@type\":\"ImageObject\",\"inLanguage\":\"en-US\",\"@id\":\"https:\\\/\\\/hivetec.mk\\\/product\\\/lian-li-e-atx-eeb-lancool-217-infinity-rgb-mid-tower-w-tempered-glass2x170mm-3x120mm1x140mm-argb-fan-hub-btf-x2-psu-mounting-modes-black-lan217infx\\\/#primaryimage\",\"url\":\"https:\\\/\\\/hivetec.mk\\\/wp-content\\\/uploads\\\/2026\\\/04\\\/kukiste-lian-li-lancool-217-rgb-black.jpg\",\"contentUrl\":\"https:\\\/\\\/hivetec.mk\\\/wp-content\\\/uploads\\\/2026\\\/04\\\/kukiste-lian-li-lancool-217-rgb-black.jpg\",\"width\":1024,\"height\":1024,\"caption\":\"kukiste lian li lancool 217 infinity rgb\"},{\"@type\":\"BreadcrumbList\",\"@id\":\"https:\\\/\\\/hivetec.mk\\\/product\\\/lian-li-e-atx-eeb-lancool-217-infinity-rgb-mid-tower-w-tempered-glass2x170mm-3x120mm1x140mm-argb-fan-hub-btf-x2-psu-mounting-modes-black-lan217infx\\\/#breadcrumb\",\"itemListElement\":[{\"@type\":\"ListItem\",\"position\":1,\"name\":\"Home\",\"item\":\"https:\\\/\\\/hivetec.mk\\\/\"},{\"@type\":\"ListItem\",\"position\":2,\"name\":\"Shop\",\"item\":\"https:\\\/\\\/hivetec.mk\\\/shop\\\/\"},{\"@type\":\"ListItem\",\"position\":3,\"name\":\"LIAN LI E-ATX\\\/EEB LANCOOL 217 INFINITY RGB Mid-Tower w\\\/ Tempered glass,2x170mm ,3x120mm,1x140mm, ARGB\\\/FAN Hub, BTF, x2 PSU Mounting modes, Black, LAN217INFX\"}]},{\"@type\":\"WebSite\",\"@id\":\"https:\\\/\\\/hivetec.mk\\\/#website\",\"url\":\"https:\\\/\\\/hivetec.mk\\\/\",\"name\":\"Hivetec\",\"description\":\"\u0412\u0435\u0431 \u0448\u043e\u043f \u0437\u0430 \u043f\u0440\u043e\u0434\u0430\u0436\u0431\u0430 \u043d\u0430 \u043a\u043e\u043c\u0458\u0443\u0442\u0435\u0440\u0441\u043a\u0438 \u0445\u0430\u0440\u0434\u0432\u0435\u0440, \u0430\u043a\u0441\u0435\u0441\u043e\u0430\u0440\u0438 \u0438 \u043a\u043e\u043c\u043f\u043e\u043d\u0435\u043d\u0442\u0438.\",\"potentialAction\":[{\"@type\":\"SearchAction\",\"target\":{\"@type\":\"EntryPoint\",\"urlTemplate\":\"https:\\\/\\\/hivetec.mk\\\/?s={search_term_string}\"},\"query-input\":{\"@type\":\"PropertyValueSpecification\",\"valueRequired\":true,\"valueName\":\"search_term_string\"}}],\"inLanguage\":\"en-US\"}]}<\/script>\n<!-- \/ Yoast SEO Premium plugin. -->","yoast_head_json":{"title":"LIAN LI E-ATX\/EEB LANCOOL 217 INFINITY RGB Mid-Tower w\/ Tempered glass,2x170mm ,3x120mm,1x140mm, ARGB\/FAN Hub, BTF, x2 PSU Mounting modes, Black, LAN217INFX - Hivetec","description":"Mid-tower chassis engineered for high-volume airflow with a bold infinity-mirror front aesthetic. \u00b7 Dual 170 mm front fans + 140 mm rear fan deliver strong.","robots":{"index":"index","follow":"follow","max-snippet":"max-snippet:-1","max-image-preview":"max-image-preview:large","max-video-preview":"max-video-preview:-1"},"canonical":"https:\/\/hivetec.mk\/en\/product\/lian-li-e-atx-eeb-lancool-217-infinity-rgb-mid-tower-w-tempered-glass2x170mm-3x120mm1x140mm-argb-fan-hub-btf-x2-psu-mounting-modes-black-lan217infx\/","og_locale":"en_US","og_type":"article","og_title":"LIAN LI E-ATX\/EEB LANCOOL 217 INFINITY RGB Mid-Tower w\/ Tempered glass,2x170mm ,3x120mm,1x140mm, ARGB\/FAN Hub, BTF, x2 PSU Mounting modes, Black, LAN217INFX","og_description":"Mid-tower chassis engineered for high-volume airflow with a bold infinity-mirror front aesthetic. \u00b7 Dual 170 mm front fans + 140 mm rear fan deliver strong.","og_url":"https:\/\/hivetec.mk\/en\/product\/lian-li-e-atx-eeb-lancool-217-infinity-rgb-mid-tower-w-tempered-glass2x170mm-3x120mm1x140mm-argb-fan-hub-btf-x2-psu-mounting-modes-black-lan217infx\/","og_site_name":"Hivetec","article_publisher":"https:\/\/www.facebook.com\/hivetecmakedonija","article_modified_time":"2026-04-24T11:46:06+00:00","og_image":[{"width":1024,"height":1024,"url":"https:\/\/hivetec.mk\/wp-content\/uploads\/2026\/04\/kukiste-lian-li-lancool-217-rgb-black.jpg","type":"image\/jpeg"}],"twitter_card":"summary_large_image","twitter_misc":{"Est. reading time":"2 minutes"},"schema":{"@context":"https:\/\/schema.org","@graph":[{"@type":"WebPage","@id":"https:\/\/hivetec.mk\/product\/lian-li-e-atx-eeb-lancool-217-infinity-rgb-mid-tower-w-tempered-glass2x170mm-3x120mm1x140mm-argb-fan-hub-btf-x2-psu-mounting-modes-black-lan217infx\/","url":"https:\/\/hivetec.mk\/product\/lian-li-e-atx-eeb-lancool-217-infinity-rgb-mid-tower-w-tempered-glass2x170mm-3x120mm1x140mm-argb-fan-hub-btf-x2-psu-mounting-modes-black-lan217infx\/","name":"LIAN LI E-ATX\/EEB LANCOOL 217 INFINITY RGB Mid-Tower w\/ Tempered glass,2x170mm ,3x120mm,1x140mm, ARGB\/FAN Hub, BTF, x2 PSU Mounting modes, Black, LAN217INFX - Hivetec","isPartOf":{"@id":"https:\/\/hivetec.mk\/#website"},"primaryImageOfPage":{"@id":"https:\/\/hivetec.mk\/product\/lian-li-e-atx-eeb-lancool-217-infinity-rgb-mid-tower-w-tempered-glass2x170mm-3x120mm1x140mm-argb-fan-hub-btf-x2-psu-mounting-modes-black-lan217infx\/#primaryimage"},"image":{"@id":"https:\/\/hivetec.mk\/product\/lian-li-e-atx-eeb-lancool-217-infinity-rgb-mid-tower-w-tempered-glass2x170mm-3x120mm1x140mm-argb-fan-hub-btf-x2-psu-mounting-modes-black-lan217infx\/#primaryimage"},"thumbnailUrl":"https:\/\/hivetec.mk\/wp-content\/uploads\/2026\/04\/kukiste-lian-li-lancool-217-rgb-black.jpg","datePublished":"2026-04-24T11:40:50+00:00","dateModified":"2026-04-24T11:46:06+00:00","description":"Mid-tower chassis engineered for high-volume airflow with a bold infinity-mirror front aesthetic. \u00b7 Dual 170 mm front fans + 140 mm rear fan deliver strong.","breadcrumb":{"@id":"https:\/\/hivetec.mk\/product\/lian-li-e-atx-eeb-lancool-217-infinity-rgb-mid-tower-w-tempered-glass2x170mm-3x120mm1x140mm-argb-fan-hub-btf-x2-psu-mounting-modes-black-lan217infx\/#breadcrumb"},"inLanguage":"en-US","potentialAction":[{"@type":"ReadAction","target":["https:\/\/hivetec.mk\/product\/lian-li-e-atx-eeb-lancool-217-infinity-rgb-mid-tower-w-tempered-glass2x170mm-3x120mm1x140mm-argb-fan-hub-btf-x2-psu-mounting-modes-black-lan217infx\/"]}]},{"@type":"ImageObject","inLanguage":"en-US","@id":"https:\/\/hivetec.mk\/product\/lian-li-e-atx-eeb-lancool-217-infinity-rgb-mid-tower-w-tempered-glass2x170mm-3x120mm1x140mm-argb-fan-hub-btf-x2-psu-mounting-modes-black-lan217infx\/#primaryimage","url":"https:\/\/hivetec.mk\/wp-content\/uploads\/2026\/04\/kukiste-lian-li-lancool-217-rgb-black.jpg","contentUrl":"https:\/\/hivetec.mk\/wp-content\/uploads\/2026\/04\/kukiste-lian-li-lancool-217-rgb-black.jpg","width":1024,"height":1024,"caption":"kukiste lian li lancool 217 infinity rgb"},{"@type":"BreadcrumbList","@id":"https:\/\/hivetec.mk\/product\/lian-li-e-atx-eeb-lancool-217-infinity-rgb-mid-tower-w-tempered-glass2x170mm-3x120mm1x140mm-argb-fan-hub-btf-x2-psu-mounting-modes-black-lan217infx\/#breadcrumb","itemListElement":[{"@type":"ListItem","position":1,"name":"Home","item":"https:\/\/hivetec.mk\/"},{"@type":"ListItem","position":2,"name":"Shop","item":"https:\/\/hivetec.mk\/shop\/"},{"@type":"ListItem","position":3,"name":"LIAN LI E-ATX\/EEB LANCOOL 217 INFINITY RGB Mid-Tower w\/ Tempered glass,2x170mm ,3x120mm,1x140mm, ARGB\/FAN Hub, BTF, x2 PSU Mounting modes, Black, LAN217INFX"}]},{"@type":"WebSite","@id":"https:\/\/hivetec.mk\/#website","url":"https:\/\/hivetec.mk\/","name":"Hivetec","description":"\u0412\u0435\u0431 \u0448\u043e\u043f \u0437\u0430 \u043f\u0440\u043e\u0434\u0430\u0436\u0431\u0430 \u043d\u0430 \u043a\u043e\u043c\u0458\u0443\u0442\u0435\u0440\u0441\u043a\u0438 \u0445\u0430\u0440\u0434\u0432\u0435\u0440, \u0430\u043a\u0441\u0435\u0441\u043e\u0430\u0440\u0438 \u0438 \u043a\u043e\u043c\u043f\u043e\u043d\u0435\u043d\u0442\u0438.","potentialAction":[{"@type":"SearchAction","target":{"@type":"EntryPoint","urlTemplate":"https:\/\/hivetec.mk\/?s={search_term_string}"},"query-input":{"@type":"PropertyValueSpecification","valueRequired":true,"valueName":"search_term_string"}}],"inLanguage":"en-US"}]}},"_links":{"self":[{"href":"https:\/\/hivetec.mk\/en\/wp-json\/wp\/v2\/product\/42698","targetHints":{"allow":["GET"]}}],"collection":[{"href":"https:\/\/hivetec.mk\/en\/wp-json\/wp\/v2\/product"}],"about":[{"href":"https:\/\/hivetec.mk\/en\/wp-json\/wp\/v2\/types\/product"}],"replies":[{"embeddable":true,"href":"https:\/\/hivetec.mk\/en\/wp-json\/wp\/v2\/comments?post=42698"}],"version-history":[{"count":1,"href":"https:\/\/hivetec.mk\/en\/wp-json\/wp\/v2\/product\/42698\/revisions"}],"predecessor-version":[{"id":42700,"href":"https:\/\/hivetec.mk\/en\/wp-json\/wp\/v2\/product\/42698\/revisions\/42700"}],"wp:featuredmedia":[{"embeddable":true,"href":"https:\/\/hivetec.mk\/en\/wp-json\/wp\/v2\/media\/42699"}],"wp:attachment":[{"href":"https:\/\/hivetec.mk\/en\/wp-json\/wp\/v2\/media?parent=42698"}],"wp:term":[{"taxonomy":"product_brand","embeddable":true,"href":"https:\/\/hivetec.mk\/en\/wp-json\/wp\/v2\/product_brand?post=42698"},{"taxonomy":"product_cat","embeddable":true,"href":"https:\/\/hivetec.mk\/en\/wp-json\/wp\/v2\/product_cat?post=42698"},{"taxonomy":"product_tag","embeddable":true,"href":"https:\/\/hivetec.mk\/en\/wp-json\/wp\/v2\/product_tag?post=42698"}],"curies":[{"name":"wp","href":"https:\/\/api.w.org\/{rel}","templated":true}]}}