{"id":42695,"date":"2026-04-24T10:43:29","date_gmt":"2026-04-24T09:43:29","guid":{"rendered":"https:\/\/hivetec.mk\/?post_type=product&#038;p=42695"},"modified":"2026-04-24T12:38:03","modified_gmt":"2026-04-24T11:38:03","slug":"aio-lian-li-hydroshift-ii-lcd-s-360tl-3x120mm-fan-rgb-lcd-display-3-4-ips-black-ghs2lcds36tb","status":"publish","type":"product","link":"https:\/\/hivetec.mk\/en\/product\/aio-lian-li-hydroshift-ii-lcd-s-360tl-3x120mm-fan-rgb-lcd-display-3-4-ips-black-ghs2lcds36tb\/","title":{"rendered":"AIO LIAN LI HydroShift II LCD-S 360TL, 3x120mm FAN RGB, LCD Display 3.4&#8243; IPS, BLACK, GHS2LCDS36TB"},"content":{"rendered":"<p><\/p>\r\n<p class=\"wp-block-heading\">Model Name: HydroShift II LCD-S 360TL AiO Water Cooling, RGB, LCD Display &#8211; 360mm, black, GHS2LCDS36TB<br \/>360 mm RGB AiO CPU liquid cooler with 3.4&#8243; IPS LCD<br \/>3 \u00d7 UNI FAN TL wireless \u00b7 Integrated cable routing \u00b7 Intel LGA1700\/1851 &amp; AMD AM4\/AM5 support<br \/>Features<br \/>3.4&#8243; IPS display with 480 \u00d7 480 pixel resolution at 60 Hz for system stats, logos and animations<br \/>Clean design with cables integrated into the tubing for a clutter\u2011free look<br \/>Includes 3 \u00d7 120 mm UNI FAN TL wireless RGB fans<br \/>Multiple control modes: offline, wireless or via USB with L-Connect 3<br \/>L-Connect 3 controller for easy control of lighting effects and fan speed<br \/>360 mm radiator provides high-performance CPU cooling<br \/>Quiet pump operation up to 28 dB(A); fans up to 33 dB(A)<br \/>Specification<br \/>Product series: HydroShift II<br \/>Cooler type: AiO liquid CPU cooler<br \/>Radiator size: 360 mm<br \/>Radiator dimensions (L \u00d7 W \u00d7 H): 400 \u00d7 122 \u00d7 24 mm<br \/>Radiator height: 24 mm<br \/>Radiator height with fans: 52 mm<br \/>Tube length: 470 cm<br \/>Supported CPU sockets: Intel LGA1700, LGA1851; AMD AM4, AM5<br \/>Display: 3.4&#8243; IPS, 480 \u00d7 480 px, 60 Hz (included)<br \/>Display included: Yes<br \/>Fans included: 3 \u00d7 120 mm UNI FAN TL wireless RGB<br \/>Fan size: 120 mm<br \/>Max fan noise: 33 dB(A)<br \/>Max pump noise: 28 dB(A)<br \/>Fan connector: 4\u2011pin PWM<br \/>Pump connector: 4\u2011pin PWM (control)<br \/>RGB connector: 1 \u00d7 digital RGB 3\u2011pin (5 VDG)<br \/>Lighting: RGB<br \/>Lighting colour: RGB<br \/>Materials: Aluminium (radiator)<br \/>Primary colour: Black<\/p>\r\n<ul><\/ul>\r\n<p><!-- \/wp:post-content --><\/p>","protected":false},"excerpt":{"rendered":"<ul>\n<li><strong>\u041f\u0440\u043e\u0438\u0437\u0432\u043e\u0434\u0438\u0442\u0435\u043b: LIAN LI<\/strong><\/li>\n<li><strong>\u0413\u0430\u0440\u0430\u043d\u0446\u0438\u0458\u0430: 1080 \u0434\u0435\u043d\u0430<\/strong><\/li>\n<\/ul>","protected":false},"featured_media":42696,"comment_status":"open","ping_status":"closed","template":"","meta":{"content-type":""},"product_brand":[],"product_cat":[108,638],"product_tag":[],"class_list":{"0":"post-42695","1":"product","2":"type-product","3":"status-publish","4":"has-post-thumbnail","6":"product_cat-lianli","7":"product_cat-vodeno-ladenje","9":"first","10":"instock","11":"sale","12":"shipping-taxable","13":"purchasable","14":"product-type-simple"},"yoast_head":"<!-- This site is optimized with the Yoast SEO Premium plugin v21.7 (Yoast SEO v27.4) - https:\/\/yoast.com\/product\/yoast-seo-premium-wordpress\/ -->\n<title>AIO LIAN LI HydroShift II LCD-S 360TL, 3x120mm FAN RGB, LCD Display 3.4&quot; IPS, BLACK, GHS2LCDS36TB - Hivetec<\/title>\n<meta name=\"description\" content=\"3.4\u201d IPS LCD display (480\u00d7480, 500 nits, 60 Hz) delivering sharp visuals, smooth animations, and real-time system monitoring. Magnetic hot-swap. Black.\" \/>\n<meta name=\"robots\" content=\"index, follow, max-snippet:-1, max-image-preview:large, max-video-preview:-1\" \/>\n<link rel=\"canonical\" href=\"https:\/\/hivetec.mk\/en\/product\/aio-lian-li-hydroshift-ii-lcd-s-360tl-3x120mm-fan-rgb-lcd-display-3-4-ips-black-ghs2lcds36tb\/\" \/>\n<meta property=\"og:locale\" content=\"en_US\" \/>\n<meta property=\"og:type\" content=\"article\" \/>\n<meta property=\"og:title\" content=\"AIO LIAN LI HydroShift II LCD-S 360TL, 3x120mm FAN RGB, LCD Display 3.4&quot; IPS, BLACK, GHS2LCDS36TB\" \/>\n<meta property=\"og:description\" content=\"3.4\u201d IPS LCD display (480\u00d7480, 500 nits, 60 Hz) delivering sharp visuals, smooth animations, and real-time system monitoring. Magnetic hot-swap. Black.\" \/>\n<meta property=\"og:url\" content=\"https:\/\/hivetec.mk\/en\/product\/aio-lian-li-hydroshift-ii-lcd-s-360tl-3x120mm-fan-rgb-lcd-display-3-4-ips-black-ghs2lcds36tb\/\" \/>\n<meta property=\"og:site_name\" content=\"Hivetec\" \/>\n<meta property=\"article:publisher\" content=\"https:\/\/www.facebook.com\/hivetecmakedonija\" \/>\n<meta property=\"article:modified_time\" content=\"2026-04-24T11:38:03+00:00\" \/>\n<meta property=\"og:image\" content=\"https:\/\/hivetec.mk\/wp-content\/uploads\/2026\/04\/vodeno-ladenje-lian-li-hydroshift-black.jpg\" \/>\n\t<meta property=\"og:image:width\" content=\"1024\" \/>\n\t<meta property=\"og:image:height\" content=\"1024\" \/>\n\t<meta property=\"og:image:type\" content=\"image\/jpeg\" \/>\n<meta name=\"twitter:card\" content=\"summary_large_image\" \/>\n<meta name=\"twitter:label1\" content=\"Est. reading time\" \/>\n\t<meta name=\"twitter:data1\" content=\"2 minutes\" \/>\n<script type=\"application\/ld+json\" class=\"yoast-schema-graph\">{\"@context\":\"https:\\\/\\\/schema.org\",\"@graph\":[{\"@type\":\"WebPage\",\"@id\":\"https:\\\/\\\/hivetec.mk\\\/product\\\/aio-lian-li-hydroshift-ii-lcd-s-360tl-3x120mm-fan-rgb-lcd-display-3-4-ips-black-ghs2lcds36tb\\\/\",\"url\":\"https:\\\/\\\/hivetec.mk\\\/product\\\/aio-lian-li-hydroshift-ii-lcd-s-360tl-3x120mm-fan-rgb-lcd-display-3-4-ips-black-ghs2lcds36tb\\\/\",\"name\":\"AIO LIAN LI HydroShift II LCD-S 360TL, 3x120mm FAN RGB, LCD Display 3.4\\\" IPS, BLACK, GHS2LCDS36TB - Hivetec\",\"isPartOf\":{\"@id\":\"https:\\\/\\\/hivetec.mk\\\/#website\"},\"primaryImageOfPage\":{\"@id\":\"https:\\\/\\\/hivetec.mk\\\/product\\\/aio-lian-li-hydroshift-ii-lcd-s-360tl-3x120mm-fan-rgb-lcd-display-3-4-ips-black-ghs2lcds36tb\\\/#primaryimage\"},\"image\":{\"@id\":\"https:\\\/\\\/hivetec.mk\\\/product\\\/aio-lian-li-hydroshift-ii-lcd-s-360tl-3x120mm-fan-rgb-lcd-display-3-4-ips-black-ghs2lcds36tb\\\/#primaryimage\"},\"thumbnailUrl\":\"https:\\\/\\\/hivetec.mk\\\/wp-content\\\/uploads\\\/2026\\\/04\\\/vodeno-ladenje-lian-li-hydroshift-black.jpg\",\"datePublished\":\"2026-04-24T09:43:29+00:00\",\"dateModified\":\"2026-04-24T11:38:03+00:00\",\"description\":\"3.4\u201d IPS LCD display (480\u00d7480, 500 nits, 60 Hz) delivering sharp visuals, smooth animations, and real-time system monitoring. Magnetic hot-swap. Black.\",\"breadcrumb\":{\"@id\":\"https:\\\/\\\/hivetec.mk\\\/product\\\/aio-lian-li-hydroshift-ii-lcd-s-360tl-3x120mm-fan-rgb-lcd-display-3-4-ips-black-ghs2lcds36tb\\\/#breadcrumb\"},\"inLanguage\":\"en-US\",\"potentialAction\":[{\"@type\":\"ReadAction\",\"target\":[\"https:\\\/\\\/hivetec.mk\\\/product\\\/aio-lian-li-hydroshift-ii-lcd-s-360tl-3x120mm-fan-rgb-lcd-display-3-4-ips-black-ghs2lcds36tb\\\/\"]}]},{\"@type\":\"ImageObject\",\"inLanguage\":\"en-US\",\"@id\":\"https:\\\/\\\/hivetec.mk\\\/product\\\/aio-lian-li-hydroshift-ii-lcd-s-360tl-3x120mm-fan-rgb-lcd-display-3-4-ips-black-ghs2lcds36tb\\\/#primaryimage\",\"url\":\"https:\\\/\\\/hivetec.mk\\\/wp-content\\\/uploads\\\/2026\\\/04\\\/vodeno-ladenje-lian-li-hydroshift-black.jpg\",\"contentUrl\":\"https:\\\/\\\/hivetec.mk\\\/wp-content\\\/uploads\\\/2026\\\/04\\\/vodeno-ladenje-lian-li-hydroshift-black.jpg\",\"width\":1024,\"height\":1024,\"caption\":\"vodeno ladenje lian li hydroshift II lcd-s 360tl crno\"},{\"@type\":\"BreadcrumbList\",\"@id\":\"https:\\\/\\\/hivetec.mk\\\/product\\\/aio-lian-li-hydroshift-ii-lcd-s-360tl-3x120mm-fan-rgb-lcd-display-3-4-ips-black-ghs2lcds36tb\\\/#breadcrumb\",\"itemListElement\":[{\"@type\":\"ListItem\",\"position\":1,\"name\":\"Home\",\"item\":\"https:\\\/\\\/hivetec.mk\\\/\"},{\"@type\":\"ListItem\",\"position\":2,\"name\":\"Shop\",\"item\":\"https:\\\/\\\/hivetec.mk\\\/shop\\\/\"},{\"@type\":\"ListItem\",\"position\":3,\"name\":\"AIO LIAN LI HydroShift II LCD-S 360TL, 3x120mm FAN RGB, LCD Display 3.4&#8243; IPS, BLACK, GHS2LCDS36TB\"}]},{\"@type\":\"WebSite\",\"@id\":\"https:\\\/\\\/hivetec.mk\\\/#website\",\"url\":\"https:\\\/\\\/hivetec.mk\\\/\",\"name\":\"Hivetec\",\"description\":\"\u0412\u0435\u0431 \u0448\u043e\u043f \u0437\u0430 \u043f\u0440\u043e\u0434\u0430\u0436\u0431\u0430 \u043d\u0430 \u043a\u043e\u043c\u0458\u0443\u0442\u0435\u0440\u0441\u043a\u0438 \u0445\u0430\u0440\u0434\u0432\u0435\u0440, \u0430\u043a\u0441\u0435\u0441\u043e\u0430\u0440\u0438 \u0438 \u043a\u043e\u043c\u043f\u043e\u043d\u0435\u043d\u0442\u0438.\",\"potentialAction\":[{\"@type\":\"SearchAction\",\"target\":{\"@type\":\"EntryPoint\",\"urlTemplate\":\"https:\\\/\\\/hivetec.mk\\\/?s={search_term_string}\"},\"query-input\":{\"@type\":\"PropertyValueSpecification\",\"valueRequired\":true,\"valueName\":\"search_term_string\"}}],\"inLanguage\":\"en-US\"}]}<\/script>\n<!-- \/ Yoast SEO Premium plugin. -->","yoast_head_json":{"title":"AIO LIAN LI HydroShift II LCD-S 360TL, 3x120mm FAN RGB, LCD Display 3.4\" IPS, BLACK, GHS2LCDS36TB - Hivetec","description":"3.4\u201d IPS LCD display (480\u00d7480, 500 nits, 60 Hz) delivering sharp visuals, smooth animations, and real-time system monitoring. Magnetic hot-swap. Black.","robots":{"index":"index","follow":"follow","max-snippet":"max-snippet:-1","max-image-preview":"max-image-preview:large","max-video-preview":"max-video-preview:-1"},"canonical":"https:\/\/hivetec.mk\/en\/product\/aio-lian-li-hydroshift-ii-lcd-s-360tl-3x120mm-fan-rgb-lcd-display-3-4-ips-black-ghs2lcds36tb\/","og_locale":"en_US","og_type":"article","og_title":"AIO LIAN LI HydroShift II LCD-S 360TL, 3x120mm FAN RGB, LCD Display 3.4\" IPS, BLACK, GHS2LCDS36TB","og_description":"3.4\u201d IPS LCD display (480\u00d7480, 500 nits, 60 Hz) delivering sharp visuals, smooth animations, and real-time system monitoring. Magnetic hot-swap. Black.","og_url":"https:\/\/hivetec.mk\/en\/product\/aio-lian-li-hydroshift-ii-lcd-s-360tl-3x120mm-fan-rgb-lcd-display-3-4-ips-black-ghs2lcds36tb\/","og_site_name":"Hivetec","article_publisher":"https:\/\/www.facebook.com\/hivetecmakedonija","article_modified_time":"2026-04-24T11:38:03+00:00","og_image":[{"width":1024,"height":1024,"url":"https:\/\/hivetec.mk\/wp-content\/uploads\/2026\/04\/vodeno-ladenje-lian-li-hydroshift-black.jpg","type":"image\/jpeg"}],"twitter_card":"summary_large_image","twitter_misc":{"Est. reading time":"2 minutes"},"schema":{"@context":"https:\/\/schema.org","@graph":[{"@type":"WebPage","@id":"https:\/\/hivetec.mk\/product\/aio-lian-li-hydroshift-ii-lcd-s-360tl-3x120mm-fan-rgb-lcd-display-3-4-ips-black-ghs2lcds36tb\/","url":"https:\/\/hivetec.mk\/product\/aio-lian-li-hydroshift-ii-lcd-s-360tl-3x120mm-fan-rgb-lcd-display-3-4-ips-black-ghs2lcds36tb\/","name":"AIO LIAN LI HydroShift II LCD-S 360TL, 3x120mm FAN RGB, LCD Display 3.4\" IPS, BLACK, GHS2LCDS36TB - Hivetec","isPartOf":{"@id":"https:\/\/hivetec.mk\/#website"},"primaryImageOfPage":{"@id":"https:\/\/hivetec.mk\/product\/aio-lian-li-hydroshift-ii-lcd-s-360tl-3x120mm-fan-rgb-lcd-display-3-4-ips-black-ghs2lcds36tb\/#primaryimage"},"image":{"@id":"https:\/\/hivetec.mk\/product\/aio-lian-li-hydroshift-ii-lcd-s-360tl-3x120mm-fan-rgb-lcd-display-3-4-ips-black-ghs2lcds36tb\/#primaryimage"},"thumbnailUrl":"https:\/\/hivetec.mk\/wp-content\/uploads\/2026\/04\/vodeno-ladenje-lian-li-hydroshift-black.jpg","datePublished":"2026-04-24T09:43:29+00:00","dateModified":"2026-04-24T11:38:03+00:00","description":"3.4\u201d IPS LCD display (480\u00d7480, 500 nits, 60 Hz) delivering sharp visuals, smooth animations, and real-time system monitoring. Magnetic hot-swap. Black.","breadcrumb":{"@id":"https:\/\/hivetec.mk\/product\/aio-lian-li-hydroshift-ii-lcd-s-360tl-3x120mm-fan-rgb-lcd-display-3-4-ips-black-ghs2lcds36tb\/#breadcrumb"},"inLanguage":"en-US","potentialAction":[{"@type":"ReadAction","target":["https:\/\/hivetec.mk\/product\/aio-lian-li-hydroshift-ii-lcd-s-360tl-3x120mm-fan-rgb-lcd-display-3-4-ips-black-ghs2lcds36tb\/"]}]},{"@type":"ImageObject","inLanguage":"en-US","@id":"https:\/\/hivetec.mk\/product\/aio-lian-li-hydroshift-ii-lcd-s-360tl-3x120mm-fan-rgb-lcd-display-3-4-ips-black-ghs2lcds36tb\/#primaryimage","url":"https:\/\/hivetec.mk\/wp-content\/uploads\/2026\/04\/vodeno-ladenje-lian-li-hydroshift-black.jpg","contentUrl":"https:\/\/hivetec.mk\/wp-content\/uploads\/2026\/04\/vodeno-ladenje-lian-li-hydroshift-black.jpg","width":1024,"height":1024,"caption":"vodeno ladenje lian li hydroshift II lcd-s 360tl crno"},{"@type":"BreadcrumbList","@id":"https:\/\/hivetec.mk\/product\/aio-lian-li-hydroshift-ii-lcd-s-360tl-3x120mm-fan-rgb-lcd-display-3-4-ips-black-ghs2lcds36tb\/#breadcrumb","itemListElement":[{"@type":"ListItem","position":1,"name":"Home","item":"https:\/\/hivetec.mk\/"},{"@type":"ListItem","position":2,"name":"Shop","item":"https:\/\/hivetec.mk\/shop\/"},{"@type":"ListItem","position":3,"name":"AIO LIAN LI HydroShift II LCD-S 360TL, 3x120mm FAN RGB, LCD Display 3.4&#8243; IPS, BLACK, GHS2LCDS36TB"}]},{"@type":"WebSite","@id":"https:\/\/hivetec.mk\/#website","url":"https:\/\/hivetec.mk\/","name":"Hivetec","description":"\u0412\u0435\u0431 \u0448\u043e\u043f \u0437\u0430 \u043f\u0440\u043e\u0434\u0430\u0436\u0431\u0430 \u043d\u0430 \u043a\u043e\u043c\u0458\u0443\u0442\u0435\u0440\u0441\u043a\u0438 \u0445\u0430\u0440\u0434\u0432\u0435\u0440, \u0430\u043a\u0441\u0435\u0441\u043e\u0430\u0440\u0438 \u0438 \u043a\u043e\u043c\u043f\u043e\u043d\u0435\u043d\u0442\u0438.","potentialAction":[{"@type":"SearchAction","target":{"@type":"EntryPoint","urlTemplate":"https:\/\/hivetec.mk\/?s={search_term_string}"},"query-input":{"@type":"PropertyValueSpecification","valueRequired":true,"valueName":"search_term_string"}}],"inLanguage":"en-US"}]}},"_links":{"self":[{"href":"https:\/\/hivetec.mk\/en\/wp-json\/wp\/v2\/product\/42695","targetHints":{"allow":["GET"]}}],"collection":[{"href":"https:\/\/hivetec.mk\/en\/wp-json\/wp\/v2\/product"}],"about":[{"href":"https:\/\/hivetec.mk\/en\/wp-json\/wp\/v2\/types\/product"}],"replies":[{"embeddable":true,"href":"https:\/\/hivetec.mk\/en\/wp-json\/wp\/v2\/comments?post=42695"}],"version-history":[{"count":1,"href":"https:\/\/hivetec.mk\/en\/wp-json\/wp\/v2\/product\/42695\/revisions"}],"predecessor-version":[{"id":42697,"href":"https:\/\/hivetec.mk\/en\/wp-json\/wp\/v2\/product\/42695\/revisions\/42697"}],"wp:featuredmedia":[{"embeddable":true,"href":"https:\/\/hivetec.mk\/en\/wp-json\/wp\/v2\/media\/42696"}],"wp:attachment":[{"href":"https:\/\/hivetec.mk\/en\/wp-json\/wp\/v2\/media?parent=42695"}],"wp:term":[{"taxonomy":"product_brand","embeddable":true,"href":"https:\/\/hivetec.mk\/en\/wp-json\/wp\/v2\/product_brand?post=42695"},{"taxonomy":"product_cat","embeddable":true,"href":"https:\/\/hivetec.mk\/en\/wp-json\/wp\/v2\/product_cat?post=42695"},{"taxonomy":"product_tag","embeddable":true,"href":"https:\/\/hivetec.mk\/en\/wp-json\/wp\/v2\/product_tag?post=42695"}],"curies":[{"name":"wp","href":"https:\/\/api.w.org\/{rel}","templated":true}]}}