{"id":42688,"date":"2026-04-24T10:35:17","date_gmt":"2026-04-24T09:35:17","guid":{"rendered":"https:\/\/hivetec.mk\/?post_type=product&#038;p=42688"},"modified":"2026-04-24T10:38:13","modified_gmt":"2026-04-24T09:38:13","slug":"aio-lian-li-galahad-ii-lite-rgb-360-daisy-chainable-3x120mm-pwm-fan-black-ga2l36rb","status":"publish","type":"product","link":"https:\/\/hivetec.mk\/en\/product\/aio-lian-li-galahad-ii-lite-rgb-360-daisy-chainable-3x120mm-pwm-fan-black-ga2l36rb\/","title":{"rendered":"AIO LIAN LI GALAHAD II LITE RGB 360, Daisy-Chainable 3x120mm PWM FAN, Black, GA2L36RB"},"content":{"rendered":"<p><\/p>\r\n<p class=\"wp-block-heading\">Model Name: Lian Li GA II Lite RGB AiO Water Cooling &#8211; 360mm, black, GA2L36RB<br \/>360 mm RGB AiO CPU liquid cooler<br \/>Infinity mirror pump \u00b7 3\u00d7 ARGB fans \u00b7 Intel LGA1700\/1851 &amp; AMD AM4\/AM5 support<br \/>Features<br \/>360 mm radiator for extreme CPU cooling performance<br \/>Infinity mirror pump with rotatable logo and 16 ARGB LEDs<br \/>3 \u00d7 120 mm ARGB fans with daisy-chain design for cleaner cabling<br \/>Fans up to 2,500 rpm with high airflow (134.2 m\u00b3\/h) and low noise<br \/>ARGB lighting controllable via motherboard (sync with Aura, RGB Fusion, etc.)<br \/>Compatible with Intel LGA1700 \/ LGA1851 and AMD AM4 \/ AM5 sockets<br \/>Black radiator and housing with transparent fan rotors for vivid lighting<br \/>Specification<br \/>Cooler type: AiO liquid CPU cooler<br \/>Radiator size: 360 mm<br \/>Radiator dimensions (L \u00d7 W \u00d7 H): 397 \u00d7 120 \u00d7 27 mm<br \/>Radiator height with fans: 55 mm<br \/>Tube length: 400 cm<br \/>Supported CPU sockets: Intel LGA1700, LGA1851; AMD AM4, AM5<br \/>Fans included: 3 \u00d7 120 mm ARGB fans<br \/>Max fan speed: 2,500 rpm<br \/>Max airflow (per fan): 134.2 m\u00b3\/h<br \/>Max noise (per fan): 29.8 dB(A)<br \/>Pump lighting: Infinity mirror, 16 ARGB LEDs<br \/>Lighting: ARGB, motherboard-sync compatible (Aura, RGB Fusion, etc.)<br \/>Primary colour: Black<br \/>Fan frame colour: Black<br \/>Fan rotor colour: Transparent<br \/>Radiator colour (cage\/fins): Black \/ Black<br \/>Materials: Aluminium (radiator), copper (coldplate)<\/p>\r\n<ul><\/ul>\r\n<p><!-- \/wp:post-content --><\/p>","protected":false},"excerpt":{"rendered":"<ul>\n<li><strong>\u041f\u0440\u043e\u0438\u0437\u0432\u043e\u0434\u0438\u0442\u0435\u043b: LIAN LI<\/strong><\/li>\n<li><strong>\u0413\u0430\u0440\u0430\u043d\u0446\u0438\u0458\u0430: 1080 \u0434\u0435\u043d\u0430<\/strong><\/li>\n<\/ul>","protected":false},"featured_media":42689,"comment_status":"open","ping_status":"closed","template":"","meta":{"content-type":""},"product_brand":[],"product_cat":[108,638],"product_tag":[],"class_list":{"0":"post-42688","1":"product","2":"type-product","3":"status-publish","4":"has-post-thumbnail","6":"product_cat-lianli","7":"product_cat-vodeno-ladenje","9":"first","10":"instock","11":"sale","12":"shipping-taxable","13":"purchasable","14":"product-type-simple"},"yoast_head":"<!-- This site is optimized with the Yoast SEO Premium plugin v21.7 (Yoast SEO v27.4) - https:\/\/yoast.com\/product\/yoast-seo-premium-wordpress\/ -->\n<title>AIO LIAN LI GALAHAD II LITE RGB 360, Daisy-Chainable 3x120mm PWM FAN, Black, GA2L36RB - Hivetec<\/title>\n<meta name=\"description\" content=\"RGB Version: Vibrant ARGB fans with daisy-chain capability, delivering high airflow and speeds up to 2500 RPM with durable hydraulic bearings. GA2L36RB.\" \/>\n<meta name=\"robots\" content=\"index, follow, max-snippet:-1, max-image-preview:large, max-video-preview:-1\" \/>\n<link rel=\"canonical\" href=\"https:\/\/hivetec.mk\/en\/product\/aio-lian-li-galahad-ii-lite-rgb-360-daisy-chainable-3x120mm-pwm-fan-black-ga2l36rb\/\" \/>\n<meta property=\"og:locale\" content=\"en_US\" \/>\n<meta property=\"og:type\" content=\"article\" \/>\n<meta property=\"og:title\" content=\"AIO LIAN LI GALAHAD II LITE RGB 360, Daisy-Chainable 3x120mm PWM FAN, Black, GA2L36RB\" \/>\n<meta property=\"og:description\" content=\"RGB Version: Vibrant ARGB fans with daisy-chain capability, delivering high airflow and speeds up to 2500 RPM with durable hydraulic bearings. GA2L36RB.\" \/>\n<meta property=\"og:url\" content=\"https:\/\/hivetec.mk\/en\/product\/aio-lian-li-galahad-ii-lite-rgb-360-daisy-chainable-3x120mm-pwm-fan-black-ga2l36rb\/\" \/>\n<meta property=\"og:site_name\" content=\"Hivetec\" \/>\n<meta property=\"article:publisher\" content=\"https:\/\/www.facebook.com\/hivetecmakedonija\" \/>\n<meta property=\"article:modified_time\" content=\"2026-04-24T09:38:13+00:00\" \/>\n<meta property=\"og:image\" content=\"https:\/\/hivetec.mk\/wp-content\/uploads\/2026\/04\/vodeno-ladenje-lian-li-galahad-ii-lite-rgb.jpg\" \/>\n\t<meta property=\"og:image:width\" content=\"1024\" \/>\n\t<meta property=\"og:image:height\" content=\"1024\" \/>\n\t<meta property=\"og:image:type\" content=\"image\/jpeg\" \/>\n<meta name=\"twitter:card\" content=\"summary_large_image\" \/>\n<meta name=\"twitter:label1\" content=\"Est. reading time\" \/>\n\t<meta name=\"twitter:data1\" content=\"2 minutes\" \/>\n<script type=\"application\/ld+json\" class=\"yoast-schema-graph\">{\"@context\":\"https:\\\/\\\/schema.org\",\"@graph\":[{\"@type\":\"WebPage\",\"@id\":\"https:\\\/\\\/hivetec.mk\\\/product\\\/aio-lian-li-galahad-ii-lite-rgb-360-daisy-chainable-3x120mm-pwm-fan-black-ga2l36rb\\\/\",\"url\":\"https:\\\/\\\/hivetec.mk\\\/product\\\/aio-lian-li-galahad-ii-lite-rgb-360-daisy-chainable-3x120mm-pwm-fan-black-ga2l36rb\\\/\",\"name\":\"AIO LIAN LI GALAHAD II LITE RGB 360, Daisy-Chainable 3x120mm PWM FAN, Black, GA2L36RB - Hivetec\",\"isPartOf\":{\"@id\":\"https:\\\/\\\/hivetec.mk\\\/#website\"},\"primaryImageOfPage\":{\"@id\":\"https:\\\/\\\/hivetec.mk\\\/product\\\/aio-lian-li-galahad-ii-lite-rgb-360-daisy-chainable-3x120mm-pwm-fan-black-ga2l36rb\\\/#primaryimage\"},\"image\":{\"@id\":\"https:\\\/\\\/hivetec.mk\\\/product\\\/aio-lian-li-galahad-ii-lite-rgb-360-daisy-chainable-3x120mm-pwm-fan-black-ga2l36rb\\\/#primaryimage\"},\"thumbnailUrl\":\"https:\\\/\\\/hivetec.mk\\\/wp-content\\\/uploads\\\/2026\\\/04\\\/vodeno-ladenje-lian-li-galahad-ii-lite-rgb.jpg\",\"datePublished\":\"2026-04-24T09:35:17+00:00\",\"dateModified\":\"2026-04-24T09:38:13+00:00\",\"description\":\"RGB Version: Vibrant ARGB fans with daisy-chain capability, delivering high airflow and speeds up to 2500 RPM with durable hydraulic bearings. GA2L36RB.\",\"breadcrumb\":{\"@id\":\"https:\\\/\\\/hivetec.mk\\\/product\\\/aio-lian-li-galahad-ii-lite-rgb-360-daisy-chainable-3x120mm-pwm-fan-black-ga2l36rb\\\/#breadcrumb\"},\"inLanguage\":\"en-US\",\"potentialAction\":[{\"@type\":\"ReadAction\",\"target\":[\"https:\\\/\\\/hivetec.mk\\\/product\\\/aio-lian-li-galahad-ii-lite-rgb-360-daisy-chainable-3x120mm-pwm-fan-black-ga2l36rb\\\/\"]}]},{\"@type\":\"ImageObject\",\"inLanguage\":\"en-US\",\"@id\":\"https:\\\/\\\/hivetec.mk\\\/product\\\/aio-lian-li-galahad-ii-lite-rgb-360-daisy-chainable-3x120mm-pwm-fan-black-ga2l36rb\\\/#primaryimage\",\"url\":\"https:\\\/\\\/hivetec.mk\\\/wp-content\\\/uploads\\\/2026\\\/04\\\/vodeno-ladenje-lian-li-galahad-ii-lite-rgb.jpg\",\"contentUrl\":\"https:\\\/\\\/hivetec.mk\\\/wp-content\\\/uploads\\\/2026\\\/04\\\/vodeno-ladenje-lian-li-galahad-ii-lite-rgb.jpg\",\"width\":1024,\"height\":1024,\"caption\":\"vodeno ladenje lian li galahad ii lite rgb\"},{\"@type\":\"BreadcrumbList\",\"@id\":\"https:\\\/\\\/hivetec.mk\\\/product\\\/aio-lian-li-galahad-ii-lite-rgb-360-daisy-chainable-3x120mm-pwm-fan-black-ga2l36rb\\\/#breadcrumb\",\"itemListElement\":[{\"@type\":\"ListItem\",\"position\":1,\"name\":\"Home\",\"item\":\"https:\\\/\\\/hivetec.mk\\\/\"},{\"@type\":\"ListItem\",\"position\":2,\"name\":\"Shop\",\"item\":\"https:\\\/\\\/hivetec.mk\\\/shop\\\/\"},{\"@type\":\"ListItem\",\"position\":3,\"name\":\"AIO LIAN LI GALAHAD II LITE RGB 360, Daisy-Chainable 3x120mm PWM FAN, Black, GA2L36RB\"}]},{\"@type\":\"WebSite\",\"@id\":\"https:\\\/\\\/hivetec.mk\\\/#website\",\"url\":\"https:\\\/\\\/hivetec.mk\\\/\",\"name\":\"Hivetec\",\"description\":\"\u0412\u0435\u0431 \u0448\u043e\u043f \u0437\u0430 \u043f\u0440\u043e\u0434\u0430\u0436\u0431\u0430 \u043d\u0430 \u043a\u043e\u043c\u0458\u0443\u0442\u0435\u0440\u0441\u043a\u0438 \u0445\u0430\u0440\u0434\u0432\u0435\u0440, \u0430\u043a\u0441\u0435\u0441\u043e\u0430\u0440\u0438 \u0438 \u043a\u043e\u043c\u043f\u043e\u043d\u0435\u043d\u0442\u0438.\",\"potentialAction\":[{\"@type\":\"SearchAction\",\"target\":{\"@type\":\"EntryPoint\",\"urlTemplate\":\"https:\\\/\\\/hivetec.mk\\\/?s={search_term_string}\"},\"query-input\":{\"@type\":\"PropertyValueSpecification\",\"valueRequired\":true,\"valueName\":\"search_term_string\"}}],\"inLanguage\":\"en-US\"}]}<\/script>\n<!-- \/ Yoast SEO Premium plugin. -->","yoast_head_json":{"title":"AIO LIAN LI GALAHAD II LITE RGB 360, Daisy-Chainable 3x120mm PWM FAN, Black, GA2L36RB - Hivetec","description":"RGB Version: Vibrant ARGB fans with daisy-chain capability, delivering high airflow and speeds up to 2500 RPM with durable hydraulic bearings. GA2L36RB.","robots":{"index":"index","follow":"follow","max-snippet":"max-snippet:-1","max-image-preview":"max-image-preview:large","max-video-preview":"max-video-preview:-1"},"canonical":"https:\/\/hivetec.mk\/en\/product\/aio-lian-li-galahad-ii-lite-rgb-360-daisy-chainable-3x120mm-pwm-fan-black-ga2l36rb\/","og_locale":"en_US","og_type":"article","og_title":"AIO LIAN LI GALAHAD II LITE RGB 360, Daisy-Chainable 3x120mm PWM FAN, Black, GA2L36RB","og_description":"RGB Version: Vibrant ARGB fans with daisy-chain capability, delivering high airflow and speeds up to 2500 RPM with durable hydraulic bearings. GA2L36RB.","og_url":"https:\/\/hivetec.mk\/en\/product\/aio-lian-li-galahad-ii-lite-rgb-360-daisy-chainable-3x120mm-pwm-fan-black-ga2l36rb\/","og_site_name":"Hivetec","article_publisher":"https:\/\/www.facebook.com\/hivetecmakedonija","article_modified_time":"2026-04-24T09:38:13+00:00","og_image":[{"width":1024,"height":1024,"url":"https:\/\/hivetec.mk\/wp-content\/uploads\/2026\/04\/vodeno-ladenje-lian-li-galahad-ii-lite-rgb.jpg","type":"image\/jpeg"}],"twitter_card":"summary_large_image","twitter_misc":{"Est. reading time":"2 minutes"},"schema":{"@context":"https:\/\/schema.org","@graph":[{"@type":"WebPage","@id":"https:\/\/hivetec.mk\/product\/aio-lian-li-galahad-ii-lite-rgb-360-daisy-chainable-3x120mm-pwm-fan-black-ga2l36rb\/","url":"https:\/\/hivetec.mk\/product\/aio-lian-li-galahad-ii-lite-rgb-360-daisy-chainable-3x120mm-pwm-fan-black-ga2l36rb\/","name":"AIO LIAN LI GALAHAD II LITE RGB 360, Daisy-Chainable 3x120mm PWM FAN, Black, GA2L36RB - Hivetec","isPartOf":{"@id":"https:\/\/hivetec.mk\/#website"},"primaryImageOfPage":{"@id":"https:\/\/hivetec.mk\/product\/aio-lian-li-galahad-ii-lite-rgb-360-daisy-chainable-3x120mm-pwm-fan-black-ga2l36rb\/#primaryimage"},"image":{"@id":"https:\/\/hivetec.mk\/product\/aio-lian-li-galahad-ii-lite-rgb-360-daisy-chainable-3x120mm-pwm-fan-black-ga2l36rb\/#primaryimage"},"thumbnailUrl":"https:\/\/hivetec.mk\/wp-content\/uploads\/2026\/04\/vodeno-ladenje-lian-li-galahad-ii-lite-rgb.jpg","datePublished":"2026-04-24T09:35:17+00:00","dateModified":"2026-04-24T09:38:13+00:00","description":"RGB Version: Vibrant ARGB fans with daisy-chain capability, delivering high airflow and speeds up to 2500 RPM with durable hydraulic bearings. GA2L36RB.","breadcrumb":{"@id":"https:\/\/hivetec.mk\/product\/aio-lian-li-galahad-ii-lite-rgb-360-daisy-chainable-3x120mm-pwm-fan-black-ga2l36rb\/#breadcrumb"},"inLanguage":"en-US","potentialAction":[{"@type":"ReadAction","target":["https:\/\/hivetec.mk\/product\/aio-lian-li-galahad-ii-lite-rgb-360-daisy-chainable-3x120mm-pwm-fan-black-ga2l36rb\/"]}]},{"@type":"ImageObject","inLanguage":"en-US","@id":"https:\/\/hivetec.mk\/product\/aio-lian-li-galahad-ii-lite-rgb-360-daisy-chainable-3x120mm-pwm-fan-black-ga2l36rb\/#primaryimage","url":"https:\/\/hivetec.mk\/wp-content\/uploads\/2026\/04\/vodeno-ladenje-lian-li-galahad-ii-lite-rgb.jpg","contentUrl":"https:\/\/hivetec.mk\/wp-content\/uploads\/2026\/04\/vodeno-ladenje-lian-li-galahad-ii-lite-rgb.jpg","width":1024,"height":1024,"caption":"vodeno ladenje lian li galahad ii lite rgb"},{"@type":"BreadcrumbList","@id":"https:\/\/hivetec.mk\/product\/aio-lian-li-galahad-ii-lite-rgb-360-daisy-chainable-3x120mm-pwm-fan-black-ga2l36rb\/#breadcrumb","itemListElement":[{"@type":"ListItem","position":1,"name":"Home","item":"https:\/\/hivetec.mk\/"},{"@type":"ListItem","position":2,"name":"Shop","item":"https:\/\/hivetec.mk\/shop\/"},{"@type":"ListItem","position":3,"name":"AIO LIAN LI GALAHAD II LITE RGB 360, Daisy-Chainable 3x120mm PWM FAN, Black, GA2L36RB"}]},{"@type":"WebSite","@id":"https:\/\/hivetec.mk\/#website","url":"https:\/\/hivetec.mk\/","name":"Hivetec","description":"\u0412\u0435\u0431 \u0448\u043e\u043f \u0437\u0430 \u043f\u0440\u043e\u0434\u0430\u0436\u0431\u0430 \u043d\u0430 \u043a\u043e\u043c\u0458\u0443\u0442\u0435\u0440\u0441\u043a\u0438 \u0445\u0430\u0440\u0434\u0432\u0435\u0440, \u0430\u043a\u0441\u0435\u0441\u043e\u0430\u0440\u0438 \u0438 \u043a\u043e\u043c\u043f\u043e\u043d\u0435\u043d\u0442\u0438.","potentialAction":[{"@type":"SearchAction","target":{"@type":"EntryPoint","urlTemplate":"https:\/\/hivetec.mk\/?s={search_term_string}"},"query-input":{"@type":"PropertyValueSpecification","valueRequired":true,"valueName":"search_term_string"}}],"inLanguage":"en-US"}]}},"_links":{"self":[{"href":"https:\/\/hivetec.mk\/en\/wp-json\/wp\/v2\/product\/42688","targetHints":{"allow":["GET"]}}],"collection":[{"href":"https:\/\/hivetec.mk\/en\/wp-json\/wp\/v2\/product"}],"about":[{"href":"https:\/\/hivetec.mk\/en\/wp-json\/wp\/v2\/types\/product"}],"replies":[{"embeddable":true,"href":"https:\/\/hivetec.mk\/en\/wp-json\/wp\/v2\/comments?post=42688"}],"version-history":[{"count":1,"href":"https:\/\/hivetec.mk\/en\/wp-json\/wp\/v2\/product\/42688\/revisions"}],"predecessor-version":[{"id":42691,"href":"https:\/\/hivetec.mk\/en\/wp-json\/wp\/v2\/product\/42688\/revisions\/42691"}],"wp:featuredmedia":[{"embeddable":true,"href":"https:\/\/hivetec.mk\/en\/wp-json\/wp\/v2\/media\/42689"}],"wp:attachment":[{"href":"https:\/\/hivetec.mk\/en\/wp-json\/wp\/v2\/media?parent=42688"}],"wp:term":[{"taxonomy":"product_brand","embeddable":true,"href":"https:\/\/hivetec.mk\/en\/wp-json\/wp\/v2\/product_brand?post=42688"},{"taxonomy":"product_cat","embeddable":true,"href":"https:\/\/hivetec.mk\/en\/wp-json\/wp\/v2\/product_cat?post=42688"},{"taxonomy":"product_tag","embeddable":true,"href":"https:\/\/hivetec.mk\/en\/wp-json\/wp\/v2\/product_tag?post=42688"}],"curies":[{"name":"wp","href":"https:\/\/api.w.org\/{rel}","templated":true}]}}