{"id":41152,"date":"2026-02-10T15:14:34","date_gmt":"2026-02-10T14:14:34","guid":{"rendered":"https:\/\/hivetec.mk\/?post_type=product&#038;p=41152"},"modified":"2026-04-03T17:36:28","modified_gmt":"2026-04-03T16:36:28","slug":"cooler-liquid-deepcool-lq360-ultra-wh-halo-argb-w-lcd-display-all-intel-amd-white","status":"publish","type":"product","link":"https:\/\/hivetec.mk\/en\/product\/cooler-liquid-deepcool-lq360-ultra-wh-halo-argb-w-lcd-display-all-intel-amd-white\/","title":{"rendered":"Cooler Liquid Deepcool LQ360 ULTRA WH Halo ARGB w\/LCD Display , All Intel\/AMD White"},"content":{"rendered":"<p>The LQ360 ULTRA ARGB WH brings meaningful upgrades in cooling efficiency and visual polish with a 6th-gen pump and FL12 fans, while retaining the familiar LQ design with its ARGB halo magnetic pump block and segmented LCD screen.<\/p>\n<p>CPU Usage + Multi Color Circular Status Panel<br \/>\nCPU Frequency GHz<br \/>\nCPU TDP Wattage<br \/>\nCPU Temperature Status with Color Indicator in \u2103\/\u2109<\/p>\n<p>Application For<br \/>\nIntel: LGA1851\/1700\/1200\/115X<br \/>\nAMD: AM5\/AM4<\/p>\n<p>Technical Spec<br \/>\nNet Weight: 1900 g<br \/>\nRadiator Dimensions: 402\u00d7120\u00d727 mm(L\u00d7W\u00d7H)<br \/>\nRadiator Material: Aluminum<br \/>\nTube length: 410 mm<br \/>\nPump Dimensions: 89\u00d776\u00d764 mm(L\u00d7W\u00d7H)<br \/>\nPump Speed: 2500~3400 RPM\u00b110%<br \/>\nPump Connector: 4-pin PWM<br \/>\nPump Rated Voltage: 12 VDC<br \/>\nPump Rated Current: 0.29 A<br \/>\nPump Power Consumption: 3.48 W<br \/>\nFan Dimensions: 120\u00d7120\u00d725 mm(L\u00d7W\u00d7H)<br \/>\nFan Speed: 500~2150 RPM\u00b110%<br \/>\nFan Airflow: 55 CFM<br \/>\nFan Air Pressure: 2.82 mmAq<br \/>\nFan Noise: \u226432 dB(A)<br \/>\nFan Connector: 4-pin PWM<br \/>\nBearing Type: Fluid Dynamic Bearing<br \/>\nFan Rated Voltage: 12 VDC<br \/>\nFan Rated Current: 0.15 A<br \/>\nFan Power Consumption: 1.8 W<br \/>\nLED Type: Addressable RGB LED<br \/>\nLED Connector: 3-pin(+5V-D-G)<br \/>\nLED Rated Voltage: 5 VDC<br \/>\nLED Power Consumption: 2.4 W\uff08PUMP\uff09\/ 8.25 W\uff08FAN\u00d73\uff09<br \/>\nDisplay Type: LED Digital Display<br \/>\nDisplay Module Rated Current: 0.08 A\u00b110%<br \/>\nDisplay Module Rated Voltage: 5 VDC<br \/>\nDisplay Module Power Consumption: 0.4 W<br \/>\nDisplay Area: 53.9\u00d749.15 mm<\/p>","protected":false},"excerpt":{"rendered":"<ul>\n<li><strong>\u041f\u0440\u043e\u0438\u0437\u0432\u043e\u0434\u0438\u0442\u0435\u043b: Deepcool<\/strong><\/li>\n<li><strong>\u0413\u0430\u0440\u0430\u043d\u0446\u0438\u0458\u0430: 1080 \u0434\u0435\u043d\u0430<\/strong><\/li>\n<\/ul>","protected":false},"featured_media":41153,"comment_status":"open","ping_status":"closed","template":"","meta":{"content-type":""},"product_brand":[],"product_cat":[638],"product_tag":[],"class_list":{"0":"post-41152","1":"product","2":"type-product","3":"status-publish","4":"has-post-thumbnail","6":"product_cat-vodeno-ladenje","8":"first","9":"instock","10":"sale","11":"shipping-taxable","12":"purchasable","13":"product-type-simple"},"yoast_head":"<!-- This site is optimized with the Yoast SEO Premium plugin v21.7 (Yoast SEO v27.4) - https:\/\/yoast.com\/product\/yoast-seo-premium-wordpress\/ -->\n<title>Cooler Liquid Deepcool LQ360 ULTRA WH Halo ARGB w\/LCD Display , All Intel\/AMD White - Hivetec<\/title>\n<meta name=\"description\" content=\"LQ360 also features an ARGB Halo on the magnetic pump head cover and triple FD12 ARGB fans, adding vibrant and customizable lighting elements. White.\" \/>\n<meta name=\"robots\" content=\"index, follow, max-snippet:-1, max-image-preview:large, max-video-preview:-1\" \/>\n<link rel=\"canonical\" href=\"https:\/\/hivetec.mk\/en\/product\/cooler-liquid-deepcool-lq360-ultra-wh-halo-argb-w-lcd-display-all-intel-amd-white\/\" \/>\n<meta property=\"og:locale\" content=\"en_US\" \/>\n<meta property=\"og:type\" content=\"article\" \/>\n<meta property=\"og:title\" content=\"Cooler Liquid Deepcool LQ360 ULTRA WH Halo ARGB w\/LCD Display , All Intel\/AMD White\" \/>\n<meta property=\"og:description\" content=\"LQ360 also features an ARGB Halo on the magnetic pump head cover and triple FD12 ARGB fans, adding vibrant and customizable lighting elements. White.\" \/>\n<meta property=\"og:url\" content=\"https:\/\/hivetec.mk\/en\/product\/cooler-liquid-deepcool-lq360-ultra-wh-halo-argb-w-lcd-display-all-intel-amd-white\/\" \/>\n<meta property=\"og:site_name\" content=\"Hivetec\" \/>\n<meta property=\"article:publisher\" content=\"https:\/\/www.facebook.com\/hivetecmakedonija\" \/>\n<meta property=\"article:modified_time\" content=\"2026-04-03T16:36:28+00:00\" \/>\n<meta property=\"og:image\" content=\"https:\/\/hivetec.mk\/wp-content\/uploads\/2026\/02\/lq360whiteultra.jpg\" \/>\n\t<meta property=\"og:image:width\" content=\"1024\" \/>\n\t<meta property=\"og:image:height\" content=\"1024\" \/>\n\t<meta property=\"og:image:type\" content=\"image\/jpeg\" \/>\n<meta name=\"twitter:card\" content=\"summary_large_image\" \/>\n<meta name=\"twitter:label1\" content=\"Est. reading time\" \/>\n\t<meta name=\"twitter:data1\" content=\"2 minutes\" \/>\n<script type=\"application\/ld+json\" class=\"yoast-schema-graph\">{\"@context\":\"https:\\\/\\\/schema.org\",\"@graph\":[{\"@type\":\"WebPage\",\"@id\":\"https:\\\/\\\/hivetec.mk\\\/product\\\/cooler-liquid-deepcool-lq360-ultra-wh-halo-argb-w-lcd-display-all-intel-amd-white\\\/\",\"url\":\"https:\\\/\\\/hivetec.mk\\\/product\\\/cooler-liquid-deepcool-lq360-ultra-wh-halo-argb-w-lcd-display-all-intel-amd-white\\\/\",\"name\":\"Cooler Liquid Deepcool LQ360 ULTRA WH Halo ARGB w\\\/LCD Display , All Intel\\\/AMD White - Hivetec\",\"isPartOf\":{\"@id\":\"https:\\\/\\\/hivetec.mk\\\/#website\"},\"primaryImageOfPage\":{\"@id\":\"https:\\\/\\\/hivetec.mk\\\/product\\\/cooler-liquid-deepcool-lq360-ultra-wh-halo-argb-w-lcd-display-all-intel-amd-white\\\/#primaryimage\"},\"image\":{\"@id\":\"https:\\\/\\\/hivetec.mk\\\/product\\\/cooler-liquid-deepcool-lq360-ultra-wh-halo-argb-w-lcd-display-all-intel-amd-white\\\/#primaryimage\"},\"thumbnailUrl\":\"https:\\\/\\\/hivetec.mk\\\/wp-content\\\/uploads\\\/2026\\\/02\\\/lq360whiteultra.jpg\",\"datePublished\":\"2026-02-10T14:14:34+00:00\",\"dateModified\":\"2026-04-03T16:36:28+00:00\",\"description\":\"LQ360 also features an ARGB Halo on the magnetic pump head cover and triple FD12 ARGB fans, adding vibrant and customizable lighting elements. White.\",\"breadcrumb\":{\"@id\":\"https:\\\/\\\/hivetec.mk\\\/product\\\/cooler-liquid-deepcool-lq360-ultra-wh-halo-argb-w-lcd-display-all-intel-amd-white\\\/#breadcrumb\"},\"inLanguage\":\"en-US\",\"potentialAction\":[{\"@type\":\"ReadAction\",\"target\":[\"https:\\\/\\\/hivetec.mk\\\/product\\\/cooler-liquid-deepcool-lq360-ultra-wh-halo-argb-w-lcd-display-all-intel-amd-white\\\/\"]}]},{\"@type\":\"ImageObject\",\"inLanguage\":\"en-US\",\"@id\":\"https:\\\/\\\/hivetec.mk\\\/product\\\/cooler-liquid-deepcool-lq360-ultra-wh-halo-argb-w-lcd-display-all-intel-amd-white\\\/#primaryimage\",\"url\":\"https:\\\/\\\/hivetec.mk\\\/wp-content\\\/uploads\\\/2026\\\/02\\\/lq360whiteultra.jpg\",\"contentUrl\":\"https:\\\/\\\/hivetec.mk\\\/wp-content\\\/uploads\\\/2026\\\/02\\\/lq360whiteultra.jpg\",\"width\":1024,\"height\":1024,\"caption\":\"vodeno ladenje deepcool lq360 ultra belo\"},{\"@type\":\"BreadcrumbList\",\"@id\":\"https:\\\/\\\/hivetec.mk\\\/product\\\/cooler-liquid-deepcool-lq360-ultra-wh-halo-argb-w-lcd-display-all-intel-amd-white\\\/#breadcrumb\",\"itemListElement\":[{\"@type\":\"ListItem\",\"position\":1,\"name\":\"Home\",\"item\":\"https:\\\/\\\/hivetec.mk\\\/\"},{\"@type\":\"ListItem\",\"position\":2,\"name\":\"Shop\",\"item\":\"https:\\\/\\\/hivetec.mk\\\/shop\\\/\"},{\"@type\":\"ListItem\",\"position\":3,\"name\":\"Cooler Liquid Deepcool LQ360 ULTRA WH Halo ARGB w\\\/LCD Display , All Intel\\\/AMD White\"}]},{\"@type\":\"WebSite\",\"@id\":\"https:\\\/\\\/hivetec.mk\\\/#website\",\"url\":\"https:\\\/\\\/hivetec.mk\\\/\",\"name\":\"Hivetec\",\"description\":\"\u0412\u0435\u0431 \u0448\u043e\u043f \u0437\u0430 \u043f\u0440\u043e\u0434\u0430\u0436\u0431\u0430 \u043d\u0430 \u043a\u043e\u043c\u0458\u0443\u0442\u0435\u0440\u0441\u043a\u0438 \u0445\u0430\u0440\u0434\u0432\u0435\u0440, \u0430\u043a\u0441\u0435\u0441\u043e\u0430\u0440\u0438 \u0438 \u043a\u043e\u043c\u043f\u043e\u043d\u0435\u043d\u0442\u0438.\",\"potentialAction\":[{\"@type\":\"SearchAction\",\"target\":{\"@type\":\"EntryPoint\",\"urlTemplate\":\"https:\\\/\\\/hivetec.mk\\\/?s={search_term_string}\"},\"query-input\":{\"@type\":\"PropertyValueSpecification\",\"valueRequired\":true,\"valueName\":\"search_term_string\"}}],\"inLanguage\":\"en-US\"}]}<\/script>\n<!-- \/ Yoast SEO Premium plugin. -->","yoast_head_json":{"title":"Cooler Liquid Deepcool LQ360 ULTRA WH Halo ARGB w\/LCD Display , All Intel\/AMD White - Hivetec","description":"LQ360 also features an ARGB Halo on the magnetic pump head cover and triple FD12 ARGB fans, adding vibrant and customizable lighting elements. White.","robots":{"index":"index","follow":"follow","max-snippet":"max-snippet:-1","max-image-preview":"max-image-preview:large","max-video-preview":"max-video-preview:-1"},"canonical":"https:\/\/hivetec.mk\/en\/product\/cooler-liquid-deepcool-lq360-ultra-wh-halo-argb-w-lcd-display-all-intel-amd-white\/","og_locale":"en_US","og_type":"article","og_title":"Cooler Liquid Deepcool LQ360 ULTRA WH Halo ARGB w\/LCD Display , All Intel\/AMD White","og_description":"LQ360 also features an ARGB Halo on the magnetic pump head cover and triple FD12 ARGB fans, adding vibrant and customizable lighting elements. White.","og_url":"https:\/\/hivetec.mk\/en\/product\/cooler-liquid-deepcool-lq360-ultra-wh-halo-argb-w-lcd-display-all-intel-amd-white\/","og_site_name":"Hivetec","article_publisher":"https:\/\/www.facebook.com\/hivetecmakedonija","article_modified_time":"2026-04-03T16:36:28+00:00","og_image":[{"width":1024,"height":1024,"url":"https:\/\/hivetec.mk\/wp-content\/uploads\/2026\/02\/lq360whiteultra.jpg","type":"image\/jpeg"}],"twitter_card":"summary_large_image","twitter_misc":{"Est. reading time":"2 minutes"},"schema":{"@context":"https:\/\/schema.org","@graph":[{"@type":"WebPage","@id":"https:\/\/hivetec.mk\/product\/cooler-liquid-deepcool-lq360-ultra-wh-halo-argb-w-lcd-display-all-intel-amd-white\/","url":"https:\/\/hivetec.mk\/product\/cooler-liquid-deepcool-lq360-ultra-wh-halo-argb-w-lcd-display-all-intel-amd-white\/","name":"Cooler Liquid Deepcool LQ360 ULTRA WH Halo ARGB w\/LCD Display , All Intel\/AMD White - Hivetec","isPartOf":{"@id":"https:\/\/hivetec.mk\/#website"},"primaryImageOfPage":{"@id":"https:\/\/hivetec.mk\/product\/cooler-liquid-deepcool-lq360-ultra-wh-halo-argb-w-lcd-display-all-intel-amd-white\/#primaryimage"},"image":{"@id":"https:\/\/hivetec.mk\/product\/cooler-liquid-deepcool-lq360-ultra-wh-halo-argb-w-lcd-display-all-intel-amd-white\/#primaryimage"},"thumbnailUrl":"https:\/\/hivetec.mk\/wp-content\/uploads\/2026\/02\/lq360whiteultra.jpg","datePublished":"2026-02-10T14:14:34+00:00","dateModified":"2026-04-03T16:36:28+00:00","description":"LQ360 also features an ARGB Halo on the magnetic pump head cover and triple FD12 ARGB fans, adding vibrant and customizable lighting elements. White.","breadcrumb":{"@id":"https:\/\/hivetec.mk\/product\/cooler-liquid-deepcool-lq360-ultra-wh-halo-argb-w-lcd-display-all-intel-amd-white\/#breadcrumb"},"inLanguage":"en-US","potentialAction":[{"@type":"ReadAction","target":["https:\/\/hivetec.mk\/product\/cooler-liquid-deepcool-lq360-ultra-wh-halo-argb-w-lcd-display-all-intel-amd-white\/"]}]},{"@type":"ImageObject","inLanguage":"en-US","@id":"https:\/\/hivetec.mk\/product\/cooler-liquid-deepcool-lq360-ultra-wh-halo-argb-w-lcd-display-all-intel-amd-white\/#primaryimage","url":"https:\/\/hivetec.mk\/wp-content\/uploads\/2026\/02\/lq360whiteultra.jpg","contentUrl":"https:\/\/hivetec.mk\/wp-content\/uploads\/2026\/02\/lq360whiteultra.jpg","width":1024,"height":1024,"caption":"vodeno ladenje deepcool lq360 ultra belo"},{"@type":"BreadcrumbList","@id":"https:\/\/hivetec.mk\/product\/cooler-liquid-deepcool-lq360-ultra-wh-halo-argb-w-lcd-display-all-intel-amd-white\/#breadcrumb","itemListElement":[{"@type":"ListItem","position":1,"name":"Home","item":"https:\/\/hivetec.mk\/"},{"@type":"ListItem","position":2,"name":"Shop","item":"https:\/\/hivetec.mk\/shop\/"},{"@type":"ListItem","position":3,"name":"Cooler Liquid Deepcool LQ360 ULTRA WH Halo ARGB w\/LCD Display , All Intel\/AMD White"}]},{"@type":"WebSite","@id":"https:\/\/hivetec.mk\/#website","url":"https:\/\/hivetec.mk\/","name":"Hivetec","description":"\u0412\u0435\u0431 \u0448\u043e\u043f \u0437\u0430 \u043f\u0440\u043e\u0434\u0430\u0436\u0431\u0430 \u043d\u0430 \u043a\u043e\u043c\u0458\u0443\u0442\u0435\u0440\u0441\u043a\u0438 \u0445\u0430\u0440\u0434\u0432\u0435\u0440, \u0430\u043a\u0441\u0435\u0441\u043e\u0430\u0440\u0438 \u0438 \u043a\u043e\u043c\u043f\u043e\u043d\u0435\u043d\u0442\u0438.","potentialAction":[{"@type":"SearchAction","target":{"@type":"EntryPoint","urlTemplate":"https:\/\/hivetec.mk\/?s={search_term_string}"},"query-input":{"@type":"PropertyValueSpecification","valueRequired":true,"valueName":"search_term_string"}}],"inLanguage":"en-US"}]}},"_links":{"self":[{"href":"https:\/\/hivetec.mk\/en\/wp-json\/wp\/v2\/product\/41152","targetHints":{"allow":["GET"]}}],"collection":[{"href":"https:\/\/hivetec.mk\/en\/wp-json\/wp\/v2\/product"}],"about":[{"href":"https:\/\/hivetec.mk\/en\/wp-json\/wp\/v2\/types\/product"}],"replies":[{"embeddable":true,"href":"https:\/\/hivetec.mk\/en\/wp-json\/wp\/v2\/comments?post=41152"}],"version-history":[{"count":1,"href":"https:\/\/hivetec.mk\/en\/wp-json\/wp\/v2\/product\/41152\/revisions"}],"predecessor-version":[{"id":41154,"href":"https:\/\/hivetec.mk\/en\/wp-json\/wp\/v2\/product\/41152\/revisions\/41154"}],"wp:featuredmedia":[{"embeddable":true,"href":"https:\/\/hivetec.mk\/en\/wp-json\/wp\/v2\/media\/41153"}],"wp:attachment":[{"href":"https:\/\/hivetec.mk\/en\/wp-json\/wp\/v2\/media?parent=41152"}],"wp:term":[{"taxonomy":"product_brand","embeddable":true,"href":"https:\/\/hivetec.mk\/en\/wp-json\/wp\/v2\/product_brand?post=41152"},{"taxonomy":"product_cat","embeddable":true,"href":"https:\/\/hivetec.mk\/en\/wp-json\/wp\/v2\/product_cat?post=41152"},{"taxonomy":"product_tag","embeddable":true,"href":"https:\/\/hivetec.mk\/en\/wp-json\/wp\/v2\/product_tag?post=41152"}],"curies":[{"name":"wp","href":"https:\/\/api.w.org\/{rel}","templated":true}]}}