{"id":41129,"date":"2026-02-09T20:46:27","date_gmt":"2026-02-09T19:46:27","guid":{"rendered":"https:\/\/hivetec.mk\/?post_type=product&#038;p=41129"},"modified":"2026-02-26T13:37:41","modified_gmt":"2026-02-26T12:37:41","slug":"cooler-liquid-deepcool-lt360-argb-sockets-all-intel-amd","status":"publish","type":"product","link":"https:\/\/hivetec.mk\/en\/product\/cooler-liquid-deepcool-lt360-argb-sockets-all-intel-amd\/","title":{"rendered":"Cooler Liquid Deepcool LT360 ARGB Sockets All Intel\/AMD"},"content":{"rendered":"<p>The LT360 ARGB is a high-performance liquid CPU cooler that has been upgraded to DeepCool&#8217;s chart-topping 5th generation pump and provides strong heat dissipation power with a 360mm radiator, three precision-tuned FD12 ARGB fans, and a multidimensional infinity mirror top cap, all presented in a clean design.<\/p>\n<p>Application For<br \/>\nIntel: LGA1851\/1700\/1200\/1151\/1150\/1155<br \/>\nAMD: AM5\/AM4<\/p>\n<p>Technical Spec<br \/>\nNet Weight: 1856 g<br \/>\nRadiator Dimensions: 402\u00d7120\u00d727 mm(L\u00d7W\u00d7H)<br \/>\nRadiator Material: Aluminum<br \/>\nTube length: 410 mm<br \/>\nPump Dimensions: 94\u00d780\u00d768 mm(L\u00d7W\u00d7H)<br \/>\nPump Speed: 3400 RPM\u00b110%<br \/>\nPump Connector: 3-pin<br \/>\nPump Rated Voltage: 12 VDC<br \/>\nPump Rated Current: 0.35 A<br \/>\nPump Power Consumption: 4.2 W<br \/>\nFan Dimensions: 120\u00d7120\u00d725 mm(L\u00d7W\u00d7H)<br \/>\nFan Speed: 600~2400 RPM\u00b110%<br \/>\nFan Airflow: 72.04 CFM<br \/>\nFan Air Pressure: 3.48 mmAq<br \/>\nFan Noise: \u226438.71 dB(A)<br \/>\nFan Connector: 4-pin PWM<br \/>\nBearing Type: Hydro Bearing<br \/>\nFan Rated Voltage: 12 VDC<br \/>\nFan Rated Current: 0.22 A<br \/>\nFan Power Consumption: 2.64 W<br \/>\nLED Type: Addressable RGB LED<br \/>\nLED Connector: 3-pin(+5V-D-G)<br \/>\nLED Rated Voltage: 5 VDC<br \/>\nLED Power Consumption: 3.15 W\uff08PUMP\uff09\/ 3.15 W\uff08FAN\u00d73\uff09<br \/>\nP\/N: R-LT360-BKAMNC-G-1<\/p>","protected":false},"excerpt":{"rendered":"<ul>\n<li><strong>\u041f\u0440\u043e\u0438\u0437\u0432\u043e\u0434\u0438\u0442\u0435\u043b: Deepcool<\/strong><\/li>\n<li><strong>\u0413\u0430\u0440\u0430\u043d\u0446\u0438\u0458\u0430: 1080 \u0434\u0435\u043d\u0430<\/strong><\/li>\n<\/ul>","protected":false},"featured_media":41130,"comment_status":"open","ping_status":"closed","template":"","meta":{"content-type":""},"product_brand":[],"product_cat":[638],"product_tag":[],"class_list":{"0":"post-41129","1":"product","2":"type-product","3":"status-publish","4":"has-post-thumbnail","6":"product_cat-vodeno-ladenje","8":"first","9":"instock","10":"sale","11":"shipping-taxable","12":"purchasable","13":"product-type-simple"},"yoast_head":"<!-- This site is optimized with the Yoast SEO Premium plugin v21.7 (Yoast SEO v27.4) - https:\/\/yoast.com\/product\/yoast-seo-premium-wordpress\/ -->\n<title>Cooler Liquid Deepcool LT360 ARGB Sockets All Intel\/AMD - Hivetec<\/title>\n<meta name=\"description\" content=\"The LT360 ARGB is a high-performance liquid CPU cooler that has been upgraded to DeepCool&#039;s chart-topping 5th generation pump and provides strong heat.\" \/>\n<meta name=\"robots\" content=\"index, follow, max-snippet:-1, max-image-preview:large, max-video-preview:-1\" \/>\n<link rel=\"canonical\" href=\"https:\/\/hivetec.mk\/en\/product\/cooler-liquid-deepcool-lt360-argb-sockets-all-intel-amd\/\" \/>\n<meta property=\"og:locale\" content=\"en_US\" \/>\n<meta property=\"og:type\" content=\"article\" \/>\n<meta property=\"og:title\" content=\"Cooler Liquid Deepcool LT360 ARGB Sockets All Intel\/AMD\" \/>\n<meta property=\"og:description\" content=\"The LT360 ARGB is a high-performance liquid CPU cooler that has been upgraded to DeepCool&#039;s chart-topping 5th generation pump and provides strong heat.\" \/>\n<meta property=\"og:url\" content=\"https:\/\/hivetec.mk\/en\/product\/cooler-liquid-deepcool-lt360-argb-sockets-all-intel-amd\/\" \/>\n<meta property=\"og:site_name\" content=\"Hivetec\" \/>\n<meta property=\"article:publisher\" content=\"https:\/\/www.facebook.com\/hivetecmakedonija\" \/>\n<meta property=\"article:modified_time\" content=\"2026-02-26T12:37:41+00:00\" \/>\n<meta property=\"og:image\" content=\"https:\/\/hivetec.mk\/wp-content\/uploads\/2026\/02\/lt360argb.jpg\" \/>\n\t<meta property=\"og:image:width\" content=\"1024\" \/>\n\t<meta property=\"og:image:height\" content=\"1024\" \/>\n\t<meta property=\"og:image:type\" content=\"image\/jpeg\" \/>\n<meta name=\"twitter:card\" content=\"summary_large_image\" \/>\n<meta name=\"twitter:label1\" content=\"Est. reading time\" \/>\n\t<meta name=\"twitter:data1\" content=\"2 minutes\" \/>\n<script type=\"application\/ld+json\" class=\"yoast-schema-graph\">{\"@context\":\"https:\\\/\\\/schema.org\",\"@graph\":[{\"@type\":\"WebPage\",\"@id\":\"https:\\\/\\\/hivetec.mk\\\/product\\\/cooler-liquid-deepcool-lt360-argb-sockets-all-intel-amd\\\/\",\"url\":\"https:\\\/\\\/hivetec.mk\\\/product\\\/cooler-liquid-deepcool-lt360-argb-sockets-all-intel-amd\\\/\",\"name\":\"Cooler Liquid Deepcool LT360 ARGB Sockets All Intel\\\/AMD - Hivetec\",\"isPartOf\":{\"@id\":\"https:\\\/\\\/hivetec.mk\\\/#website\"},\"primaryImageOfPage\":{\"@id\":\"https:\\\/\\\/hivetec.mk\\\/product\\\/cooler-liquid-deepcool-lt360-argb-sockets-all-intel-amd\\\/#primaryimage\"},\"image\":{\"@id\":\"https:\\\/\\\/hivetec.mk\\\/product\\\/cooler-liquid-deepcool-lt360-argb-sockets-all-intel-amd\\\/#primaryimage\"},\"thumbnailUrl\":\"https:\\\/\\\/hivetec.mk\\\/wp-content\\\/uploads\\\/2026\\\/02\\\/lt360argb.jpg\",\"datePublished\":\"2026-02-09T19:46:27+00:00\",\"dateModified\":\"2026-02-26T12:37:41+00:00\",\"description\":\"The LT360 ARGB is a high-performance liquid CPU cooler that has been upgraded to DeepCool's chart-topping 5th generation pump and provides strong heat.\",\"breadcrumb\":{\"@id\":\"https:\\\/\\\/hivetec.mk\\\/product\\\/cooler-liquid-deepcool-lt360-argb-sockets-all-intel-amd\\\/#breadcrumb\"},\"inLanguage\":\"en-US\",\"potentialAction\":[{\"@type\":\"ReadAction\",\"target\":[\"https:\\\/\\\/hivetec.mk\\\/product\\\/cooler-liquid-deepcool-lt360-argb-sockets-all-intel-amd\\\/\"]}]},{\"@type\":\"ImageObject\",\"inLanguage\":\"en-US\",\"@id\":\"https:\\\/\\\/hivetec.mk\\\/product\\\/cooler-liquid-deepcool-lt360-argb-sockets-all-intel-amd\\\/#primaryimage\",\"url\":\"https:\\\/\\\/hivetec.mk\\\/wp-content\\\/uploads\\\/2026\\\/02\\\/lt360argb.jpg\",\"contentUrl\":\"https:\\\/\\\/hivetec.mk\\\/wp-content\\\/uploads\\\/2026\\\/02\\\/lt360argb.jpg\",\"width\":1024,\"height\":1024,\"caption\":\"vodeno ladenje deepcool lt360 argb crno\"},{\"@type\":\"BreadcrumbList\",\"@id\":\"https:\\\/\\\/hivetec.mk\\\/product\\\/cooler-liquid-deepcool-lt360-argb-sockets-all-intel-amd\\\/#breadcrumb\",\"itemListElement\":[{\"@type\":\"ListItem\",\"position\":1,\"name\":\"Home\",\"item\":\"https:\\\/\\\/hivetec.mk\\\/\"},{\"@type\":\"ListItem\",\"position\":2,\"name\":\"Shop\",\"item\":\"https:\\\/\\\/hivetec.mk\\\/shop\\\/\"},{\"@type\":\"ListItem\",\"position\":3,\"name\":\"Cooler Liquid Deepcool LT360 ARGB Sockets All Intel\\\/AMD\"}]},{\"@type\":\"WebSite\",\"@id\":\"https:\\\/\\\/hivetec.mk\\\/#website\",\"url\":\"https:\\\/\\\/hivetec.mk\\\/\",\"name\":\"Hivetec\",\"description\":\"\u0412\u0435\u0431 \u0448\u043e\u043f \u0437\u0430 \u043f\u0440\u043e\u0434\u0430\u0436\u0431\u0430 \u043d\u0430 \u043a\u043e\u043c\u0458\u0443\u0442\u0435\u0440\u0441\u043a\u0438 \u0445\u0430\u0440\u0434\u0432\u0435\u0440, \u0430\u043a\u0441\u0435\u0441\u043e\u0430\u0440\u0438 \u0438 \u043a\u043e\u043c\u043f\u043e\u043d\u0435\u043d\u0442\u0438.\",\"potentialAction\":[{\"@type\":\"SearchAction\",\"target\":{\"@type\":\"EntryPoint\",\"urlTemplate\":\"https:\\\/\\\/hivetec.mk\\\/?s={search_term_string}\"},\"query-input\":{\"@type\":\"PropertyValueSpecification\",\"valueRequired\":true,\"valueName\":\"search_term_string\"}}],\"inLanguage\":\"en-US\"}]}<\/script>\n<!-- \/ Yoast SEO Premium plugin. -->","yoast_head_json":{"title":"Cooler Liquid Deepcool LT360 ARGB Sockets All Intel\/AMD - Hivetec","description":"The LT360 ARGB is a high-performance liquid CPU cooler that has been upgraded to DeepCool's chart-topping 5th generation pump and provides strong heat.","robots":{"index":"index","follow":"follow","max-snippet":"max-snippet:-1","max-image-preview":"max-image-preview:large","max-video-preview":"max-video-preview:-1"},"canonical":"https:\/\/hivetec.mk\/en\/product\/cooler-liquid-deepcool-lt360-argb-sockets-all-intel-amd\/","og_locale":"en_US","og_type":"article","og_title":"Cooler Liquid Deepcool LT360 ARGB Sockets All Intel\/AMD","og_description":"The LT360 ARGB is a high-performance liquid CPU cooler that has been upgraded to DeepCool's chart-topping 5th generation pump and provides strong heat.","og_url":"https:\/\/hivetec.mk\/en\/product\/cooler-liquid-deepcool-lt360-argb-sockets-all-intel-amd\/","og_site_name":"Hivetec","article_publisher":"https:\/\/www.facebook.com\/hivetecmakedonija","article_modified_time":"2026-02-26T12:37:41+00:00","og_image":[{"width":1024,"height":1024,"url":"https:\/\/hivetec.mk\/wp-content\/uploads\/2026\/02\/lt360argb.jpg","type":"image\/jpeg"}],"twitter_card":"summary_large_image","twitter_misc":{"Est. reading time":"2 minutes"},"schema":{"@context":"https:\/\/schema.org","@graph":[{"@type":"WebPage","@id":"https:\/\/hivetec.mk\/product\/cooler-liquid-deepcool-lt360-argb-sockets-all-intel-amd\/","url":"https:\/\/hivetec.mk\/product\/cooler-liquid-deepcool-lt360-argb-sockets-all-intel-amd\/","name":"Cooler Liquid Deepcool LT360 ARGB Sockets All Intel\/AMD - Hivetec","isPartOf":{"@id":"https:\/\/hivetec.mk\/#website"},"primaryImageOfPage":{"@id":"https:\/\/hivetec.mk\/product\/cooler-liquid-deepcool-lt360-argb-sockets-all-intel-amd\/#primaryimage"},"image":{"@id":"https:\/\/hivetec.mk\/product\/cooler-liquid-deepcool-lt360-argb-sockets-all-intel-amd\/#primaryimage"},"thumbnailUrl":"https:\/\/hivetec.mk\/wp-content\/uploads\/2026\/02\/lt360argb.jpg","datePublished":"2026-02-09T19:46:27+00:00","dateModified":"2026-02-26T12:37:41+00:00","description":"The LT360 ARGB is a high-performance liquid CPU cooler that has been upgraded to DeepCool's chart-topping 5th generation pump and provides strong heat.","breadcrumb":{"@id":"https:\/\/hivetec.mk\/product\/cooler-liquid-deepcool-lt360-argb-sockets-all-intel-amd\/#breadcrumb"},"inLanguage":"en-US","potentialAction":[{"@type":"ReadAction","target":["https:\/\/hivetec.mk\/product\/cooler-liquid-deepcool-lt360-argb-sockets-all-intel-amd\/"]}]},{"@type":"ImageObject","inLanguage":"en-US","@id":"https:\/\/hivetec.mk\/product\/cooler-liquid-deepcool-lt360-argb-sockets-all-intel-amd\/#primaryimage","url":"https:\/\/hivetec.mk\/wp-content\/uploads\/2026\/02\/lt360argb.jpg","contentUrl":"https:\/\/hivetec.mk\/wp-content\/uploads\/2026\/02\/lt360argb.jpg","width":1024,"height":1024,"caption":"vodeno ladenje deepcool lt360 argb crno"},{"@type":"BreadcrumbList","@id":"https:\/\/hivetec.mk\/product\/cooler-liquid-deepcool-lt360-argb-sockets-all-intel-amd\/#breadcrumb","itemListElement":[{"@type":"ListItem","position":1,"name":"Home","item":"https:\/\/hivetec.mk\/"},{"@type":"ListItem","position":2,"name":"Shop","item":"https:\/\/hivetec.mk\/shop\/"},{"@type":"ListItem","position":3,"name":"Cooler Liquid Deepcool LT360 ARGB Sockets All Intel\/AMD"}]},{"@type":"WebSite","@id":"https:\/\/hivetec.mk\/#website","url":"https:\/\/hivetec.mk\/","name":"Hivetec","description":"\u0412\u0435\u0431 \u0448\u043e\u043f \u0437\u0430 \u043f\u0440\u043e\u0434\u0430\u0436\u0431\u0430 \u043d\u0430 \u043a\u043e\u043c\u0458\u0443\u0442\u0435\u0440\u0441\u043a\u0438 \u0445\u0430\u0440\u0434\u0432\u0435\u0440, \u0430\u043a\u0441\u0435\u0441\u043e\u0430\u0440\u0438 \u0438 \u043a\u043e\u043c\u043f\u043e\u043d\u0435\u043d\u0442\u0438.","potentialAction":[{"@type":"SearchAction","target":{"@type":"EntryPoint","urlTemplate":"https:\/\/hivetec.mk\/?s={search_term_string}"},"query-input":{"@type":"PropertyValueSpecification","valueRequired":true,"valueName":"search_term_string"}}],"inLanguage":"en-US"}]}},"_links":{"self":[{"href":"https:\/\/hivetec.mk\/en\/wp-json\/wp\/v2\/product\/41129","targetHints":{"allow":["GET"]}}],"collection":[{"href":"https:\/\/hivetec.mk\/en\/wp-json\/wp\/v2\/product"}],"about":[{"href":"https:\/\/hivetec.mk\/en\/wp-json\/wp\/v2\/types\/product"}],"replies":[{"embeddable":true,"href":"https:\/\/hivetec.mk\/en\/wp-json\/wp\/v2\/comments?post=41129"}],"version-history":[{"count":1,"href":"https:\/\/hivetec.mk\/en\/wp-json\/wp\/v2\/product\/41129\/revisions"}],"predecessor-version":[{"id":41131,"href":"https:\/\/hivetec.mk\/en\/wp-json\/wp\/v2\/product\/41129\/revisions\/41131"}],"wp:featuredmedia":[{"embeddable":true,"href":"https:\/\/hivetec.mk\/en\/wp-json\/wp\/v2\/media\/41130"}],"wp:attachment":[{"href":"https:\/\/hivetec.mk\/en\/wp-json\/wp\/v2\/media?parent=41129"}],"wp:term":[{"taxonomy":"product_brand","embeddable":true,"href":"https:\/\/hivetec.mk\/en\/wp-json\/wp\/v2\/product_brand?post=41129"},{"taxonomy":"product_cat","embeddable":true,"href":"https:\/\/hivetec.mk\/en\/wp-json\/wp\/v2\/product_cat?post=41129"},{"taxonomy":"product_tag","embeddable":true,"href":"https:\/\/hivetec.mk\/en\/wp-json\/wp\/v2\/product_tag?post=41129"}],"curies":[{"name":"wp","href":"https:\/\/api.w.org\/{rel}","templated":true}]}}