{"id":38429,"date":"2025-09-01T11:06:56","date_gmt":"2025-09-01T10:06:56","guid":{"rendered":"https:\/\/hivetec.mk\/?post_type=product&#038;p=38429"},"modified":"2026-02-26T14:14:46","modified_gmt":"2026-02-26T13:14:46","slug":"case-lian-li-atx-lancool-207-digital-mid-tower-w-tempered-glass-2x-140mm-pwm-2x-120mm-pwm-w-6lcd-screen-black-lan207dx","status":"publish","type":"product","link":"https:\/\/hivetec.mk\/en\/product\/case-lian-li-atx-lancool-207-digital-mid-tower-w-tempered-glass-2x-140mm-pwm-2x-120mm-pwm-w-6lcd-screen-black-lan207dx\/","title":{"rendered":"CASE LIAN LI ATX LANCOOL 207 DIGITAL Mid-Tower w\/ Tempered glass, 2x 140mm PWM 2x 120mm PWM, w\/6\u201dLCD Screen, Black LAN207DX"},"content":{"rendered":"<p>Model name: LANCOOL 207 DIGITAL<br \/>Specifications:<br \/>Color: Black<br \/>Dimensions (D \u00d7 W \u00d7 H): 455.6mm \u00d7 219mm \u00d7 456mm<br \/>Material: Steel \/ 4.0mm Tempered Glass<br \/>Expansion Slots: 7<br \/>Motherboard Support: Standard ATX (Width Max 244mm), Micro-ATX, Mini-ITX<br \/>PSU Support: Under 160mm<br \/>Fan Support:<br \/>Front: 140mm \u00d7 2<br \/>Top: 120mm \u00d7 3 or 140mm \u00d7 2<br \/>Above PSU Shroud: 120mm \u00d7 2<br \/>Rear: 120mm \u00d7 1<br \/>Radiator Support: Top: 360\/280\/240mm<br \/>Drive Support: 2\u00d7 3.5\u2033 HDD or 2.5\u2033 SSD<br \/>GPU Length Clearance: 375mm (Max.)<br \/>CPU Height Clearance: 180mm (Max.)<br \/>I\/O Ports:<br \/>USB 3.0 \u00d7 2<br \/>USB 3.2 Type-C \u00d7 1<br \/>Audio \u00d7 1<br \/>Power Button \u00d7 1<br \/>Dust Filter: 1 \u00d7 Bottom<br \/>Screen:<br \/>Size: 6 inch<br \/>Resolution: 720\u00d71600 pixels<br \/>Refresh Rate: 60Hz<br \/>Brightness: 500 nits<\/p>","protected":false},"excerpt":{"rendered":"<ul>\n<li><strong>\u041f\u0440\u043e\u0438\u0437\u0432\u043e\u0434\u0438\u0442\u0435\u043b:\u00a0LIAN LI<\/strong><\/li>\n<li><strong>\u0413\u0430\u0440\u0430\u043d\u0446\u0438\u0458\u0430: 720 \u0434\u0435\u043d\u0430<\/strong><\/li>\n<\/ul>","protected":false},"featured_media":38430,"comment_status":"open","ping_status":"closed","template":"","meta":{"content-type":""},"product_brand":[],"product_cat":[108,132],"product_tag":[],"class_list":{"0":"post-38429","1":"product","2":"type-product","3":"status-publish","4":"has-post-thumbnail","6":"product_cat-lianli","7":"product_cat-kukista","9":"first","10":"instock","11":"sale","12":"shipping-taxable","13":"purchasable","14":"product-type-simple"},"yoast_head":"<!-- This site is optimized with the Yoast SEO Premium plugin v21.7 (Yoast SEO v27.4) - https:\/\/yoast.com\/product\/yoast-seo-premium-wordpress\/ -->\n<title>CASE LIAN LI ATX LANCOOL 207 DIGITAL Mid-Tower w\/ Tempered glass, 2x 140mm PWM 2x 120mm PWM, w\/6\u201dLCD Screen, Black LAN207DX - Hivetec<\/title>\n<meta name=\"description\" content=\"The LANCOOL 207 Digital offers remarkable compatibility, supporting ATX motherboard, a 360mm radiator, ATX PSU, and GPU up to 375mm long.\" \/>\n<meta name=\"robots\" content=\"index, follow, max-snippet:-1, max-image-preview:large, max-video-preview:-1\" \/>\n<link rel=\"canonical\" href=\"https:\/\/hivetec.mk\/en\/product\/case-lian-li-atx-lancool-207-digital-mid-tower-w-tempered-glass-2x-140mm-pwm-2x-120mm-pwm-w-6lcd-screen-black-lan207dx\/\" \/>\n<meta property=\"og:locale\" content=\"en_US\" \/>\n<meta property=\"og:type\" content=\"article\" \/>\n<meta property=\"og:title\" content=\"CASE LIAN LI ATX LANCOOL 207 DIGITAL Mid-Tower w\/ Tempered glass, 2x 140mm PWM 2x 120mm PWM, w\/6\u201dLCD Screen, Black LAN207DX\" \/>\n<meta property=\"og:description\" content=\"The LANCOOL 207 Digital offers remarkable compatibility, supporting ATX motherboard, a 360mm radiator, ATX PSU, and GPU up to 375mm long.\" \/>\n<meta property=\"og:url\" content=\"https:\/\/hivetec.mk\/en\/product\/case-lian-li-atx-lancool-207-digital-mid-tower-w-tempered-glass-2x-140mm-pwm-2x-120mm-pwm-w-6lcd-screen-black-lan207dx\/\" \/>\n<meta property=\"og:site_name\" content=\"Hivetec\" \/>\n<meta property=\"article:publisher\" content=\"https:\/\/www.facebook.com\/hivetecmakedonija\" \/>\n<meta property=\"article:modified_time\" content=\"2026-02-26T13:14:46+00:00\" \/>\n<meta property=\"og:image\" content=\"https:\/\/hivetec.mk\/wp-content\/uploads\/2025\/09\/lancool207.jpg\" \/>\n\t<meta property=\"og:image:width\" content=\"1024\" \/>\n\t<meta property=\"og:image:height\" content=\"1024\" \/>\n\t<meta property=\"og:image:type\" content=\"image\/jpeg\" \/>\n<meta name=\"twitter:card\" content=\"summary_large_image\" \/>\n<meta name=\"twitter:label1\" content=\"Est. reading time\" \/>\n\t<meta name=\"twitter:data1\" content=\"1 minute\" \/>\n<script type=\"application\/ld+json\" class=\"yoast-schema-graph\">{\"@context\":\"https:\\\/\\\/schema.org\",\"@graph\":[{\"@type\":\"WebPage\",\"@id\":\"https:\\\/\\\/hivetec.mk\\\/product\\\/case-lian-li-atx-lancool-207-digital-mid-tower-w-tempered-glass-2x-140mm-pwm-2x-120mm-pwm-w-6lcd-screen-black-lan207dx\\\/\",\"url\":\"https:\\\/\\\/hivetec.mk\\\/product\\\/case-lian-li-atx-lancool-207-digital-mid-tower-w-tempered-glass-2x-140mm-pwm-2x-120mm-pwm-w-6lcd-screen-black-lan207dx\\\/\",\"name\":\"CASE LIAN LI ATX LANCOOL 207 DIGITAL Mid-Tower w\\\/ Tempered glass, 2x 140mm PWM 2x 120mm PWM, w\\\/6\u201dLCD Screen, Black LAN207DX - Hivetec\",\"isPartOf\":{\"@id\":\"https:\\\/\\\/hivetec.mk\\\/#website\"},\"primaryImageOfPage\":{\"@id\":\"https:\\\/\\\/hivetec.mk\\\/product\\\/case-lian-li-atx-lancool-207-digital-mid-tower-w-tempered-glass-2x-140mm-pwm-2x-120mm-pwm-w-6lcd-screen-black-lan207dx\\\/#primaryimage\"},\"image\":{\"@id\":\"https:\\\/\\\/hivetec.mk\\\/product\\\/case-lian-li-atx-lancool-207-digital-mid-tower-w-tempered-glass-2x-140mm-pwm-2x-120mm-pwm-w-6lcd-screen-black-lan207dx\\\/#primaryimage\"},\"thumbnailUrl\":\"https:\\\/\\\/hivetec.mk\\\/wp-content\\\/uploads\\\/2025\\\/09\\\/lancool207.jpg\",\"datePublished\":\"2025-09-01T10:06:56+00:00\",\"dateModified\":\"2026-02-26T13:14:46+00:00\",\"description\":\"The LANCOOL 207 Digital offers remarkable compatibility, supporting ATX motherboard, a 360mm radiator, ATX PSU, and GPU up to 375mm long.\",\"breadcrumb\":{\"@id\":\"https:\\\/\\\/hivetec.mk\\\/product\\\/case-lian-li-atx-lancool-207-digital-mid-tower-w-tempered-glass-2x-140mm-pwm-2x-120mm-pwm-w-6lcd-screen-black-lan207dx\\\/#breadcrumb\"},\"inLanguage\":\"en-US\",\"potentialAction\":[{\"@type\":\"ReadAction\",\"target\":[\"https:\\\/\\\/hivetec.mk\\\/product\\\/case-lian-li-atx-lancool-207-digital-mid-tower-w-tempered-glass-2x-140mm-pwm-2x-120mm-pwm-w-6lcd-screen-black-lan207dx\\\/\"]}]},{\"@type\":\"ImageObject\",\"inLanguage\":\"en-US\",\"@id\":\"https:\\\/\\\/hivetec.mk\\\/product\\\/case-lian-li-atx-lancool-207-digital-mid-tower-w-tempered-glass-2x-140mm-pwm-2x-120mm-pwm-w-6lcd-screen-black-lan207dx\\\/#primaryimage\",\"url\":\"https:\\\/\\\/hivetec.mk\\\/wp-content\\\/uploads\\\/2025\\\/09\\\/lancool207.jpg\",\"contentUrl\":\"https:\\\/\\\/hivetec.mk\\\/wp-content\\\/uploads\\\/2025\\\/09\\\/lancool207.jpg\",\"width\":1024,\"height\":1024,\"caption\":\"kukiste lian li atx lancool 207 digital crno\"},{\"@type\":\"BreadcrumbList\",\"@id\":\"https:\\\/\\\/hivetec.mk\\\/product\\\/case-lian-li-atx-lancool-207-digital-mid-tower-w-tempered-glass-2x-140mm-pwm-2x-120mm-pwm-w-6lcd-screen-black-lan207dx\\\/#breadcrumb\",\"itemListElement\":[{\"@type\":\"ListItem\",\"position\":1,\"name\":\"Home\",\"item\":\"https:\\\/\\\/hivetec.mk\\\/\"},{\"@type\":\"ListItem\",\"position\":2,\"name\":\"Shop\",\"item\":\"https:\\\/\\\/hivetec.mk\\\/shop\\\/\"},{\"@type\":\"ListItem\",\"position\":3,\"name\":\"CASE LIAN LI ATX LANCOOL 207 DIGITAL Mid-Tower w\\\/ Tempered glass, 2x 140mm PWM 2x 120mm PWM, w\\\/6\u201dLCD Screen, Black LAN207DX\"}]},{\"@type\":\"WebSite\",\"@id\":\"https:\\\/\\\/hivetec.mk\\\/#website\",\"url\":\"https:\\\/\\\/hivetec.mk\\\/\",\"name\":\"Hivetec\",\"description\":\"\u0412\u0435\u0431 \u0448\u043e\u043f \u0437\u0430 \u043f\u0440\u043e\u0434\u0430\u0436\u0431\u0430 \u043d\u0430 \u043a\u043e\u043c\u0458\u0443\u0442\u0435\u0440\u0441\u043a\u0438 \u0445\u0430\u0440\u0434\u0432\u0435\u0440, \u0430\u043a\u0441\u0435\u0441\u043e\u0430\u0440\u0438 \u0438 \u043a\u043e\u043c\u043f\u043e\u043d\u0435\u043d\u0442\u0438.\",\"potentialAction\":[{\"@type\":\"SearchAction\",\"target\":{\"@type\":\"EntryPoint\",\"urlTemplate\":\"https:\\\/\\\/hivetec.mk\\\/?s={search_term_string}\"},\"query-input\":{\"@type\":\"PropertyValueSpecification\",\"valueRequired\":true,\"valueName\":\"search_term_string\"}}],\"inLanguage\":\"en-US\"}]}<\/script>\n<!-- \/ Yoast SEO Premium plugin. -->","yoast_head_json":{"title":"CASE LIAN LI ATX LANCOOL 207 DIGITAL Mid-Tower w\/ Tempered glass, 2x 140mm PWM 2x 120mm PWM, w\/6\u201dLCD Screen, Black LAN207DX - Hivetec","description":"The LANCOOL 207 Digital offers remarkable compatibility, supporting ATX motherboard, a 360mm radiator, ATX PSU, and GPU up to 375mm long.","robots":{"index":"index","follow":"follow","max-snippet":"max-snippet:-1","max-image-preview":"max-image-preview:large","max-video-preview":"max-video-preview:-1"},"canonical":"https:\/\/hivetec.mk\/en\/product\/case-lian-li-atx-lancool-207-digital-mid-tower-w-tempered-glass-2x-140mm-pwm-2x-120mm-pwm-w-6lcd-screen-black-lan207dx\/","og_locale":"en_US","og_type":"article","og_title":"CASE LIAN LI ATX LANCOOL 207 DIGITAL Mid-Tower w\/ Tempered glass, 2x 140mm PWM 2x 120mm PWM, w\/6\u201dLCD Screen, Black LAN207DX","og_description":"The LANCOOL 207 Digital offers remarkable compatibility, supporting ATX motherboard, a 360mm radiator, ATX PSU, and GPU up to 375mm long.","og_url":"https:\/\/hivetec.mk\/en\/product\/case-lian-li-atx-lancool-207-digital-mid-tower-w-tempered-glass-2x-140mm-pwm-2x-120mm-pwm-w-6lcd-screen-black-lan207dx\/","og_site_name":"Hivetec","article_publisher":"https:\/\/www.facebook.com\/hivetecmakedonija","article_modified_time":"2026-02-26T13:14:46+00:00","og_image":[{"width":1024,"height":1024,"url":"https:\/\/hivetec.mk\/wp-content\/uploads\/2025\/09\/lancool207.jpg","type":"image\/jpeg"}],"twitter_card":"summary_large_image","twitter_misc":{"Est. reading time":"1 minute"},"schema":{"@context":"https:\/\/schema.org","@graph":[{"@type":"WebPage","@id":"https:\/\/hivetec.mk\/product\/case-lian-li-atx-lancool-207-digital-mid-tower-w-tempered-glass-2x-140mm-pwm-2x-120mm-pwm-w-6lcd-screen-black-lan207dx\/","url":"https:\/\/hivetec.mk\/product\/case-lian-li-atx-lancool-207-digital-mid-tower-w-tempered-glass-2x-140mm-pwm-2x-120mm-pwm-w-6lcd-screen-black-lan207dx\/","name":"CASE LIAN LI ATX LANCOOL 207 DIGITAL Mid-Tower w\/ Tempered glass, 2x 140mm PWM 2x 120mm PWM, w\/6\u201dLCD Screen, Black LAN207DX - Hivetec","isPartOf":{"@id":"https:\/\/hivetec.mk\/#website"},"primaryImageOfPage":{"@id":"https:\/\/hivetec.mk\/product\/case-lian-li-atx-lancool-207-digital-mid-tower-w-tempered-glass-2x-140mm-pwm-2x-120mm-pwm-w-6lcd-screen-black-lan207dx\/#primaryimage"},"image":{"@id":"https:\/\/hivetec.mk\/product\/case-lian-li-atx-lancool-207-digital-mid-tower-w-tempered-glass-2x-140mm-pwm-2x-120mm-pwm-w-6lcd-screen-black-lan207dx\/#primaryimage"},"thumbnailUrl":"https:\/\/hivetec.mk\/wp-content\/uploads\/2025\/09\/lancool207.jpg","datePublished":"2025-09-01T10:06:56+00:00","dateModified":"2026-02-26T13:14:46+00:00","description":"The LANCOOL 207 Digital offers remarkable compatibility, supporting ATX motherboard, a 360mm radiator, ATX PSU, and GPU up to 375mm long.","breadcrumb":{"@id":"https:\/\/hivetec.mk\/product\/case-lian-li-atx-lancool-207-digital-mid-tower-w-tempered-glass-2x-140mm-pwm-2x-120mm-pwm-w-6lcd-screen-black-lan207dx\/#breadcrumb"},"inLanguage":"en-US","potentialAction":[{"@type":"ReadAction","target":["https:\/\/hivetec.mk\/product\/case-lian-li-atx-lancool-207-digital-mid-tower-w-tempered-glass-2x-140mm-pwm-2x-120mm-pwm-w-6lcd-screen-black-lan207dx\/"]}]},{"@type":"ImageObject","inLanguage":"en-US","@id":"https:\/\/hivetec.mk\/product\/case-lian-li-atx-lancool-207-digital-mid-tower-w-tempered-glass-2x-140mm-pwm-2x-120mm-pwm-w-6lcd-screen-black-lan207dx\/#primaryimage","url":"https:\/\/hivetec.mk\/wp-content\/uploads\/2025\/09\/lancool207.jpg","contentUrl":"https:\/\/hivetec.mk\/wp-content\/uploads\/2025\/09\/lancool207.jpg","width":1024,"height":1024,"caption":"kukiste lian li atx lancool 207 digital crno"},{"@type":"BreadcrumbList","@id":"https:\/\/hivetec.mk\/product\/case-lian-li-atx-lancool-207-digital-mid-tower-w-tempered-glass-2x-140mm-pwm-2x-120mm-pwm-w-6lcd-screen-black-lan207dx\/#breadcrumb","itemListElement":[{"@type":"ListItem","position":1,"name":"Home","item":"https:\/\/hivetec.mk\/"},{"@type":"ListItem","position":2,"name":"Shop","item":"https:\/\/hivetec.mk\/shop\/"},{"@type":"ListItem","position":3,"name":"CASE LIAN LI ATX LANCOOL 207 DIGITAL Mid-Tower w\/ Tempered glass, 2x 140mm PWM 2x 120mm PWM, w\/6\u201dLCD Screen, Black LAN207DX"}]},{"@type":"WebSite","@id":"https:\/\/hivetec.mk\/#website","url":"https:\/\/hivetec.mk\/","name":"Hivetec","description":"\u0412\u0435\u0431 \u0448\u043e\u043f \u0437\u0430 \u043f\u0440\u043e\u0434\u0430\u0436\u0431\u0430 \u043d\u0430 \u043a\u043e\u043c\u0458\u0443\u0442\u0435\u0440\u0441\u043a\u0438 \u0445\u0430\u0440\u0434\u0432\u0435\u0440, \u0430\u043a\u0441\u0435\u0441\u043e\u0430\u0440\u0438 \u0438 \u043a\u043e\u043c\u043f\u043e\u043d\u0435\u043d\u0442\u0438.","potentialAction":[{"@type":"SearchAction","target":{"@type":"EntryPoint","urlTemplate":"https:\/\/hivetec.mk\/?s={search_term_string}"},"query-input":{"@type":"PropertyValueSpecification","valueRequired":true,"valueName":"search_term_string"}}],"inLanguage":"en-US"}]}},"_links":{"self":[{"href":"https:\/\/hivetec.mk\/en\/wp-json\/wp\/v2\/product\/38429","targetHints":{"allow":["GET"]}}],"collection":[{"href":"https:\/\/hivetec.mk\/en\/wp-json\/wp\/v2\/product"}],"about":[{"href":"https:\/\/hivetec.mk\/en\/wp-json\/wp\/v2\/types\/product"}],"replies":[{"embeddable":true,"href":"https:\/\/hivetec.mk\/en\/wp-json\/wp\/v2\/comments?post=38429"}],"version-history":[{"count":1,"href":"https:\/\/hivetec.mk\/en\/wp-json\/wp\/v2\/product\/38429\/revisions"}],"predecessor-version":[{"id":38433,"href":"https:\/\/hivetec.mk\/en\/wp-json\/wp\/v2\/product\/38429\/revisions\/38433"}],"wp:featuredmedia":[{"embeddable":true,"href":"https:\/\/hivetec.mk\/en\/wp-json\/wp\/v2\/media\/38430"}],"wp:attachment":[{"href":"https:\/\/hivetec.mk\/en\/wp-json\/wp\/v2\/media?parent=38429"}],"wp:term":[{"taxonomy":"product_brand","embeddable":true,"href":"https:\/\/hivetec.mk\/en\/wp-json\/wp\/v2\/product_brand?post=38429"},{"taxonomy":"product_cat","embeddable":true,"href":"https:\/\/hivetec.mk\/en\/wp-json\/wp\/v2\/product_cat?post=38429"},{"taxonomy":"product_tag","embeddable":true,"href":"https:\/\/hivetec.mk\/en\/wp-json\/wp\/v2\/product_tag?post=38429"}],"curies":[{"name":"wp","href":"https:\/\/api.w.org\/{rel}","templated":true}]}}