{"id":36623,"date":"2025-07-09T12:53:06","date_gmt":"2025-07-09T11:53:06","guid":{"rendered":"https:\/\/hivetec.mk\/?post_type=product&#038;p=36623"},"modified":"2026-03-18T15:41:19","modified_gmt":"2026-03-18T14:41:19","slug":"tp-link-wireless-ac-mesh-deco-e4-1200mbps-dual-band-router-2-pack","status":"publish","type":"product","link":"https:\/\/hivetec.mk\/en\/product\/tp-link-wireless-ac-mesh-deco-e4-1200mbps-dual-band-router-2-pack\/","title":{"rendered":"TP-Link Wireless AC MESH Deco E4 1200Mbps Dual Band Router 2-Pack"},"content":{"rendered":"<p>\u2022Deco uses a system of units to achieve seamless whole-home Wi-Fi coverage \u2014 eliminate weak signal areas once and for all!<br \/>\u2022With advanced Deco Mesh Technology, units work together to form a unified network with a single network name. Devices automatically switch between Decos as you move through your home for the fastest possible speeds.<br \/>\u2022A Deco E4 two-pack delivers Wi-Fi to an area of up to 2,800 square feet (EU version, if chosen 3 pack). And if that\u2019s not enough, simply add more Decos to the network anytime to increase coverage.<br \/>\u2022Deco E4 provides fast and stable connections with speeds of up to 1167 Mbps and works with major internet service provider (ISP) and modem.<br \/>\u2022Deco can handle traffic from even the busiest of networks, providing lag-free connections for up to 100 devices.<br \/>\u2022Parental Controls limits online time and block inappropriate websites according to unique profiles created for each family member.<br \/>\u2022Setup is easier than ever with the Deco app there to walk you through every step.<br \/>&#8212;&#8212;-<br \/>WIRELESS<br \/>Standards : Wi-Fi 5<br \/>IEEE 802.11ac\/n\/a 5 GHz<br \/>IEEE 802.11n\/b\/g 2.4 GHz<br \/>WiFi Speeds: AC1200<br \/>5 GHz: 867 Mbps (802.11ac)<br \/>2.4 GHz: 300 Mbps (802.11n)<br \/>WiFi Range : 3-4 Bedroom Houses (3-pack)<br \/>TP-Link Mesh Technology<br \/>Optional Ethernet backhaul work together to link Deco units to provide seamless coverage<\/p>\r\n<p>2\u00d7 Antennas (Internal)<br \/>Multiple antennas form a signal-boosting array to cover more directions and large areas<\/p>\r\n<p>Beamforming<br \/>Concentrates wireless signal strength towards clients to expand WiFi range<br \/>WiFi Capacity : Medium<br \/>Dual-Band<br \/>Distribute devices to different bands for optimal performance<\/p>\r\n<p>MU-MIMO<br \/>Simultaneously communicates with multiple MU-MIMO clients<br \/>Working Modes: Router Mode<br \/>Access Point Mode<br \/>HARDWARE<br \/>Processor : Qualcomm CPU<br \/>Ethernet Ports : 2\u00d7 10\/100 Mbps Ports<br \/>*Per Deco Unit<br \/>Supports WAN\/LAN auto-sensing<br \/>SECURITY<br \/>WiFi Encryption : WPA<br \/>WPA2<br \/>Network Security: SPI Firewall<br \/>Access Control<br \/>Guest Network: 1\u00d7 5 GHz Guest Network<br \/>1\u00d7 2.4 GHz Guest Network<br \/>SOFTWARE<br \/>Protocols: IPv4<br \/>IPv6<br \/>Parental Controls: URL Filtering<br \/>Time Controls<br \/>WAN Types : Dynamic IP<br \/>Static IP<br \/>PPPoE<br \/>PPTP<br \/>L2TP<br \/>Quality of Service : QoS by Device<br \/>Cloud Service: OTA Firmware Upgrade<br \/>TP-Link ID<br \/>DDNS<br \/>NAT Forwarding: Port Forwarding<br \/>UPnP<br \/>IPTV : IGMP Proxy<br \/>IGMP Snooping<br \/>Bridge<br \/>Tag VLAN<br \/>DHCP: Address Reservation<br \/>DHCP Client List<br \/>Server<br \/>DDNS: TP-Link<br \/>Management: Deco App<br \/>PHYSICAL<br \/>Dimensions (W\u00d7D\u00d7H) (90.7 \u00d7 90.7 \u00d7 190 mm)<br \/>Package Contents<br \/>Deco E4 (2-pack)<br \/>2 Deco E4R Units<br \/>1 RJ45 Ethernet Cable<br \/>2 Power Adapters<br \/>1 Quick Installation Guide<\/p>\r\n<p>OTHERS<br \/>System Requirements: Android 4.4 or later, iOS 9.0 or later<br \/>Certifications : CE, FCC, IC, NCC, BSMI, IDA, RCM, JPA, JRF, VCCI, KC, RoHS<br \/>Environment : Operating Temperature: 0\u2103~40\u2103 (32\u2109 ~104\u2109)<br \/>Storage Temperature: -40\u2103~70\u2103 (-40\u2109 ~158\u2109)<br \/>Operating Humidity: 10%~90% non-condensing<br \/>Storage Humidity: 5%~90% non-condensing<br \/>TEST DATA<br \/>WiFi Transmission Power CE:<br \/>&lt;20 dBm (2.4 GHz)<br \/>&lt;23 dBm (5 GHz)<br \/>FCC:<br \/>&lt;30 dBm<\/p>","protected":false},"excerpt":{"rendered":"<ul>\n<li><strong>\u041f\u0440\u043e\u0438\u0437\u0432\u043e\u0434\u0438\u0442\u0435\u043b:\u00a0TP-LINK<\/strong><\/li>\n<li><strong>\u0413\u0430\u0440\u0430\u043d\u0446\u0438\u0458\u0430:\u00a0720 \u0434\u0435\u043d\u0430<\/strong><\/li>\n<\/ul>","protected":false},"featured_media":36624,"comment_status":"open","ping_status":"closed","template":"","meta":{"content-type":""},"product_brand":[],"product_cat":[927],"product_tag":[],"class_list":{"0":"post-36623","1":"product","2":"type-product","3":"status-publish","4":"has-post-thumbnail","6":"product_cat-ruteri-mesh-access-point","8":"first","9":"instock","10":"sale","11":"shipping-taxable","12":"purchasable","13":"product-type-simple"},"yoast_head":"<!-- This site is optimized with the Yoast SEO Premium plugin v21.7 (Yoast SEO v27.4) - https:\/\/yoast.com\/product\/yoast-seo-premium-wordpress\/ -->\n<title>TP-Link Wireless AC MESH Deco E4 1200Mbps Dual Band Router 2-Pack - Hivetec<\/title>\n<meta name=\"description\" content=\"Upgrade the Wi-Fi connection for your whole home with Deco E4 Dual-Band Mesh Wi-Fi router. Delivers Wi-Fi up to 4000 sqft. Connects up to 100 devices.\" \/>\n<meta name=\"robots\" content=\"index, follow, max-snippet:-1, max-image-preview:large, max-video-preview:-1\" \/>\n<link rel=\"canonical\" href=\"https:\/\/hivetec.mk\/en\/product\/tp-link-wireless-ac-mesh-deco-e4-1200mbps-dual-band-router-2-pack\/\" \/>\n<meta property=\"og:locale\" content=\"en_US\" \/>\n<meta property=\"og:type\" content=\"article\" \/>\n<meta property=\"og:title\" content=\"TP-Link Wireless AC MESH Deco E4 1200Mbps Dual Band Router 2-Pack\" \/>\n<meta property=\"og:description\" content=\"Upgrade the Wi-Fi connection for your whole home with Deco E4 Dual-Band Mesh Wi-Fi router. Delivers Wi-Fi up to 4000 sqft. Connects up to 100 devices.\" \/>\n<meta property=\"og:url\" content=\"https:\/\/hivetec.mk\/en\/product\/tp-link-wireless-ac-mesh-deco-e4-1200mbps-dual-band-router-2-pack\/\" \/>\n<meta property=\"og:site_name\" content=\"Hivetec\" \/>\n<meta property=\"article:publisher\" content=\"https:\/\/www.facebook.com\/hivetecmakedonija\" \/>\n<meta property=\"article:modified_time\" content=\"2026-03-18T14:41:19+00:00\" \/>\n<meta property=\"og:image\" content=\"https:\/\/hivetec.mk\/wp-content\/uploads\/2025\/07\/tplinkdecoe41200mbps.jpg\" \/>\n\t<meta property=\"og:image:width\" content=\"1024\" \/>\n\t<meta property=\"og:image:height\" content=\"1024\" \/>\n\t<meta property=\"og:image:type\" content=\"image\/jpeg\" \/>\n<meta name=\"twitter:card\" content=\"summary_large_image\" \/>\n<meta name=\"twitter:label1\" content=\"Est. reading time\" \/>\n\t<meta name=\"twitter:data1\" content=\"3 minutes\" \/>\n<script type=\"application\/ld+json\" class=\"yoast-schema-graph\">{\"@context\":\"https:\\\/\\\/schema.org\",\"@graph\":[{\"@type\":\"WebPage\",\"@id\":\"https:\\\/\\\/hivetec.mk\\\/product\\\/tp-link-wireless-ac-mesh-deco-e4-1200mbps-dual-band-router-2-pack\\\/\",\"url\":\"https:\\\/\\\/hivetec.mk\\\/product\\\/tp-link-wireless-ac-mesh-deco-e4-1200mbps-dual-band-router-2-pack\\\/\",\"name\":\"TP-Link Wireless AC MESH Deco E4 1200Mbps Dual Band Router 2-Pack - Hivetec\",\"isPartOf\":{\"@id\":\"https:\\\/\\\/hivetec.mk\\\/#website\"},\"primaryImageOfPage\":{\"@id\":\"https:\\\/\\\/hivetec.mk\\\/product\\\/tp-link-wireless-ac-mesh-deco-e4-1200mbps-dual-band-router-2-pack\\\/#primaryimage\"},\"image\":{\"@id\":\"https:\\\/\\\/hivetec.mk\\\/product\\\/tp-link-wireless-ac-mesh-deco-e4-1200mbps-dual-band-router-2-pack\\\/#primaryimage\"},\"thumbnailUrl\":\"https:\\\/\\\/hivetec.mk\\\/wp-content\\\/uploads\\\/2025\\\/07\\\/tplinkdecoe41200mbps.jpg\",\"datePublished\":\"2025-07-09T11:53:06+00:00\",\"dateModified\":\"2026-03-18T14:41:19+00:00\",\"description\":\"Upgrade the Wi-Fi connection for your whole home with Deco E4 Dual-Band Mesh Wi-Fi router. Delivers Wi-Fi up to 4000 sqft. Connects up to 100 devices.\",\"breadcrumb\":{\"@id\":\"https:\\\/\\\/hivetec.mk\\\/product\\\/tp-link-wireless-ac-mesh-deco-e4-1200mbps-dual-band-router-2-pack\\\/#breadcrumb\"},\"inLanguage\":\"en-US\",\"potentialAction\":[{\"@type\":\"ReadAction\",\"target\":[\"https:\\\/\\\/hivetec.mk\\\/product\\\/tp-link-wireless-ac-mesh-deco-e4-1200mbps-dual-band-router-2-pack\\\/\"]}]},{\"@type\":\"ImageObject\",\"inLanguage\":\"en-US\",\"@id\":\"https:\\\/\\\/hivetec.mk\\\/product\\\/tp-link-wireless-ac-mesh-deco-e4-1200mbps-dual-band-router-2-pack\\\/#primaryimage\",\"url\":\"https:\\\/\\\/hivetec.mk\\\/wp-content\\\/uploads\\\/2025\\\/07\\\/tplinkdecoe41200mbps.jpg\",\"contentUrl\":\"https:\\\/\\\/hivetec.mk\\\/wp-content\\\/uploads\\\/2025\\\/07\\\/tplinkdecoe41200mbps.jpg\",\"width\":1024,\"height\":1024,\"caption\":\"tp link wireless ac mesh deco e4 1200mbps\"},{\"@type\":\"BreadcrumbList\",\"@id\":\"https:\\\/\\\/hivetec.mk\\\/product\\\/tp-link-wireless-ac-mesh-deco-e4-1200mbps-dual-band-router-2-pack\\\/#breadcrumb\",\"itemListElement\":[{\"@type\":\"ListItem\",\"position\":1,\"name\":\"Home\",\"item\":\"https:\\\/\\\/hivetec.mk\\\/\"},{\"@type\":\"ListItem\",\"position\":2,\"name\":\"Shop\",\"item\":\"https:\\\/\\\/hivetec.mk\\\/shop\\\/\"},{\"@type\":\"ListItem\",\"position\":3,\"name\":\"TP-Link Wireless AC MESH Deco E4 1200Mbps Dual Band Router 2-Pack\"}]},{\"@type\":\"WebSite\",\"@id\":\"https:\\\/\\\/hivetec.mk\\\/#website\",\"url\":\"https:\\\/\\\/hivetec.mk\\\/\",\"name\":\"Hivetec\",\"description\":\"\u0412\u0435\u0431 \u0448\u043e\u043f \u0437\u0430 \u043f\u0440\u043e\u0434\u0430\u0436\u0431\u0430 \u043d\u0430 \u043a\u043e\u043c\u0458\u0443\u0442\u0435\u0440\u0441\u043a\u0438 \u0445\u0430\u0440\u0434\u0432\u0435\u0440, \u0430\u043a\u0441\u0435\u0441\u043e\u0430\u0440\u0438 \u0438 \u043a\u043e\u043c\u043f\u043e\u043d\u0435\u043d\u0442\u0438.\",\"potentialAction\":[{\"@type\":\"SearchAction\",\"target\":{\"@type\":\"EntryPoint\",\"urlTemplate\":\"https:\\\/\\\/hivetec.mk\\\/?s={search_term_string}\"},\"query-input\":{\"@type\":\"PropertyValueSpecification\",\"valueRequired\":true,\"valueName\":\"search_term_string\"}}],\"inLanguage\":\"en-US\"}]}<\/script>\n<!-- \/ Yoast SEO Premium plugin. -->","yoast_head_json":{"title":"TP-Link Wireless AC MESH Deco E4 1200Mbps Dual Band Router 2-Pack - Hivetec","description":"Upgrade the Wi-Fi connection for your whole home with Deco E4 Dual-Band Mesh Wi-Fi router. Delivers Wi-Fi up to 4000 sqft. Connects up to 100 devices.","robots":{"index":"index","follow":"follow","max-snippet":"max-snippet:-1","max-image-preview":"max-image-preview:large","max-video-preview":"max-video-preview:-1"},"canonical":"https:\/\/hivetec.mk\/en\/product\/tp-link-wireless-ac-mesh-deco-e4-1200mbps-dual-band-router-2-pack\/","og_locale":"en_US","og_type":"article","og_title":"TP-Link Wireless AC MESH Deco E4 1200Mbps Dual Band Router 2-Pack","og_description":"Upgrade the Wi-Fi connection for your whole home with Deco E4 Dual-Band Mesh Wi-Fi router. Delivers Wi-Fi up to 4000 sqft. Connects up to 100 devices.","og_url":"https:\/\/hivetec.mk\/en\/product\/tp-link-wireless-ac-mesh-deco-e4-1200mbps-dual-band-router-2-pack\/","og_site_name":"Hivetec","article_publisher":"https:\/\/www.facebook.com\/hivetecmakedonija","article_modified_time":"2026-03-18T14:41:19+00:00","og_image":[{"width":1024,"height":1024,"url":"https:\/\/hivetec.mk\/wp-content\/uploads\/2025\/07\/tplinkdecoe41200mbps.jpg","type":"image\/jpeg"}],"twitter_card":"summary_large_image","twitter_misc":{"Est. reading time":"3 minutes"},"schema":{"@context":"https:\/\/schema.org","@graph":[{"@type":"WebPage","@id":"https:\/\/hivetec.mk\/product\/tp-link-wireless-ac-mesh-deco-e4-1200mbps-dual-band-router-2-pack\/","url":"https:\/\/hivetec.mk\/product\/tp-link-wireless-ac-mesh-deco-e4-1200mbps-dual-band-router-2-pack\/","name":"TP-Link Wireless AC MESH Deco E4 1200Mbps Dual Band Router 2-Pack - Hivetec","isPartOf":{"@id":"https:\/\/hivetec.mk\/#website"},"primaryImageOfPage":{"@id":"https:\/\/hivetec.mk\/product\/tp-link-wireless-ac-mesh-deco-e4-1200mbps-dual-band-router-2-pack\/#primaryimage"},"image":{"@id":"https:\/\/hivetec.mk\/product\/tp-link-wireless-ac-mesh-deco-e4-1200mbps-dual-band-router-2-pack\/#primaryimage"},"thumbnailUrl":"https:\/\/hivetec.mk\/wp-content\/uploads\/2025\/07\/tplinkdecoe41200mbps.jpg","datePublished":"2025-07-09T11:53:06+00:00","dateModified":"2026-03-18T14:41:19+00:00","description":"Upgrade the Wi-Fi connection for your whole home with Deco E4 Dual-Band Mesh Wi-Fi router. Delivers Wi-Fi up to 4000 sqft. Connects up to 100 devices.","breadcrumb":{"@id":"https:\/\/hivetec.mk\/product\/tp-link-wireless-ac-mesh-deco-e4-1200mbps-dual-band-router-2-pack\/#breadcrumb"},"inLanguage":"en-US","potentialAction":[{"@type":"ReadAction","target":["https:\/\/hivetec.mk\/product\/tp-link-wireless-ac-mesh-deco-e4-1200mbps-dual-band-router-2-pack\/"]}]},{"@type":"ImageObject","inLanguage":"en-US","@id":"https:\/\/hivetec.mk\/product\/tp-link-wireless-ac-mesh-deco-e4-1200mbps-dual-band-router-2-pack\/#primaryimage","url":"https:\/\/hivetec.mk\/wp-content\/uploads\/2025\/07\/tplinkdecoe41200mbps.jpg","contentUrl":"https:\/\/hivetec.mk\/wp-content\/uploads\/2025\/07\/tplinkdecoe41200mbps.jpg","width":1024,"height":1024,"caption":"tp link wireless ac mesh deco e4 1200mbps"},{"@type":"BreadcrumbList","@id":"https:\/\/hivetec.mk\/product\/tp-link-wireless-ac-mesh-deco-e4-1200mbps-dual-band-router-2-pack\/#breadcrumb","itemListElement":[{"@type":"ListItem","position":1,"name":"Home","item":"https:\/\/hivetec.mk\/"},{"@type":"ListItem","position":2,"name":"Shop","item":"https:\/\/hivetec.mk\/shop\/"},{"@type":"ListItem","position":3,"name":"TP-Link Wireless AC MESH Deco E4 1200Mbps Dual Band Router 2-Pack"}]},{"@type":"WebSite","@id":"https:\/\/hivetec.mk\/#website","url":"https:\/\/hivetec.mk\/","name":"Hivetec","description":"\u0412\u0435\u0431 \u0448\u043e\u043f \u0437\u0430 \u043f\u0440\u043e\u0434\u0430\u0436\u0431\u0430 \u043d\u0430 \u043a\u043e\u043c\u0458\u0443\u0442\u0435\u0440\u0441\u043a\u0438 \u0445\u0430\u0440\u0434\u0432\u0435\u0440, \u0430\u043a\u0441\u0435\u0441\u043e\u0430\u0440\u0438 \u0438 \u043a\u043e\u043c\u043f\u043e\u043d\u0435\u043d\u0442\u0438.","potentialAction":[{"@type":"SearchAction","target":{"@type":"EntryPoint","urlTemplate":"https:\/\/hivetec.mk\/?s={search_term_string}"},"query-input":{"@type":"PropertyValueSpecification","valueRequired":true,"valueName":"search_term_string"}}],"inLanguage":"en-US"}]}},"_links":{"self":[{"href":"https:\/\/hivetec.mk\/en\/wp-json\/wp\/v2\/product\/36623","targetHints":{"allow":["GET"]}}],"collection":[{"href":"https:\/\/hivetec.mk\/en\/wp-json\/wp\/v2\/product"}],"about":[{"href":"https:\/\/hivetec.mk\/en\/wp-json\/wp\/v2\/types\/product"}],"replies":[{"embeddable":true,"href":"https:\/\/hivetec.mk\/en\/wp-json\/wp\/v2\/comments?post=36623"}],"version-history":[{"count":1,"href":"https:\/\/hivetec.mk\/en\/wp-json\/wp\/v2\/product\/36623\/revisions"}],"predecessor-version":[{"id":36625,"href":"https:\/\/hivetec.mk\/en\/wp-json\/wp\/v2\/product\/36623\/revisions\/36625"}],"wp:featuredmedia":[{"embeddable":true,"href":"https:\/\/hivetec.mk\/en\/wp-json\/wp\/v2\/media\/36624"}],"wp:attachment":[{"href":"https:\/\/hivetec.mk\/en\/wp-json\/wp\/v2\/media?parent=36623"}],"wp:term":[{"taxonomy":"product_brand","embeddable":true,"href":"https:\/\/hivetec.mk\/en\/wp-json\/wp\/v2\/product_brand?post=36623"},{"taxonomy":"product_cat","embeddable":true,"href":"https:\/\/hivetec.mk\/en\/wp-json\/wp\/v2\/product_cat?post=36623"},{"taxonomy":"product_tag","embeddable":true,"href":"https:\/\/hivetec.mk\/en\/wp-json\/wp\/v2\/product_tag?post=36623"}],"curies":[{"name":"wp","href":"https:\/\/api.w.org\/{rel}","templated":true}]}}