{"id":36610,"date":"2025-07-09T12:35:29","date_gmt":"2025-07-09T11:35:29","guid":{"rendered":"https:\/\/hivetec.mk\/?post_type=product&#038;p=36610"},"modified":"2026-03-18T15:42:00","modified_gmt":"2026-03-18T14:42:00","slug":"mercusys-wireless-ax-mesh-halo-h80x-3000mbps-dual-band-router-3-pack","status":"publish","type":"product","link":"https:\/\/hivetec.mk\/en\/product\/mercusys-wireless-ax-mesh-halo-h80x-3000mbps-dual-band-router-3-pack\/","title":{"rendered":"Mercusys Wireless AX MESH Halo H80X 3000Mbps Dual Band Router 3-Pack"},"content":{"rendered":"<p>Dual Band WiFi 6 Speeds up to 3000 Mbps \u2013 2402 Mbps on 5 GHz and 574 Mbps on 2.4 GHz.\u2020<br \/>Seamless Roaming with One Unified Network \u2013 Halo units work together to automatically switch between Halos as you move around your home with a single unified WiFi name and password.\u2021<br \/>Whole Home Coverage \u2013 Blanket up to 7,000 ft\u00b2 (650 m\u00b2) with high-speed WiFi, eliminating WiFi dead zones at your home.\u2020<br \/>Connect over 150 Devices \u2013 Provide fast and stable connections over 150 devices.\u2020<br \/>Easily Manage Your Home Network \u2013 Use the MERCUSYS App to quickly set up and manage your WiFi. You can also manage your kids\u2019 online time and contents.<br \/>Full Gigabit Ports \u2013 3\u00d7 Gigabit ports per Halo unit for lightning-fast wired connections.**<br \/>*Please note that the Halo H series and S series cannot work together.<\/p>\r\n<p>WirelessWireless Standards<br \/>Wi-Fi 6<br \/>IEEE 802.11ax\/ac\/n\/a 5 GHz<br \/>IEEE 802.11ax\/n\/b\/g 2.4 GHz<\/p>\r\n<p>WiFi Speeds<br \/>2402 Mbps on 5 GHz, 574 Mbps on 2.4 GHz<\/p>\r\n<p>Reception Sensitivity<br \/>2.4GHz:<br \/>11g 6Mbps:-96.5dBm<br \/>11g 54Mbps:-78dBm<br \/>11AX HE20 MCS0:-96.5dBm<br \/>11AX HE20 MCS11:-65dBm<br \/>11AX HE40 MCS0:-93.5dBm<br \/>11AX HE40 MCS11:-63dBm<br \/>5GHz:<br \/>11a 6Mbps:-96dBm<br \/>11a 54Mbps:-78dBm<br \/>11ac VHT20 MCS8:-74.5dBm<br \/>11ac VHT40 MCS9:-70.5dBm<br \/>11ac VHT80 MCS9:-66.5dBm<br \/>11AX HE20 MCS11:-66dBm<br \/>11AX HE40 MCS11:-63dBm<br \/>11AX HE80 MCS11:-61dBm<\/p>\r\n<p>Transmission Power<br \/>2.4 GHz &lt; 20dBm (EIRP)<br \/>5 GHz &lt; 23dBm (EIRP)<\/p>\r\n<p>Wireless Security<br \/>WPA-PSK\/WPA2-PSK\/WPA3<\/p>\r\n<p>Mesh protocol<br \/>802.11k\/v\/r<\/p>\r\n<p>SoftwareOperation Modes<br \/>Router, Access Point<\/p>\r\n<p>Quality of Service<br \/>WMM<\/p>\r\n<p>WAN Type<br \/>Dynamic IP\/Static IP\/PPPoE\/L2TP\/PPTP<\/p>\r\n<p>Management<br \/>Local Management, Remote Management, Multi-Managers<\/p>\r\n<p>DHCP<br \/>Server, Client<\/p>\r\n<p>Firewall Security<br \/>SPI Firewall<\/p>\r\n<p>Protocols<br \/>Supports IPv4 and IPv6<\/p>\r\n<p>Guest Network<br \/>2.4 GHz Guest Network,<br \/>5 GHz Guest Network<\/p>\r\n<p>HardwareDimensions<br \/>5 \u00d7 3.2 \u00d7 3.3 in (128 \u00d7 81 \u00d7 83.7 mm)<\/p>\r\n<p>Interfaces<br \/>3\u00d7 Gigabit Ports per Halo Unit<br \/>(WAN\/LAN auto-sensing)<\/p>\r\n<p>Button<br \/>Reset button<\/p>\r\n<p>OthersPackage Contents<br \/>3-pack<\/p>\r\n<p>3\u00d7 Halo H80X Units<br \/>1\u00d7 RJ45 Ethernet Cable<br \/>3\u00d7 Power Adapters<br \/>Quick Installation Guide<\/p>\r\n<p>Environment<br \/>Operating Temperature: 0\u00b0C~40\u00b0C (32\u00b0F~104\u00b0F)<br \/>Operating Humidity: 10%~90% Non-Condensing<br \/>Storage Humidity: 5%~90% Non-Condensing<\/p>","protected":false},"excerpt":{"rendered":"<ul>\n<li><strong>\u041f\u0440\u043e\u0438\u0437\u0432\u043e\u0434\u0438\u0442\u0435\u043b: Mercusys<\/strong><\/li>\n<li><strong>\u0413\u0430\u0440\u0430\u043d\u0446\u0438\u0458\u0430:\u00a0720 \u0434\u0435\u043d\u0430<\/strong><\/li>\n<\/ul>","protected":false},"featured_media":36611,"comment_status":"open","ping_status":"closed","template":"","meta":{"content-type":""},"product_brand":[],"product_cat":[927],"product_tag":[],"class_list":{"0":"post-36610","1":"product","2":"type-product","3":"status-publish","4":"has-post-thumbnail","6":"product_cat-ruteri-mesh-access-point","8":"first","9":"instock","10":"sale","11":"shipping-taxable","12":"purchasable","13":"product-type-simple"},"yoast_head":"<!-- This site is optimized with the Yoast SEO Premium plugin v21.7 (Yoast SEO v27.4) - https:\/\/yoast.com\/product\/yoast-seo-premium-wordpress\/ -->\n<title>Mercusys Wireless AX MESH Halo H80X 3000Mbps Dual Band Router 3-Pack - Hivetec<\/title>\n<meta name=\"description\" content=\"Halo H80X(3-pack) \u00bb - Dual Band WiFi 6 Speeds up to 3000 Mbps \u2013 2402 Mbps on 5 GHz and 574 Mbps on 2.4 GHz. - Seamless Roaming with One Unified Network.\" \/>\n<meta name=\"robots\" content=\"index, follow, max-snippet:-1, max-image-preview:large, max-video-preview:-1\" \/>\n<link rel=\"canonical\" href=\"https:\/\/hivetec.mk\/en\/product\/mercusys-wireless-ax-mesh-halo-h80x-3000mbps-dual-band-router-3-pack\/\" \/>\n<meta property=\"og:locale\" content=\"en_US\" \/>\n<meta property=\"og:type\" content=\"article\" \/>\n<meta property=\"og:title\" content=\"Mercusys Wireless AX MESH Halo H80X 3000Mbps Dual Band Router 3-Pack\" \/>\n<meta property=\"og:description\" content=\"Halo H80X(3-pack) \u00bb - Dual Band WiFi 6 Speeds up to 3000 Mbps \u2013 2402 Mbps on 5 GHz and 574 Mbps on 2.4 GHz. - Seamless Roaming with One Unified Network.\" \/>\n<meta property=\"og:url\" content=\"https:\/\/hivetec.mk\/en\/product\/mercusys-wireless-ax-mesh-halo-h80x-3000mbps-dual-band-router-3-pack\/\" \/>\n<meta property=\"og:site_name\" content=\"Hivetec\" \/>\n<meta property=\"article:publisher\" content=\"https:\/\/www.facebook.com\/hivetecmakedonija\" \/>\n<meta property=\"article:modified_time\" content=\"2026-03-18T14:42:00+00:00\" \/>\n<meta property=\"og:image\" content=\"https:\/\/hivetec.mk\/wp-content\/uploads\/2025\/07\/h80x.jpg\" \/>\n\t<meta property=\"og:image:width\" content=\"1024\" \/>\n\t<meta property=\"og:image:height\" content=\"1024\" \/>\n\t<meta property=\"og:image:type\" content=\"image\/jpeg\" \/>\n<meta name=\"twitter:card\" content=\"summary_large_image\" \/>\n<meta name=\"twitter:label1\" content=\"Est. reading time\" \/>\n\t<meta name=\"twitter:data1\" content=\"2 minutes\" \/>\n<script type=\"application\/ld+json\" class=\"yoast-schema-graph\">{\"@context\":\"https:\\\/\\\/schema.org\",\"@graph\":[{\"@type\":\"WebPage\",\"@id\":\"https:\\\/\\\/hivetec.mk\\\/product\\\/mercusys-wireless-ax-mesh-halo-h80x-3000mbps-dual-band-router-3-pack\\\/\",\"url\":\"https:\\\/\\\/hivetec.mk\\\/product\\\/mercusys-wireless-ax-mesh-halo-h80x-3000mbps-dual-band-router-3-pack\\\/\",\"name\":\"Mercusys Wireless AX MESH Halo H80X 3000Mbps Dual Band Router 3-Pack - Hivetec\",\"isPartOf\":{\"@id\":\"https:\\\/\\\/hivetec.mk\\\/#website\"},\"primaryImageOfPage\":{\"@id\":\"https:\\\/\\\/hivetec.mk\\\/product\\\/mercusys-wireless-ax-mesh-halo-h80x-3000mbps-dual-band-router-3-pack\\\/#primaryimage\"},\"image\":{\"@id\":\"https:\\\/\\\/hivetec.mk\\\/product\\\/mercusys-wireless-ax-mesh-halo-h80x-3000mbps-dual-band-router-3-pack\\\/#primaryimage\"},\"thumbnailUrl\":\"https:\\\/\\\/hivetec.mk\\\/wp-content\\\/uploads\\\/2025\\\/07\\\/h80x.jpg\",\"datePublished\":\"2025-07-09T11:35:29+00:00\",\"dateModified\":\"2026-03-18T14:42:00+00:00\",\"description\":\"Halo H80X(3-pack) \u00bb - Dual Band WiFi 6 Speeds up to 3000 Mbps \u2013 2402 Mbps on 5 GHz and 574 Mbps on 2.4 GHz. - Seamless Roaming with One Unified Network.\",\"breadcrumb\":{\"@id\":\"https:\\\/\\\/hivetec.mk\\\/product\\\/mercusys-wireless-ax-mesh-halo-h80x-3000mbps-dual-band-router-3-pack\\\/#breadcrumb\"},\"inLanguage\":\"en-US\",\"potentialAction\":[{\"@type\":\"ReadAction\",\"target\":[\"https:\\\/\\\/hivetec.mk\\\/product\\\/mercusys-wireless-ax-mesh-halo-h80x-3000mbps-dual-band-router-3-pack\\\/\"]}]},{\"@type\":\"ImageObject\",\"inLanguage\":\"en-US\",\"@id\":\"https:\\\/\\\/hivetec.mk\\\/product\\\/mercusys-wireless-ax-mesh-halo-h80x-3000mbps-dual-band-router-3-pack\\\/#primaryimage\",\"url\":\"https:\\\/\\\/hivetec.mk\\\/wp-content\\\/uploads\\\/2025\\\/07\\\/h80x.jpg\",\"contentUrl\":\"https:\\\/\\\/hivetec.mk\\\/wp-content\\\/uploads\\\/2025\\\/07\\\/h80x.jpg\",\"width\":1024,\"height\":1024,\"caption\":\"mercusys wireless ax mesh halo h80x 3000mbps\"},{\"@type\":\"BreadcrumbList\",\"@id\":\"https:\\\/\\\/hivetec.mk\\\/product\\\/mercusys-wireless-ax-mesh-halo-h80x-3000mbps-dual-band-router-3-pack\\\/#breadcrumb\",\"itemListElement\":[{\"@type\":\"ListItem\",\"position\":1,\"name\":\"Home\",\"item\":\"https:\\\/\\\/hivetec.mk\\\/\"},{\"@type\":\"ListItem\",\"position\":2,\"name\":\"Shop\",\"item\":\"https:\\\/\\\/hivetec.mk\\\/shop\\\/\"},{\"@type\":\"ListItem\",\"position\":3,\"name\":\"Mercusys Wireless AX MESH Halo H80X 3000Mbps Dual Band Router 3-Pack\"}]},{\"@type\":\"WebSite\",\"@id\":\"https:\\\/\\\/hivetec.mk\\\/#website\",\"url\":\"https:\\\/\\\/hivetec.mk\\\/\",\"name\":\"Hivetec\",\"description\":\"\u0412\u0435\u0431 \u0448\u043e\u043f \u0437\u0430 \u043f\u0440\u043e\u0434\u0430\u0436\u0431\u0430 \u043d\u0430 \u043a\u043e\u043c\u0458\u0443\u0442\u0435\u0440\u0441\u043a\u0438 \u0445\u0430\u0440\u0434\u0432\u0435\u0440, \u0430\u043a\u0441\u0435\u0441\u043e\u0430\u0440\u0438 \u0438 \u043a\u043e\u043c\u043f\u043e\u043d\u0435\u043d\u0442\u0438.\",\"potentialAction\":[{\"@type\":\"SearchAction\",\"target\":{\"@type\":\"EntryPoint\",\"urlTemplate\":\"https:\\\/\\\/hivetec.mk\\\/?s={search_term_string}\"},\"query-input\":{\"@type\":\"PropertyValueSpecification\",\"valueRequired\":true,\"valueName\":\"search_term_string\"}}],\"inLanguage\":\"en-US\"}]}<\/script>\n<!-- \/ Yoast SEO Premium plugin. -->","yoast_head_json":{"title":"Mercusys Wireless AX MESH Halo H80X 3000Mbps Dual Band Router 3-Pack - Hivetec","description":"Halo H80X(3-pack) \u00bb - Dual Band WiFi 6 Speeds up to 3000 Mbps \u2013 2402 Mbps on 5 GHz and 574 Mbps on 2.4 GHz. - Seamless Roaming with One Unified Network.","robots":{"index":"index","follow":"follow","max-snippet":"max-snippet:-1","max-image-preview":"max-image-preview:large","max-video-preview":"max-video-preview:-1"},"canonical":"https:\/\/hivetec.mk\/en\/product\/mercusys-wireless-ax-mesh-halo-h80x-3000mbps-dual-band-router-3-pack\/","og_locale":"en_US","og_type":"article","og_title":"Mercusys Wireless AX MESH Halo H80X 3000Mbps Dual Band Router 3-Pack","og_description":"Halo H80X(3-pack) \u00bb - Dual Band WiFi 6 Speeds up to 3000 Mbps \u2013 2402 Mbps on 5 GHz and 574 Mbps on 2.4 GHz. - Seamless Roaming with One Unified Network.","og_url":"https:\/\/hivetec.mk\/en\/product\/mercusys-wireless-ax-mesh-halo-h80x-3000mbps-dual-band-router-3-pack\/","og_site_name":"Hivetec","article_publisher":"https:\/\/www.facebook.com\/hivetecmakedonija","article_modified_time":"2026-03-18T14:42:00+00:00","og_image":[{"width":1024,"height":1024,"url":"https:\/\/hivetec.mk\/wp-content\/uploads\/2025\/07\/h80x.jpg","type":"image\/jpeg"}],"twitter_card":"summary_large_image","twitter_misc":{"Est. reading time":"2 minutes"},"schema":{"@context":"https:\/\/schema.org","@graph":[{"@type":"WebPage","@id":"https:\/\/hivetec.mk\/product\/mercusys-wireless-ax-mesh-halo-h80x-3000mbps-dual-band-router-3-pack\/","url":"https:\/\/hivetec.mk\/product\/mercusys-wireless-ax-mesh-halo-h80x-3000mbps-dual-band-router-3-pack\/","name":"Mercusys Wireless AX MESH Halo H80X 3000Mbps Dual Band Router 3-Pack - Hivetec","isPartOf":{"@id":"https:\/\/hivetec.mk\/#website"},"primaryImageOfPage":{"@id":"https:\/\/hivetec.mk\/product\/mercusys-wireless-ax-mesh-halo-h80x-3000mbps-dual-band-router-3-pack\/#primaryimage"},"image":{"@id":"https:\/\/hivetec.mk\/product\/mercusys-wireless-ax-mesh-halo-h80x-3000mbps-dual-band-router-3-pack\/#primaryimage"},"thumbnailUrl":"https:\/\/hivetec.mk\/wp-content\/uploads\/2025\/07\/h80x.jpg","datePublished":"2025-07-09T11:35:29+00:00","dateModified":"2026-03-18T14:42:00+00:00","description":"Halo H80X(3-pack) \u00bb - Dual Band WiFi 6 Speeds up to 3000 Mbps \u2013 2402 Mbps on 5 GHz and 574 Mbps on 2.4 GHz. - Seamless Roaming with One Unified Network.","breadcrumb":{"@id":"https:\/\/hivetec.mk\/product\/mercusys-wireless-ax-mesh-halo-h80x-3000mbps-dual-band-router-3-pack\/#breadcrumb"},"inLanguage":"en-US","potentialAction":[{"@type":"ReadAction","target":["https:\/\/hivetec.mk\/product\/mercusys-wireless-ax-mesh-halo-h80x-3000mbps-dual-band-router-3-pack\/"]}]},{"@type":"ImageObject","inLanguage":"en-US","@id":"https:\/\/hivetec.mk\/product\/mercusys-wireless-ax-mesh-halo-h80x-3000mbps-dual-band-router-3-pack\/#primaryimage","url":"https:\/\/hivetec.mk\/wp-content\/uploads\/2025\/07\/h80x.jpg","contentUrl":"https:\/\/hivetec.mk\/wp-content\/uploads\/2025\/07\/h80x.jpg","width":1024,"height":1024,"caption":"mercusys wireless ax mesh halo h80x 3000mbps"},{"@type":"BreadcrumbList","@id":"https:\/\/hivetec.mk\/product\/mercusys-wireless-ax-mesh-halo-h80x-3000mbps-dual-band-router-3-pack\/#breadcrumb","itemListElement":[{"@type":"ListItem","position":1,"name":"Home","item":"https:\/\/hivetec.mk\/"},{"@type":"ListItem","position":2,"name":"Shop","item":"https:\/\/hivetec.mk\/shop\/"},{"@type":"ListItem","position":3,"name":"Mercusys Wireless AX MESH Halo H80X 3000Mbps Dual Band Router 3-Pack"}]},{"@type":"WebSite","@id":"https:\/\/hivetec.mk\/#website","url":"https:\/\/hivetec.mk\/","name":"Hivetec","description":"\u0412\u0435\u0431 \u0448\u043e\u043f \u0437\u0430 \u043f\u0440\u043e\u0434\u0430\u0436\u0431\u0430 \u043d\u0430 \u043a\u043e\u043c\u0458\u0443\u0442\u0435\u0440\u0441\u043a\u0438 \u0445\u0430\u0440\u0434\u0432\u0435\u0440, \u0430\u043a\u0441\u0435\u0441\u043e\u0430\u0440\u0438 \u0438 \u043a\u043e\u043c\u043f\u043e\u043d\u0435\u043d\u0442\u0438.","potentialAction":[{"@type":"SearchAction","target":{"@type":"EntryPoint","urlTemplate":"https:\/\/hivetec.mk\/?s={search_term_string}"},"query-input":{"@type":"PropertyValueSpecification","valueRequired":true,"valueName":"search_term_string"}}],"inLanguage":"en-US"}]}},"_links":{"self":[{"href":"https:\/\/hivetec.mk\/en\/wp-json\/wp\/v2\/product\/36610","targetHints":{"allow":["GET"]}}],"collection":[{"href":"https:\/\/hivetec.mk\/en\/wp-json\/wp\/v2\/product"}],"about":[{"href":"https:\/\/hivetec.mk\/en\/wp-json\/wp\/v2\/types\/product"}],"replies":[{"embeddable":true,"href":"https:\/\/hivetec.mk\/en\/wp-json\/wp\/v2\/comments?post=36610"}],"version-history":[{"count":1,"href":"https:\/\/hivetec.mk\/en\/wp-json\/wp\/v2\/product\/36610\/revisions"}],"predecessor-version":[{"id":36612,"href":"https:\/\/hivetec.mk\/en\/wp-json\/wp\/v2\/product\/36610\/revisions\/36612"}],"wp:featuredmedia":[{"embeddable":true,"href":"https:\/\/hivetec.mk\/en\/wp-json\/wp\/v2\/media\/36611"}],"wp:attachment":[{"href":"https:\/\/hivetec.mk\/en\/wp-json\/wp\/v2\/media?parent=36610"}],"wp:term":[{"taxonomy":"product_brand","embeddable":true,"href":"https:\/\/hivetec.mk\/en\/wp-json\/wp\/v2\/product_brand?post=36610"},{"taxonomy":"product_cat","embeddable":true,"href":"https:\/\/hivetec.mk\/en\/wp-json\/wp\/v2\/product_cat?post=36610"},{"taxonomy":"product_tag","embeddable":true,"href":"https:\/\/hivetec.mk\/en\/wp-json\/wp\/v2\/product_tag?post=36610"}],"curies":[{"name":"wp","href":"https:\/\/api.w.org\/{rel}","templated":true}]}}