{"id":36606,"date":"2025-07-09T12:31:57","date_gmt":"2025-07-09T11:31:57","guid":{"rendered":"https:\/\/hivetec.mk\/?post_type=product&#038;p=36606"},"modified":"2025-11-30T22:06:20","modified_gmt":"2025-11-30T21:06:20","slug":"tp-link-wireless-be-dual-band-gigabit-router-3600mbps-wi-fi-7-archer-be230","status":"publish","type":"product","link":"https:\/\/hivetec.mk\/en\/product\/tp-link-wireless-be-dual-band-gigabit-router-3600mbps-wi-fi-7-archer-be230\/","title":{"rendered":"TP-Link Wireless BE Dual-Band Gigabit Router 3600Mbps Wi-Fi 7 Archer BE230"},"content":{"rendered":"<p>\u2022 3.6 Gbps Dual-Band WiFi 7: Enables your devices to run at full speed. Enjoy fluent 4K\/8K streaming, immersive AR\/VR gaming, and blazing-fast downloads.<br \/>\u2022 2\u00d7 2.5G Ports: 1\u00d7 2.5 Gbps WAN port, 1\u00d7 2.5 Gbps LAN port and 3\u00d7 1 Gbps LAN ports offer high-speed data transmissions.<br \/>\u2022 Maximized Coverage: 4\u00d7 external antennas along with Beamforming deliver more capacity, stronger and more reliable connections, and less interference.<br \/>\u2022 EasyMesh-Compatible: Works with EasyMesh routers and range extenders to form seamless whole home Mesh WiFi, preventing drops and lag when moving between signals.<br \/>\u2022 Easy Setup and Use: Network management has never been easier with the Tether app.<br \/>\u2022 TP-Link HomeShield: Enhanced security defends against the latest cyber threats.<br \/>\u2022 Great Compatibility: Supports all Wi-Fi generations and devices**and all internet providers.<\/p>\r\n<p>WIRELESS<br \/>WiFi Speeds: BE3600<br \/>\u2022 5 GHz: 2882 Mbps (802.11be)<br \/>\u2022 2.4 GHz: 688 Mbps (802.11be)<br \/>WiFi Range: 3 Bedroom Houses<br \/>4\u00d7 External Antennas<br \/>Multiple antennas form a signal-boosting array to cover more directions and large areas<br \/>Beamforming<br \/>Concentrates wireless signal strength towards clients to expand WiFi range<br \/>WiFi Capacity: High<br \/>Dual-Band<br \/>Allocate devices to different bands for optimal performance<br \/>2\u00d72 MU-MIMO<br \/>Simultaneously communicates with multiple MU-MIMO clients<br \/>OFDMA<br \/>Simultaneously communicates with multiple clients<br \/>Airtime Fairness<br \/>Improves network efficiency by limiting excessive occupation<br \/>DFS<br \/>Access an extra band to reduce congestion<br \/>4 Streams<br \/>Connect your devices to more bandwidth<br \/>Advanced Features: \u2022 Multi-Link Operation (MLO)<br \/>\u2022 4K-QAM<br \/>\u2022 Multi-RUs<br \/>\u2022 EasyMesh-Compatible<br \/>\u2022 Works with Alexa and Google Assistant<br \/>\u2022 IoT Network<br \/>Wireless Mode: \u2022 Router Mode<br \/>\u2022 Access Point Mode<\/p>\r\n<p>SECURITY<br \/>Network Security: \u2022 SPI Firewall<br \/>\u2022 Access Control<br \/>\u2022 IP &amp; MAC Binding<br \/>\u2022 Application Layer Gateway<br \/>\u2022 HomeShield Security<br \/>Real-Time IoT Protection<br \/>Malicious Site Blocker<br \/>Intrusion Prevention System<br \/>DDoS Attack Prevention<br \/>Home Network Scanner<br \/>Guest Network: \u2022 1\u00d7 5 GHz Guest Network<br \/>\u2022 1\u00d7 2.4 GHz Guest Network<br \/>VPN Server: \u2022 OpenVPN Server<br \/>\u2022 PPTP VPN Server<br \/>\u2022 L2TP VPN Server<br \/>\u2022 WireGuard VPN Server<br \/>VPN Client: \u2022 Open VPN Client<br \/>\u2022 PPTP VPN Client<br \/>\u2022 L2TP VPN Client<br \/>\u2022 WireGuard VPN Client<br \/>WiFi Encryption: \u2022 WPA<br \/>\u2022 WPA2<br \/>\u2022 WPA3<br \/>\u2022 WPA\/WPA2-Enterprise (802.1x)<\/p>\r\n<p>HARDWARE<br \/>Ethernet Ports: \u2022 1\u00d7 2.5 Gbps WAN<br \/>\u2022 1\u00d7 2.5 Gbps LAN<br \/>\u2022 3\u00d7 1 Gbps LAN<br \/>USB Support: 1\u00d7 USB 3.0<br \/>\u2022 Supported Partition Formats:<br \/>NTFS, exFAT, HFS+, FAT32<br \/>\u2022 Supported Functions:<br \/>FTP Server<br \/>Media Server<br \/>Samba Server<br \/>Buttons: \u2022 Power On\/Off Button<br \/>\u2022 Wi-Fi On\/Off Button<br \/>\u2022 LED Button<br \/>\u2022 WPS Button<br \/>\u2022 Reset Button<br \/>Power: 12 V \u2393 2 A (US)<br \/>12 V \u2393 1.5 A (EU)<\/p>","protected":false},"excerpt":{"rendered":"<ul>\n<li><strong>\u041f\u0440\u043e\u0438\u0437\u0432\u043e\u0434\u0438\u0442\u0435\u043b:\u00a0TP-LINK<\/strong><\/li>\n<li><strong>\u0413\u0430\u0440\u0430\u043d\u0446\u0438\u0458\u0430:\u00a0720 \u0434\u0435\u043d\u0430<\/strong><\/li>\n<\/ul>","protected":false},"featured_media":36607,"comment_status":"open","ping_status":"closed","template":"","meta":{"content-type":""},"product_brand":[],"product_cat":[927],"product_tag":[],"class_list":{"0":"post-36606","1":"product","2":"type-product","3":"status-publish","4":"has-post-thumbnail","6":"product_cat-ruteri-mesh-access-point","8":"first","9":"instock","10":"sale","11":"shipping-taxable","12":"purchasable","13":"product-type-simple"},"yoast_head":"<!-- This site is optimized with the Yoast SEO Premium plugin v21.7 (Yoast SEO v27.4) - https:\/\/yoast.com\/product\/yoast-seo-premium-wordpress\/ -->\n<title>TP-Link Wireless BE Dual-Band Gigabit Router 3600Mbps Wi-Fi 7 Archer BE230 - Hivetec<\/title>\n<meta name=\"description\" content=\"Powered by Wi-Fi 7 technology, Archer BE230 delivers an incredible wireless rate of up to 3.6 Gbps, enabling your devices to run at full speed.\" \/>\n<meta name=\"robots\" content=\"index, follow, max-snippet:-1, max-image-preview:large, max-video-preview:-1\" \/>\n<link rel=\"canonical\" href=\"https:\/\/hivetec.mk\/en\/product\/tp-link-wireless-be-dual-band-gigabit-router-3600mbps-wi-fi-7-archer-be230\/\" \/>\n<meta property=\"og:locale\" content=\"en_US\" \/>\n<meta property=\"og:type\" content=\"article\" \/>\n<meta property=\"og:title\" content=\"TP-Link Wireless BE Dual-Band Gigabit Router 3600Mbps Wi-Fi 7 Archer BE230\" \/>\n<meta property=\"og:description\" content=\"Powered by Wi-Fi 7 technology, Archer BE230 delivers an incredible wireless rate of up to 3.6 Gbps, enabling your devices to run at full speed.\" \/>\n<meta property=\"og:url\" content=\"https:\/\/hivetec.mk\/en\/product\/tp-link-wireless-be-dual-band-gigabit-router-3600mbps-wi-fi-7-archer-be230\/\" \/>\n<meta property=\"og:site_name\" content=\"Hivetec\" \/>\n<meta property=\"article:publisher\" content=\"https:\/\/www.facebook.com\/hivetecmakedonija\" \/>\n<meta property=\"article:modified_time\" content=\"2025-11-30T21:06:20+00:00\" \/>\n<meta property=\"og:image\" content=\"https:\/\/hivetec.mk\/wp-content\/uploads\/2025\/07\/tplinkbedualband.jpg\" \/>\n\t<meta property=\"og:image:width\" content=\"1024\" \/>\n\t<meta property=\"og:image:height\" content=\"1024\" \/>\n\t<meta property=\"og:image:type\" content=\"image\/jpeg\" \/>\n<meta name=\"twitter:card\" content=\"summary_large_image\" \/>\n<meta name=\"twitter:label1\" content=\"Est. reading time\" \/>\n\t<meta name=\"twitter:data1\" content=\"3 minutes\" \/>\n<script type=\"application\/ld+json\" class=\"yoast-schema-graph\">{\"@context\":\"https:\\\/\\\/schema.org\",\"@graph\":[{\"@type\":\"WebPage\",\"@id\":\"https:\\\/\\\/hivetec.mk\\\/product\\\/tp-link-wireless-be-dual-band-gigabit-router-3600mbps-wi-fi-7-archer-be230\\\/\",\"url\":\"https:\\\/\\\/hivetec.mk\\\/product\\\/tp-link-wireless-be-dual-band-gigabit-router-3600mbps-wi-fi-7-archer-be230\\\/\",\"name\":\"TP-Link Wireless BE Dual-Band Gigabit Router 3600Mbps Wi-Fi 7 Archer BE230 - Hivetec\",\"isPartOf\":{\"@id\":\"https:\\\/\\\/hivetec.mk\\\/#website\"},\"primaryImageOfPage\":{\"@id\":\"https:\\\/\\\/hivetec.mk\\\/product\\\/tp-link-wireless-be-dual-band-gigabit-router-3600mbps-wi-fi-7-archer-be230\\\/#primaryimage\"},\"image\":{\"@id\":\"https:\\\/\\\/hivetec.mk\\\/product\\\/tp-link-wireless-be-dual-band-gigabit-router-3600mbps-wi-fi-7-archer-be230\\\/#primaryimage\"},\"thumbnailUrl\":\"https:\\\/\\\/hivetec.mk\\\/wp-content\\\/uploads\\\/2025\\\/07\\\/tplinkbedualband.jpg\",\"datePublished\":\"2025-07-09T11:31:57+00:00\",\"dateModified\":\"2025-11-30T21:06:20+00:00\",\"description\":\"Powered by Wi-Fi 7 technology, Archer BE230 delivers an incredible wireless rate of up to 3.6 Gbps, enabling your devices to run at full speed.\",\"breadcrumb\":{\"@id\":\"https:\\\/\\\/hivetec.mk\\\/product\\\/tp-link-wireless-be-dual-band-gigabit-router-3600mbps-wi-fi-7-archer-be230\\\/#breadcrumb\"},\"inLanguage\":\"en-US\",\"potentialAction\":[{\"@type\":\"ReadAction\",\"target\":[\"https:\\\/\\\/hivetec.mk\\\/product\\\/tp-link-wireless-be-dual-band-gigabit-router-3600mbps-wi-fi-7-archer-be230\\\/\"]}]},{\"@type\":\"ImageObject\",\"inLanguage\":\"en-US\",\"@id\":\"https:\\\/\\\/hivetec.mk\\\/product\\\/tp-link-wireless-be-dual-band-gigabit-router-3600mbps-wi-fi-7-archer-be230\\\/#primaryimage\",\"url\":\"https:\\\/\\\/hivetec.mk\\\/wp-content\\\/uploads\\\/2025\\\/07\\\/tplinkbedualband.jpg\",\"contentUrl\":\"https:\\\/\\\/hivetec.mk\\\/wp-content\\\/uploads\\\/2025\\\/07\\\/tplinkbedualband.jpg\",\"width\":1024,\"height\":1024,\"caption\":\"tp link wireless be dual band gigabit router 3600mbps\"},{\"@type\":\"BreadcrumbList\",\"@id\":\"https:\\\/\\\/hivetec.mk\\\/product\\\/tp-link-wireless-be-dual-band-gigabit-router-3600mbps-wi-fi-7-archer-be230\\\/#breadcrumb\",\"itemListElement\":[{\"@type\":\"ListItem\",\"position\":1,\"name\":\"Home\",\"item\":\"https:\\\/\\\/hivetec.mk\\\/\"},{\"@type\":\"ListItem\",\"position\":2,\"name\":\"Shop\",\"item\":\"https:\\\/\\\/hivetec.mk\\\/shop\\\/\"},{\"@type\":\"ListItem\",\"position\":3,\"name\":\"TP-Link Wireless BE Dual-Band Gigabit Router 3600Mbps Wi-Fi 7 Archer BE230\"}]},{\"@type\":\"WebSite\",\"@id\":\"https:\\\/\\\/hivetec.mk\\\/#website\",\"url\":\"https:\\\/\\\/hivetec.mk\\\/\",\"name\":\"Hivetec\",\"description\":\"\u0412\u0435\u0431 \u0448\u043e\u043f \u0437\u0430 \u043f\u0440\u043e\u0434\u0430\u0436\u0431\u0430 \u043d\u0430 \u043a\u043e\u043c\u0458\u0443\u0442\u0435\u0440\u0441\u043a\u0438 \u0445\u0430\u0440\u0434\u0432\u0435\u0440, \u0430\u043a\u0441\u0435\u0441\u043e\u0430\u0440\u0438 \u0438 \u043a\u043e\u043c\u043f\u043e\u043d\u0435\u043d\u0442\u0438.\",\"potentialAction\":[{\"@type\":\"SearchAction\",\"target\":{\"@type\":\"EntryPoint\",\"urlTemplate\":\"https:\\\/\\\/hivetec.mk\\\/?s={search_term_string}\"},\"query-input\":{\"@type\":\"PropertyValueSpecification\",\"valueRequired\":true,\"valueName\":\"search_term_string\"}}],\"inLanguage\":\"en-US\"}]}<\/script>\n<!-- \/ Yoast SEO Premium plugin. -->","yoast_head_json":{"title":"TP-Link Wireless BE Dual-Band Gigabit Router 3600Mbps Wi-Fi 7 Archer BE230 - Hivetec","description":"Powered by Wi-Fi 7 technology, Archer BE230 delivers an incredible wireless rate of up to 3.6 Gbps, enabling your devices to run at full speed.","robots":{"index":"index","follow":"follow","max-snippet":"max-snippet:-1","max-image-preview":"max-image-preview:large","max-video-preview":"max-video-preview:-1"},"canonical":"https:\/\/hivetec.mk\/en\/product\/tp-link-wireless-be-dual-band-gigabit-router-3600mbps-wi-fi-7-archer-be230\/","og_locale":"en_US","og_type":"article","og_title":"TP-Link Wireless BE Dual-Band Gigabit Router 3600Mbps Wi-Fi 7 Archer BE230","og_description":"Powered by Wi-Fi 7 technology, Archer BE230 delivers an incredible wireless rate of up to 3.6 Gbps, enabling your devices to run at full speed.","og_url":"https:\/\/hivetec.mk\/en\/product\/tp-link-wireless-be-dual-band-gigabit-router-3600mbps-wi-fi-7-archer-be230\/","og_site_name":"Hivetec","article_publisher":"https:\/\/www.facebook.com\/hivetecmakedonija","article_modified_time":"2025-11-30T21:06:20+00:00","og_image":[{"width":1024,"height":1024,"url":"https:\/\/hivetec.mk\/wp-content\/uploads\/2025\/07\/tplinkbedualband.jpg","type":"image\/jpeg"}],"twitter_card":"summary_large_image","twitter_misc":{"Est. reading time":"3 minutes"},"schema":{"@context":"https:\/\/schema.org","@graph":[{"@type":"WebPage","@id":"https:\/\/hivetec.mk\/product\/tp-link-wireless-be-dual-band-gigabit-router-3600mbps-wi-fi-7-archer-be230\/","url":"https:\/\/hivetec.mk\/product\/tp-link-wireless-be-dual-band-gigabit-router-3600mbps-wi-fi-7-archer-be230\/","name":"TP-Link Wireless BE Dual-Band Gigabit Router 3600Mbps Wi-Fi 7 Archer BE230 - Hivetec","isPartOf":{"@id":"https:\/\/hivetec.mk\/#website"},"primaryImageOfPage":{"@id":"https:\/\/hivetec.mk\/product\/tp-link-wireless-be-dual-band-gigabit-router-3600mbps-wi-fi-7-archer-be230\/#primaryimage"},"image":{"@id":"https:\/\/hivetec.mk\/product\/tp-link-wireless-be-dual-band-gigabit-router-3600mbps-wi-fi-7-archer-be230\/#primaryimage"},"thumbnailUrl":"https:\/\/hivetec.mk\/wp-content\/uploads\/2025\/07\/tplinkbedualband.jpg","datePublished":"2025-07-09T11:31:57+00:00","dateModified":"2025-11-30T21:06:20+00:00","description":"Powered by Wi-Fi 7 technology, Archer BE230 delivers an incredible wireless rate of up to 3.6 Gbps, enabling your devices to run at full speed.","breadcrumb":{"@id":"https:\/\/hivetec.mk\/product\/tp-link-wireless-be-dual-band-gigabit-router-3600mbps-wi-fi-7-archer-be230\/#breadcrumb"},"inLanguage":"en-US","potentialAction":[{"@type":"ReadAction","target":["https:\/\/hivetec.mk\/product\/tp-link-wireless-be-dual-band-gigabit-router-3600mbps-wi-fi-7-archer-be230\/"]}]},{"@type":"ImageObject","inLanguage":"en-US","@id":"https:\/\/hivetec.mk\/product\/tp-link-wireless-be-dual-band-gigabit-router-3600mbps-wi-fi-7-archer-be230\/#primaryimage","url":"https:\/\/hivetec.mk\/wp-content\/uploads\/2025\/07\/tplinkbedualband.jpg","contentUrl":"https:\/\/hivetec.mk\/wp-content\/uploads\/2025\/07\/tplinkbedualband.jpg","width":1024,"height":1024,"caption":"tp link wireless be dual band gigabit router 3600mbps"},{"@type":"BreadcrumbList","@id":"https:\/\/hivetec.mk\/product\/tp-link-wireless-be-dual-band-gigabit-router-3600mbps-wi-fi-7-archer-be230\/#breadcrumb","itemListElement":[{"@type":"ListItem","position":1,"name":"Home","item":"https:\/\/hivetec.mk\/"},{"@type":"ListItem","position":2,"name":"Shop","item":"https:\/\/hivetec.mk\/shop\/"},{"@type":"ListItem","position":3,"name":"TP-Link Wireless BE Dual-Band Gigabit Router 3600Mbps Wi-Fi 7 Archer BE230"}]},{"@type":"WebSite","@id":"https:\/\/hivetec.mk\/#website","url":"https:\/\/hivetec.mk\/","name":"Hivetec","description":"\u0412\u0435\u0431 \u0448\u043e\u043f \u0437\u0430 \u043f\u0440\u043e\u0434\u0430\u0436\u0431\u0430 \u043d\u0430 \u043a\u043e\u043c\u0458\u0443\u0442\u0435\u0440\u0441\u043a\u0438 \u0445\u0430\u0440\u0434\u0432\u0435\u0440, \u0430\u043a\u0441\u0435\u0441\u043e\u0430\u0440\u0438 \u0438 \u043a\u043e\u043c\u043f\u043e\u043d\u0435\u043d\u0442\u0438.","potentialAction":[{"@type":"SearchAction","target":{"@type":"EntryPoint","urlTemplate":"https:\/\/hivetec.mk\/?s={search_term_string}"},"query-input":{"@type":"PropertyValueSpecification","valueRequired":true,"valueName":"search_term_string"}}],"inLanguage":"en-US"}]}},"_links":{"self":[{"href":"https:\/\/hivetec.mk\/en\/wp-json\/wp\/v2\/product\/36606","targetHints":{"allow":["GET"]}}],"collection":[{"href":"https:\/\/hivetec.mk\/en\/wp-json\/wp\/v2\/product"}],"about":[{"href":"https:\/\/hivetec.mk\/en\/wp-json\/wp\/v2\/types\/product"}],"replies":[{"embeddable":true,"href":"https:\/\/hivetec.mk\/en\/wp-json\/wp\/v2\/comments?post=36606"}],"version-history":[{"count":1,"href":"https:\/\/hivetec.mk\/en\/wp-json\/wp\/v2\/product\/36606\/revisions"}],"predecessor-version":[{"id":36609,"href":"https:\/\/hivetec.mk\/en\/wp-json\/wp\/v2\/product\/36606\/revisions\/36609"}],"wp:featuredmedia":[{"embeddable":true,"href":"https:\/\/hivetec.mk\/en\/wp-json\/wp\/v2\/media\/36607"}],"wp:attachment":[{"href":"https:\/\/hivetec.mk\/en\/wp-json\/wp\/v2\/media?parent=36606"}],"wp:term":[{"taxonomy":"product_brand","embeddable":true,"href":"https:\/\/hivetec.mk\/en\/wp-json\/wp\/v2\/product_brand?post=36606"},{"taxonomy":"product_cat","embeddable":true,"href":"https:\/\/hivetec.mk\/en\/wp-json\/wp\/v2\/product_cat?post=36606"},{"taxonomy":"product_tag","embeddable":true,"href":"https:\/\/hivetec.mk\/en\/wp-json\/wp\/v2\/product_tag?post=36606"}],"curies":[{"name":"wp","href":"https:\/\/api.w.org\/{rel}","templated":true}]}}