{"id":36563,"date":"2025-07-09T11:28:13","date_gmt":"2025-07-09T10:28:13","guid":{"rendered":"https:\/\/hivetec.mk\/?post_type=product&#038;p=36563"},"modified":"2025-12-01T00:21:51","modified_gmt":"2025-11-30T23:21:51","slug":"tp-link-wireless-ax3000-ceiling-mount-wifi-6-access-point-eap650","status":"publish","type":"product","link":"https:\/\/hivetec.mk\/en\/product\/tp-link-wireless-ax3000-ceiling-mount-wifi-6-access-point-eap650\/","title":{"rendered":"TP-Link Wireless AX3000 Ceiling Mount WiFi 6 Access Point EAP650"},"content":{"rendered":"<p>\u2022 Integrated into Omada SDN: Zero-Touch Provisioning (ZTP)**, Centralized Cloud Management, and Intelligent Monitoring.<br \/>\u2022 Centralized Management: Cloud access and Omada app for ultra convenience and easy management.<br \/>\u2022 Gigabit Ports: 1 gigabit SFP and 5 gigabit RJ45 ports provide high-speed wired connectivity.<br \/>\u2022 Up to 4 WAN Ports: 1 gigabit SFP WAN port, 1 gigabit RJ45 WAN port, 2 gigabit WAN\/LAN ports optimize bandwidth usage.<br \/>\u2022 Highly Secure VPN: Supports up to 100\u00d7 LAN-to-LAN Ipsec, 50\u00d7 OpenVPN*, 50\u00d7 L2TP, and 50\u00d7 PPTP VPN connections.<br \/>\u2022 Abundant Security Features: Advanced firewall policies, DoS defense,IP\/MAC\/URL filtering, and more security functions protect your network and data.<\/p>","protected":false},"excerpt":{"rendered":"<ul>\n<li><strong>\u041f\u0440\u043e\u0438\u0437\u0432\u043e\u0434\u0438\u0442\u0435\u043b:\u00a0TP-LINK<\/strong><\/li>\n<li><strong>\u0413\u0430\u0440\u0430\u043d\u0446\u0438\u0458\u0430:\u00a0720 \u0434\u0435\u043d\u0430<\/strong><\/li>\n<\/ul>","protected":false},"featured_media":36564,"comment_status":"open","ping_status":"closed","template":"","meta":{"content-type":""},"product_brand":[],"product_cat":[927],"product_tag":[],"class_list":{"0":"post-36563","1":"product","2":"type-product","3":"status-publish","4":"has-post-thumbnail","6":"product_cat-ruteri-mesh-access-point","8":"first","9":"outofstock","10":"sale","11":"shipping-taxable","12":"purchasable","13":"product-type-simple"},"yoast_head":"<!-- This site is optimized with the Yoast SEO Premium plugin v21.7 (Yoast SEO v27.4) - https:\/\/yoast.com\/product\/yoast-seo-premium-wordpress\/ -->\n<title>TP-Link Wireless AX3000 Ceiling Mount WiFi 6 Access Point EAP650 - Hivetec<\/title>\n<meta name=\"description\" content=\"EAP650 is an AX3000 Ceiling Mount WiFi 6 Access Point with compact design, and is ideal for business scenarios requiring high performance, such as offices.\" \/>\n<meta name=\"robots\" content=\"index, follow, max-snippet:-1, max-image-preview:large, max-video-preview:-1\" \/>\n<link rel=\"canonical\" href=\"https:\/\/hivetec.mk\/en\/product\/tp-link-wireless-ax3000-ceiling-mount-wifi-6-access-point-eap650\/\" \/>\n<meta property=\"og:locale\" content=\"en_US\" \/>\n<meta property=\"og:type\" content=\"article\" \/>\n<meta property=\"og:title\" content=\"TP-Link Wireless AX3000 Ceiling Mount WiFi 6 Access Point EAP650\" \/>\n<meta property=\"og:description\" content=\"EAP650 is an AX3000 Ceiling Mount WiFi 6 Access Point with compact design, and is ideal for business scenarios requiring high performance, such as offices.\" \/>\n<meta property=\"og:url\" content=\"https:\/\/hivetec.mk\/en\/product\/tp-link-wireless-ax3000-ceiling-mount-wifi-6-access-point-eap650\/\" \/>\n<meta property=\"og:site_name\" content=\"Hivetec\" \/>\n<meta property=\"article:publisher\" content=\"https:\/\/www.facebook.com\/hivetecmakedonija\" \/>\n<meta property=\"article:modified_time\" content=\"2025-11-30T23:21:51+00:00\" \/>\n<meta property=\"og:image\" content=\"https:\/\/hivetec.mk\/wp-content\/uploads\/2025\/07\/eap650.jpg\" \/>\n\t<meta property=\"og:image:width\" content=\"1024\" \/>\n\t<meta property=\"og:image:height\" content=\"1024\" \/>\n\t<meta property=\"og:image:type\" content=\"image\/jpeg\" \/>\n<meta name=\"twitter:card\" content=\"summary_large_image\" \/>\n<meta name=\"twitter:label1\" content=\"Est. reading time\" \/>\n\t<meta name=\"twitter:data1\" content=\"1 minute\" \/>\n<script type=\"application\/ld+json\" class=\"yoast-schema-graph\">{\"@context\":\"https:\\\/\\\/schema.org\",\"@graph\":[{\"@type\":\"WebPage\",\"@id\":\"https:\\\/\\\/hivetec.mk\\\/product\\\/tp-link-wireless-ax3000-ceiling-mount-wifi-6-access-point-eap650\\\/\",\"url\":\"https:\\\/\\\/hivetec.mk\\\/product\\\/tp-link-wireless-ax3000-ceiling-mount-wifi-6-access-point-eap650\\\/\",\"name\":\"TP-Link Wireless AX3000 Ceiling Mount WiFi 6 Access Point EAP650 - Hivetec\",\"isPartOf\":{\"@id\":\"https:\\\/\\\/hivetec.mk\\\/#website\"},\"primaryImageOfPage\":{\"@id\":\"https:\\\/\\\/hivetec.mk\\\/product\\\/tp-link-wireless-ax3000-ceiling-mount-wifi-6-access-point-eap650\\\/#primaryimage\"},\"image\":{\"@id\":\"https:\\\/\\\/hivetec.mk\\\/product\\\/tp-link-wireless-ax3000-ceiling-mount-wifi-6-access-point-eap650\\\/#primaryimage\"},\"thumbnailUrl\":\"https:\\\/\\\/hivetec.mk\\\/wp-content\\\/uploads\\\/2025\\\/07\\\/eap650.jpg\",\"datePublished\":\"2025-07-09T10:28:13+00:00\",\"dateModified\":\"2025-11-30T23:21:51+00:00\",\"description\":\"EAP650 is an AX3000 Ceiling Mount WiFi 6 Access Point with compact design, and is ideal for business scenarios requiring high performance, such as offices.\",\"breadcrumb\":{\"@id\":\"https:\\\/\\\/hivetec.mk\\\/product\\\/tp-link-wireless-ax3000-ceiling-mount-wifi-6-access-point-eap650\\\/#breadcrumb\"},\"inLanguage\":\"en-US\",\"potentialAction\":[{\"@type\":\"ReadAction\",\"target\":[\"https:\\\/\\\/hivetec.mk\\\/product\\\/tp-link-wireless-ax3000-ceiling-mount-wifi-6-access-point-eap650\\\/\"]}]},{\"@type\":\"ImageObject\",\"inLanguage\":\"en-US\",\"@id\":\"https:\\\/\\\/hivetec.mk\\\/product\\\/tp-link-wireless-ax3000-ceiling-mount-wifi-6-access-point-eap650\\\/#primaryimage\",\"url\":\"https:\\\/\\\/hivetec.mk\\\/wp-content\\\/uploads\\\/2025\\\/07\\\/eap650.jpg\",\"contentUrl\":\"https:\\\/\\\/hivetec.mk\\\/wp-content\\\/uploads\\\/2025\\\/07\\\/eap650.jpg\",\"width\":1024,\"height\":1024,\"caption\":\"ruter tp link bezicen ax3000 eap650\"},{\"@type\":\"BreadcrumbList\",\"@id\":\"https:\\\/\\\/hivetec.mk\\\/product\\\/tp-link-wireless-ax3000-ceiling-mount-wifi-6-access-point-eap650\\\/#breadcrumb\",\"itemListElement\":[{\"@type\":\"ListItem\",\"position\":1,\"name\":\"Home\",\"item\":\"https:\\\/\\\/hivetec.mk\\\/\"},{\"@type\":\"ListItem\",\"position\":2,\"name\":\"Shop\",\"item\":\"https:\\\/\\\/hivetec.mk\\\/shop\\\/\"},{\"@type\":\"ListItem\",\"position\":3,\"name\":\"TP-Link Wireless AX3000 Ceiling Mount WiFi 6 Access Point EAP650\"}]},{\"@type\":\"WebSite\",\"@id\":\"https:\\\/\\\/hivetec.mk\\\/#website\",\"url\":\"https:\\\/\\\/hivetec.mk\\\/\",\"name\":\"Hivetec\",\"description\":\"\u0412\u0435\u0431 \u0448\u043e\u043f \u0437\u0430 \u043f\u0440\u043e\u0434\u0430\u0436\u0431\u0430 \u043d\u0430 \u043a\u043e\u043c\u0458\u0443\u0442\u0435\u0440\u0441\u043a\u0438 \u0445\u0430\u0440\u0434\u0432\u0435\u0440, \u0430\u043a\u0441\u0435\u0441\u043e\u0430\u0440\u0438 \u0438 \u043a\u043e\u043c\u043f\u043e\u043d\u0435\u043d\u0442\u0438.\",\"potentialAction\":[{\"@type\":\"SearchAction\",\"target\":{\"@type\":\"EntryPoint\",\"urlTemplate\":\"https:\\\/\\\/hivetec.mk\\\/?s={search_term_string}\"},\"query-input\":{\"@type\":\"PropertyValueSpecification\",\"valueRequired\":true,\"valueName\":\"search_term_string\"}}],\"inLanguage\":\"en-US\"}]}<\/script>\n<!-- \/ Yoast SEO Premium plugin. -->","yoast_head_json":{"title":"TP-Link Wireless AX3000 Ceiling Mount WiFi 6 Access Point EAP650 - Hivetec","description":"EAP650 is an AX3000 Ceiling Mount WiFi 6 Access Point with compact design, and is ideal for business scenarios requiring high performance, such as offices.","robots":{"index":"index","follow":"follow","max-snippet":"max-snippet:-1","max-image-preview":"max-image-preview:large","max-video-preview":"max-video-preview:-1"},"canonical":"https:\/\/hivetec.mk\/en\/product\/tp-link-wireless-ax3000-ceiling-mount-wifi-6-access-point-eap650\/","og_locale":"en_US","og_type":"article","og_title":"TP-Link Wireless AX3000 Ceiling Mount WiFi 6 Access Point EAP650","og_description":"EAP650 is an AX3000 Ceiling Mount WiFi 6 Access Point with compact design, and is ideal for business scenarios requiring high performance, such as offices.","og_url":"https:\/\/hivetec.mk\/en\/product\/tp-link-wireless-ax3000-ceiling-mount-wifi-6-access-point-eap650\/","og_site_name":"Hivetec","article_publisher":"https:\/\/www.facebook.com\/hivetecmakedonija","article_modified_time":"2025-11-30T23:21:51+00:00","og_image":[{"width":1024,"height":1024,"url":"https:\/\/hivetec.mk\/wp-content\/uploads\/2025\/07\/eap650.jpg","type":"image\/jpeg"}],"twitter_card":"summary_large_image","twitter_misc":{"Est. reading time":"1 minute"},"schema":{"@context":"https:\/\/schema.org","@graph":[{"@type":"WebPage","@id":"https:\/\/hivetec.mk\/product\/tp-link-wireless-ax3000-ceiling-mount-wifi-6-access-point-eap650\/","url":"https:\/\/hivetec.mk\/product\/tp-link-wireless-ax3000-ceiling-mount-wifi-6-access-point-eap650\/","name":"TP-Link Wireless AX3000 Ceiling Mount WiFi 6 Access Point EAP650 - Hivetec","isPartOf":{"@id":"https:\/\/hivetec.mk\/#website"},"primaryImageOfPage":{"@id":"https:\/\/hivetec.mk\/product\/tp-link-wireless-ax3000-ceiling-mount-wifi-6-access-point-eap650\/#primaryimage"},"image":{"@id":"https:\/\/hivetec.mk\/product\/tp-link-wireless-ax3000-ceiling-mount-wifi-6-access-point-eap650\/#primaryimage"},"thumbnailUrl":"https:\/\/hivetec.mk\/wp-content\/uploads\/2025\/07\/eap650.jpg","datePublished":"2025-07-09T10:28:13+00:00","dateModified":"2025-11-30T23:21:51+00:00","description":"EAP650 is an AX3000 Ceiling Mount WiFi 6 Access Point with compact design, and is ideal for business scenarios requiring high performance, such as offices.","breadcrumb":{"@id":"https:\/\/hivetec.mk\/product\/tp-link-wireless-ax3000-ceiling-mount-wifi-6-access-point-eap650\/#breadcrumb"},"inLanguage":"en-US","potentialAction":[{"@type":"ReadAction","target":["https:\/\/hivetec.mk\/product\/tp-link-wireless-ax3000-ceiling-mount-wifi-6-access-point-eap650\/"]}]},{"@type":"ImageObject","inLanguage":"en-US","@id":"https:\/\/hivetec.mk\/product\/tp-link-wireless-ax3000-ceiling-mount-wifi-6-access-point-eap650\/#primaryimage","url":"https:\/\/hivetec.mk\/wp-content\/uploads\/2025\/07\/eap650.jpg","contentUrl":"https:\/\/hivetec.mk\/wp-content\/uploads\/2025\/07\/eap650.jpg","width":1024,"height":1024,"caption":"ruter tp link bezicen ax3000 eap650"},{"@type":"BreadcrumbList","@id":"https:\/\/hivetec.mk\/product\/tp-link-wireless-ax3000-ceiling-mount-wifi-6-access-point-eap650\/#breadcrumb","itemListElement":[{"@type":"ListItem","position":1,"name":"Home","item":"https:\/\/hivetec.mk\/"},{"@type":"ListItem","position":2,"name":"Shop","item":"https:\/\/hivetec.mk\/shop\/"},{"@type":"ListItem","position":3,"name":"TP-Link Wireless AX3000 Ceiling Mount WiFi 6 Access Point EAP650"}]},{"@type":"WebSite","@id":"https:\/\/hivetec.mk\/#website","url":"https:\/\/hivetec.mk\/","name":"Hivetec","description":"\u0412\u0435\u0431 \u0448\u043e\u043f \u0437\u0430 \u043f\u0440\u043e\u0434\u0430\u0436\u0431\u0430 \u043d\u0430 \u043a\u043e\u043c\u0458\u0443\u0442\u0435\u0440\u0441\u043a\u0438 \u0445\u0430\u0440\u0434\u0432\u0435\u0440, \u0430\u043a\u0441\u0435\u0441\u043e\u0430\u0440\u0438 \u0438 \u043a\u043e\u043c\u043f\u043e\u043d\u0435\u043d\u0442\u0438.","potentialAction":[{"@type":"SearchAction","target":{"@type":"EntryPoint","urlTemplate":"https:\/\/hivetec.mk\/?s={search_term_string}"},"query-input":{"@type":"PropertyValueSpecification","valueRequired":true,"valueName":"search_term_string"}}],"inLanguage":"en-US"}]}},"_links":{"self":[{"href":"https:\/\/hivetec.mk\/en\/wp-json\/wp\/v2\/product\/36563","targetHints":{"allow":["GET"]}}],"collection":[{"href":"https:\/\/hivetec.mk\/en\/wp-json\/wp\/v2\/product"}],"about":[{"href":"https:\/\/hivetec.mk\/en\/wp-json\/wp\/v2\/types\/product"}],"replies":[{"embeddable":true,"href":"https:\/\/hivetec.mk\/en\/wp-json\/wp\/v2\/comments?post=36563"}],"version-history":[{"count":1,"href":"https:\/\/hivetec.mk\/en\/wp-json\/wp\/v2\/product\/36563\/revisions"}],"predecessor-version":[{"id":36566,"href":"https:\/\/hivetec.mk\/en\/wp-json\/wp\/v2\/product\/36563\/revisions\/36566"}],"wp:featuredmedia":[{"embeddable":true,"href":"https:\/\/hivetec.mk\/en\/wp-json\/wp\/v2\/media\/36564"}],"wp:attachment":[{"href":"https:\/\/hivetec.mk\/en\/wp-json\/wp\/v2\/media?parent=36563"}],"wp:term":[{"taxonomy":"product_brand","embeddable":true,"href":"https:\/\/hivetec.mk\/en\/wp-json\/wp\/v2\/product_brand?post=36563"},{"taxonomy":"product_cat","embeddable":true,"href":"https:\/\/hivetec.mk\/en\/wp-json\/wp\/v2\/product_cat?post=36563"},{"taxonomy":"product_tag","embeddable":true,"href":"https:\/\/hivetec.mk\/en\/wp-json\/wp\/v2\/product_tag?post=36563"}],"curies":[{"name":"wp","href":"https:\/\/api.w.org\/{rel}","templated":true}]}}