{"id":36549,"date":"2025-07-09T09:42:54","date_gmt":"2025-07-09T08:42:54","guid":{"rendered":"https:\/\/hivetec.mk\/?post_type=product&#038;p=36549"},"modified":"2025-11-30T22:50:48","modified_gmt":"2025-11-30T21:50:48","slug":"tp-link-wireless-be11000-ceiling-mount-wifi-7-access-point-eap772","status":"publish","type":"product","link":"https:\/\/hivetec.mk\/en\/product\/tp-link-wireless-be11000-ceiling-mount-wifi-7-access-point-eap772\/","title":{"rendered":"TP-Link Wireless BE11000 Ceiling Mount WiFi 7 Access Point EAP772"},"content":{"rendered":"<p>\u2022 BE11000 Tri-Band Wi-Fi 7 (5760 Mbps on 6 GHz + 4320 Mbps on 5 GHz + 574 Mbps on 2.4 GHz).<br \/>\u2022 A clear 6 GHz band brings cleaner and wider band resources.<br \/>\u2022 1\u00d7 2.5G Port unlocks the full potential of Wi-Fi 7.<br \/>\u2022 320 MHz bandwidth enables many more simultaneous transmissions.<br \/>\u2022 Multi-Link Operation and Multi-RUs ensure the high performance of your network.<br \/>\u2022 Advanced Functions: Centralized management, mesh, and AI roaming.<\/p>\r\n<p>HARDWARE FEATURES<br \/>Interface: 1\u00d7 2.5G Ethernet Port<br \/>Button: Reset<br \/>Power Supply: 802.3at PoE or 12V\/2.5A DC<br \/>Power Consumption: \u2022 25.44 W (For PoE);<br \/>\u2022 22.57 W (For DC)<br \/>Dimensions ( W x D x H ): 8.7 \u00d7 8.7 \u00d7 1.3 in (220 \u00d7 220 \u00d7 32.5 mm)<br \/>Antenna Type: \u2022 2.4 GHz: 2\u00d7 4.0 dBi<br \/>\u2022 5 GHz: 2\u00d7 5.0 dBi<br \/>\u2022 6 GHz: 2\u00d7 5.0 dBi<br \/>Bluetooth: 1 \u00d7 4.0 dBi, Bluetooth 5.2<br \/>*Firmware update may be required.<br \/>Mounting: Ceiling \/ Wall Mounting (Kits Included)<\/p>\r\n<p>WIRELESS FEATURES<br \/>Coverage: 140\u33a1(1500 ft\u00b2)\u00a7<br \/>Wireless Client Capacity: 380+**<br \/>Wireless Standards: IEEE 802.11 a\/b\/g\/n\/ac\/ax\/be<br \/>Frequency: 6 GHz, 5 GHz, and 2.4 GHz<br \/>Signal Rate: 574 Mbps (2.4 GHz) + 4320 Mbps (5 GHz) + 5760 Mbps (6 GHz)\u2020<br \/>Wireless Functions: \u2022 MLO\u2021<br \/>\u2022 4K-QAM\u2021<br \/>\u2022 Seamless Roaming(802.11k\/v\/r)<br \/>\u2022 MU-MIMO\u2021<br \/>\u2022 EHT320\u2021<br \/>\u2022 Mesh\u25b3<br \/>\u2022 BSS Coloring\u2021<br \/>\u2022 OFDMA\u2021<br \/>\u2022 Load Balance<br \/>\u2022 Band Steering<br \/>\u2022 Beamforming<br \/>\u2022 Airtime Fairness<br \/>\u2022 Multiple SSIDS:24(8 on each band)<br \/>\u2022 Wireless Schedule<br \/>\u2022 Reboot Schedule<br \/>\u2022 QoS(WMM)<br \/>\u2022 Rate Limit<br \/>\u2022 Static IP\/Dynamic IP<br \/>\u2022 RADIUS Accounting<br \/>\u2022 MAC Authentication<br \/>Wireless Security: \u2022 Captive Portal Authentication\u25b3<br \/>\u2022 Access Control<br \/>\u2022 Maximum number of MAC Filter: 4,000<br \/>\u2022 Wireless Isolation Between Clients<br \/>\u2022 VLAN<br \/>\u2022 Rogue AP Detection<br \/>\u2022 WPA-Personal\/Enterprise, WPA2-Personal\/Enterprise, WPA3-Personal\/Enterprise<br \/>Transmission Power: &lt; 25dBm \uff082.4GHz\uff09<br \/>&lt; 25dBm \uff085GHz\uff09<br \/>&lt; 23dBm \uff086GHz\uff09<\/p>\r\n<p>MANAGEMENT<br \/>Omada App: Yes<br \/>Centralized Management: \u2022 Omada Cloud-Based Controller<br \/>\u2022 Omada Hardware Controller (OC300)<br \/>\u2022 Omada Hardware Controller (OC200)<br \/>\u2022 Omada Software Controller<br \/>Cloud Access: Yes. Require the use of an OC300, OC200, Omada Software Controller, or an Omada Cloud-Based Controller.<br \/>Email Alerts: Yes<br \/>LED ON\/OFF Control: Yes<br \/>Management MAC Access Control: Yes<br \/>SNMP: v1, v2c, v3<br \/>System Logging Local\/Remote Syslog: Yes<br \/>Web-based Management: Yes<\/p>","protected":false},"excerpt":{"rendered":"<ul>\n<li><strong>\u041f\u0440\u043e\u0438\u0437\u0432\u043e\u0434\u0438\u0442\u0435\u043b:\u00a0TP-LINK<\/strong><\/li>\n<li><strong>\u0413\u0430\u0440\u0430\u043d\u0446\u0438\u0458\u0430:\u00a0720 \u0434\u0435\u043d\u0430<\/strong><\/li>\n<\/ul>","protected":false},"featured_media":36550,"comment_status":"open","ping_status":"closed","template":"","meta":{"content-type":""},"product_brand":[],"product_cat":[927],"product_tag":[],"class_list":{"0":"post-36549","1":"product","2":"type-product","3":"status-publish","4":"has-post-thumbnail","6":"product_cat-ruteri-mesh-access-point","8":"first","9":"instock","10":"sale","11":"shipping-taxable","12":"purchasable","13":"product-type-simple"},"yoast_head":"<!-- This site is optimized with the Yoast SEO Premium plugin v21.7 (Yoast SEO v27.4) - https:\/\/yoast.com\/product\/yoast-seo-premium-wordpress\/ -->\n<title>TP-Link Wireless BE11000 Ceiling Mount WiFi 7 Access Point EAP772 - Hivetec<\/title>\n<meta name=\"description\" content=\"Powered by the latest WiFi 7 technology, the BE11000 Indoor\/Outdoor WiFi 7 Access Point EAP772-Outdoor delivers WiFi speeds of up to 10777 Mbps.\" \/>\n<meta name=\"robots\" content=\"index, follow, max-snippet:-1, max-image-preview:large, max-video-preview:-1\" \/>\n<link rel=\"canonical\" href=\"https:\/\/hivetec.mk\/en\/product\/tp-link-wireless-be11000-ceiling-mount-wifi-7-access-point-eap772\/\" \/>\n<meta property=\"og:locale\" content=\"en_US\" \/>\n<meta property=\"og:type\" content=\"article\" \/>\n<meta property=\"og:title\" content=\"TP-Link Wireless BE11000 Ceiling Mount WiFi 7 Access Point EAP772\" \/>\n<meta property=\"og:description\" content=\"Powered by the latest WiFi 7 technology, the BE11000 Indoor\/Outdoor WiFi 7 Access Point EAP772-Outdoor delivers WiFi speeds of up to 10777 Mbps.\" \/>\n<meta property=\"og:url\" content=\"https:\/\/hivetec.mk\/en\/product\/tp-link-wireless-be11000-ceiling-mount-wifi-7-access-point-eap772\/\" \/>\n<meta property=\"og:site_name\" content=\"Hivetec\" \/>\n<meta property=\"article:publisher\" content=\"https:\/\/www.facebook.com\/hivetecmakedonija\" \/>\n<meta property=\"article:modified_time\" content=\"2025-11-30T21:50:48+00:00\" \/>\n<meta property=\"og:image\" content=\"https:\/\/hivetec.mk\/wp-content\/uploads\/2025\/07\/be11000.jpg\" \/>\n\t<meta property=\"og:image:width\" content=\"1024\" \/>\n\t<meta property=\"og:image:height\" content=\"1024\" \/>\n\t<meta property=\"og:image:type\" content=\"image\/jpeg\" \/>\n<meta name=\"twitter:card\" content=\"summary_large_image\" \/>\n<meta name=\"twitter:label1\" content=\"Est. reading time\" \/>\n\t<meta name=\"twitter:data1\" content=\"3 minutes\" \/>\n<script type=\"application\/ld+json\" class=\"yoast-schema-graph\">{\"@context\":\"https:\\\/\\\/schema.org\",\"@graph\":[{\"@type\":\"WebPage\",\"@id\":\"https:\\\/\\\/hivetec.mk\\\/product\\\/tp-link-wireless-be11000-ceiling-mount-wifi-7-access-point-eap772\\\/\",\"url\":\"https:\\\/\\\/hivetec.mk\\\/product\\\/tp-link-wireless-be11000-ceiling-mount-wifi-7-access-point-eap772\\\/\",\"name\":\"TP-Link Wireless BE11000 Ceiling Mount WiFi 7 Access Point EAP772 - Hivetec\",\"isPartOf\":{\"@id\":\"https:\\\/\\\/hivetec.mk\\\/#website\"},\"primaryImageOfPage\":{\"@id\":\"https:\\\/\\\/hivetec.mk\\\/product\\\/tp-link-wireless-be11000-ceiling-mount-wifi-7-access-point-eap772\\\/#primaryimage\"},\"image\":{\"@id\":\"https:\\\/\\\/hivetec.mk\\\/product\\\/tp-link-wireless-be11000-ceiling-mount-wifi-7-access-point-eap772\\\/#primaryimage\"},\"thumbnailUrl\":\"https:\\\/\\\/hivetec.mk\\\/wp-content\\\/uploads\\\/2025\\\/07\\\/be11000.jpg\",\"datePublished\":\"2025-07-09T08:42:54+00:00\",\"dateModified\":\"2025-11-30T21:50:48+00:00\",\"description\":\"Powered by the latest WiFi 7 technology, the BE11000 Indoor\\\/Outdoor WiFi 7 Access Point EAP772-Outdoor delivers WiFi speeds of up to 10777 Mbps.\",\"breadcrumb\":{\"@id\":\"https:\\\/\\\/hivetec.mk\\\/product\\\/tp-link-wireless-be11000-ceiling-mount-wifi-7-access-point-eap772\\\/#breadcrumb\"},\"inLanguage\":\"en-US\",\"potentialAction\":[{\"@type\":\"ReadAction\",\"target\":[\"https:\\\/\\\/hivetec.mk\\\/product\\\/tp-link-wireless-be11000-ceiling-mount-wifi-7-access-point-eap772\\\/\"]}]},{\"@type\":\"ImageObject\",\"inLanguage\":\"en-US\",\"@id\":\"https:\\\/\\\/hivetec.mk\\\/product\\\/tp-link-wireless-be11000-ceiling-mount-wifi-7-access-point-eap772\\\/#primaryimage\",\"url\":\"https:\\\/\\\/hivetec.mk\\\/wp-content\\\/uploads\\\/2025\\\/07\\\/be11000.jpg\",\"contentUrl\":\"https:\\\/\\\/hivetec.mk\\\/wp-content\\\/uploads\\\/2025\\\/07\\\/be11000.jpg\",\"width\":1024,\"height\":1024,\"caption\":\"ruter tp link bezicen be11000 ceiling mount\"},{\"@type\":\"BreadcrumbList\",\"@id\":\"https:\\\/\\\/hivetec.mk\\\/product\\\/tp-link-wireless-be11000-ceiling-mount-wifi-7-access-point-eap772\\\/#breadcrumb\",\"itemListElement\":[{\"@type\":\"ListItem\",\"position\":1,\"name\":\"Home\",\"item\":\"https:\\\/\\\/hivetec.mk\\\/\"},{\"@type\":\"ListItem\",\"position\":2,\"name\":\"Shop\",\"item\":\"https:\\\/\\\/hivetec.mk\\\/shop\\\/\"},{\"@type\":\"ListItem\",\"position\":3,\"name\":\"TP-Link Wireless BE11000 Ceiling Mount WiFi 7 Access Point EAP772\"}]},{\"@type\":\"WebSite\",\"@id\":\"https:\\\/\\\/hivetec.mk\\\/#website\",\"url\":\"https:\\\/\\\/hivetec.mk\\\/\",\"name\":\"Hivetec\",\"description\":\"\u0412\u0435\u0431 \u0448\u043e\u043f \u0437\u0430 \u043f\u0440\u043e\u0434\u0430\u0436\u0431\u0430 \u043d\u0430 \u043a\u043e\u043c\u0458\u0443\u0442\u0435\u0440\u0441\u043a\u0438 \u0445\u0430\u0440\u0434\u0432\u0435\u0440, \u0430\u043a\u0441\u0435\u0441\u043e\u0430\u0440\u0438 \u0438 \u043a\u043e\u043c\u043f\u043e\u043d\u0435\u043d\u0442\u0438.\",\"potentialAction\":[{\"@type\":\"SearchAction\",\"target\":{\"@type\":\"EntryPoint\",\"urlTemplate\":\"https:\\\/\\\/hivetec.mk\\\/?s={search_term_string}\"},\"query-input\":{\"@type\":\"PropertyValueSpecification\",\"valueRequired\":true,\"valueName\":\"search_term_string\"}}],\"inLanguage\":\"en-US\"}]}<\/script>\n<!-- \/ Yoast SEO Premium plugin. -->","yoast_head_json":{"title":"TP-Link Wireless BE11000 Ceiling Mount WiFi 7 Access Point EAP772 - Hivetec","description":"Powered by the latest WiFi 7 technology, the BE11000 Indoor\/Outdoor WiFi 7 Access Point EAP772-Outdoor delivers WiFi speeds of up to 10777 Mbps.","robots":{"index":"index","follow":"follow","max-snippet":"max-snippet:-1","max-image-preview":"max-image-preview:large","max-video-preview":"max-video-preview:-1"},"canonical":"https:\/\/hivetec.mk\/en\/product\/tp-link-wireless-be11000-ceiling-mount-wifi-7-access-point-eap772\/","og_locale":"en_US","og_type":"article","og_title":"TP-Link Wireless BE11000 Ceiling Mount WiFi 7 Access Point EAP772","og_description":"Powered by the latest WiFi 7 technology, the BE11000 Indoor\/Outdoor WiFi 7 Access Point EAP772-Outdoor delivers WiFi speeds of up to 10777 Mbps.","og_url":"https:\/\/hivetec.mk\/en\/product\/tp-link-wireless-be11000-ceiling-mount-wifi-7-access-point-eap772\/","og_site_name":"Hivetec","article_publisher":"https:\/\/www.facebook.com\/hivetecmakedonija","article_modified_time":"2025-11-30T21:50:48+00:00","og_image":[{"width":1024,"height":1024,"url":"https:\/\/hivetec.mk\/wp-content\/uploads\/2025\/07\/be11000.jpg","type":"image\/jpeg"}],"twitter_card":"summary_large_image","twitter_misc":{"Est. reading time":"3 minutes"},"schema":{"@context":"https:\/\/schema.org","@graph":[{"@type":"WebPage","@id":"https:\/\/hivetec.mk\/product\/tp-link-wireless-be11000-ceiling-mount-wifi-7-access-point-eap772\/","url":"https:\/\/hivetec.mk\/product\/tp-link-wireless-be11000-ceiling-mount-wifi-7-access-point-eap772\/","name":"TP-Link Wireless BE11000 Ceiling Mount WiFi 7 Access Point EAP772 - Hivetec","isPartOf":{"@id":"https:\/\/hivetec.mk\/#website"},"primaryImageOfPage":{"@id":"https:\/\/hivetec.mk\/product\/tp-link-wireless-be11000-ceiling-mount-wifi-7-access-point-eap772\/#primaryimage"},"image":{"@id":"https:\/\/hivetec.mk\/product\/tp-link-wireless-be11000-ceiling-mount-wifi-7-access-point-eap772\/#primaryimage"},"thumbnailUrl":"https:\/\/hivetec.mk\/wp-content\/uploads\/2025\/07\/be11000.jpg","datePublished":"2025-07-09T08:42:54+00:00","dateModified":"2025-11-30T21:50:48+00:00","description":"Powered by the latest WiFi 7 technology, the BE11000 Indoor\/Outdoor WiFi 7 Access Point EAP772-Outdoor delivers WiFi speeds of up to 10777 Mbps.","breadcrumb":{"@id":"https:\/\/hivetec.mk\/product\/tp-link-wireless-be11000-ceiling-mount-wifi-7-access-point-eap772\/#breadcrumb"},"inLanguage":"en-US","potentialAction":[{"@type":"ReadAction","target":["https:\/\/hivetec.mk\/product\/tp-link-wireless-be11000-ceiling-mount-wifi-7-access-point-eap772\/"]}]},{"@type":"ImageObject","inLanguage":"en-US","@id":"https:\/\/hivetec.mk\/product\/tp-link-wireless-be11000-ceiling-mount-wifi-7-access-point-eap772\/#primaryimage","url":"https:\/\/hivetec.mk\/wp-content\/uploads\/2025\/07\/be11000.jpg","contentUrl":"https:\/\/hivetec.mk\/wp-content\/uploads\/2025\/07\/be11000.jpg","width":1024,"height":1024,"caption":"ruter tp link bezicen be11000 ceiling mount"},{"@type":"BreadcrumbList","@id":"https:\/\/hivetec.mk\/product\/tp-link-wireless-be11000-ceiling-mount-wifi-7-access-point-eap772\/#breadcrumb","itemListElement":[{"@type":"ListItem","position":1,"name":"Home","item":"https:\/\/hivetec.mk\/"},{"@type":"ListItem","position":2,"name":"Shop","item":"https:\/\/hivetec.mk\/shop\/"},{"@type":"ListItem","position":3,"name":"TP-Link Wireless BE11000 Ceiling Mount WiFi 7 Access Point EAP772"}]},{"@type":"WebSite","@id":"https:\/\/hivetec.mk\/#website","url":"https:\/\/hivetec.mk\/","name":"Hivetec","description":"\u0412\u0435\u0431 \u0448\u043e\u043f \u0437\u0430 \u043f\u0440\u043e\u0434\u0430\u0436\u0431\u0430 \u043d\u0430 \u043a\u043e\u043c\u0458\u0443\u0442\u0435\u0440\u0441\u043a\u0438 \u0445\u0430\u0440\u0434\u0432\u0435\u0440, \u0430\u043a\u0441\u0435\u0441\u043e\u0430\u0440\u0438 \u0438 \u043a\u043e\u043c\u043f\u043e\u043d\u0435\u043d\u0442\u0438.","potentialAction":[{"@type":"SearchAction","target":{"@type":"EntryPoint","urlTemplate":"https:\/\/hivetec.mk\/?s={search_term_string}"},"query-input":{"@type":"PropertyValueSpecification","valueRequired":true,"valueName":"search_term_string"}}],"inLanguage":"en-US"}]}},"_links":{"self":[{"href":"https:\/\/hivetec.mk\/en\/wp-json\/wp\/v2\/product\/36549","targetHints":{"allow":["GET"]}}],"collection":[{"href":"https:\/\/hivetec.mk\/en\/wp-json\/wp\/v2\/product"}],"about":[{"href":"https:\/\/hivetec.mk\/en\/wp-json\/wp\/v2\/types\/product"}],"replies":[{"embeddable":true,"href":"https:\/\/hivetec.mk\/en\/wp-json\/wp\/v2\/comments?post=36549"}],"version-history":[{"count":1,"href":"https:\/\/hivetec.mk\/en\/wp-json\/wp\/v2\/product\/36549\/revisions"}],"predecessor-version":[{"id":36552,"href":"https:\/\/hivetec.mk\/en\/wp-json\/wp\/v2\/product\/36549\/revisions\/36552"}],"wp:featuredmedia":[{"embeddable":true,"href":"https:\/\/hivetec.mk\/en\/wp-json\/wp\/v2\/media\/36550"}],"wp:attachment":[{"href":"https:\/\/hivetec.mk\/en\/wp-json\/wp\/v2\/media?parent=36549"}],"wp:term":[{"taxonomy":"product_brand","embeddable":true,"href":"https:\/\/hivetec.mk\/en\/wp-json\/wp\/v2\/product_brand?post=36549"},{"taxonomy":"product_cat","embeddable":true,"href":"https:\/\/hivetec.mk\/en\/wp-json\/wp\/v2\/product_cat?post=36549"},{"taxonomy":"product_tag","embeddable":true,"href":"https:\/\/hivetec.mk\/en\/wp-json\/wp\/v2\/product_tag?post=36549"}],"curies":[{"name":"wp","href":"https:\/\/api.w.org\/{rel}","templated":true}]}}