{"id":35848,"date":"2025-06-12T11:29:22","date_gmt":"2025-06-12T10:29:22","guid":{"rendered":"https:\/\/hivetec.mk\/?post_type=product&#038;p=35848"},"modified":"2026-03-10T12:09:02","modified_gmt":"2026-03-10T11:09:02","slug":"dji-rs-4-mini-combo-gimbal-stabilizer","status":"publish","type":"product","link":"https:\/\/hivetec.mk\/en\/product\/dji-rs-4-mini-combo-gimbal-stabilizer\/","title":{"rendered":"DJI RS 4 Mini Combo Gimbal Stabilizer"},"content":{"rendered":"<p>Accessory Port<br \/>NATO Port<br \/>1\/4&#8243;-20 Mounting Hole<br \/>RSS Camera Control Port (USB-C)<br \/>Pogo Pin (compatible with the DJI RS Intelligent Tracking Module)<br \/>Battery<br \/>Model: BHX724-3100-7.2<br \/>Type: LiPo 2S<br \/>Capacity: 3100 mAh<br \/>Energy: 22.32 Wh<br \/>Max Runtime: 13 hours (stationary) *<br \/>Charging Specification: 9 V\/2.5 A<br \/>Charging Time: Approx. 1 hour and 50 minutes **<br \/>Suggested Charging Temperature: 5\u00b0 to 40\u00b0 C (41\u00b0 to 104\u00b0 F)<\/p>\r\n<p>Connections<br \/>Bluetooth 5.1<br \/>USB-C Charging Port<br \/>Ronin App Requirements<br \/>iOS 14.0 or above<br \/>Android 9.0 or above<br \/>Languages Supported by the Touchscreen<br \/>English, Simplified Chinese, Traditional Chinese, German, French, Korean, Japanese, Spanish, Portuguese (Brazil), Russian, Thai<\/p>\r\n<p>Working Performance<br \/>Tested Payload<br \/>0.4-2 kg (0.88-4.4 lbs)<br \/>Maximum Controlled Rotation Speed<br \/>Pan: 360\u00b0\/s<br \/>Tilt: 360\u00b0\/s<br \/>Roll: 360\u00b0\/s<br \/>Mechanical Range<br \/>Pan Axis: 360\u00b0 continuous rotation<br \/>Roll Axis: -95\u00b0 to +235\u00b0<br \/>Tilt Axis: -110\u00b0 to +210\u00b0<br \/>Axis Locks<br \/>Auto<br \/>Vertical Shooting<br \/>Supported<br \/>Mechanical &amp; Electrical Properties<br \/>Operating Frequency<br \/>2.4000-2.4835 GHz<br \/>Bluetooth Transmitter Power<br \/>&lt; 4 dBm<br \/>Operating Temperature<br \/>-10\u00b0 to 45\u00b0 C (14\u00b0 to 113\u00b0 F)<br \/>Weight<br \/>Gimbal: Approx. 890 g (2 lbs) (including the Quick-Release Plate and excluding the tripod)<br \/>Extended Grip\/Tripod: Approx. 140 g (0.3 lbs)<br \/>Dimensions<br \/>Folded: 236\u00d764\u00d7316 mm (L\u00d7W\u00d7H, excluding the tripod and the Quick-Release Plate)<br \/>Unfolded: 175\u00d7182\u00d7338 mm (L\u00d7W\u00d7H, excluding camera, tripod, and the Quick-Release Plate)<\/p>\r\n<p>Accessories<br \/>DJI RS Intelligent Tracking Module<br \/>Weight: 19 g<br \/>Dimensions: 33.5\u00d717.5\u00d738.5 mm (L\u00d7W\u00d7H)<br \/>Tracking Distance: 0.5-10 m<br \/>Operating Environment: Illuminance &gt; 20 lux<br \/>Trigger Modes: Gimbal trigger, gesture<br \/>Gesture Functions: Start\/stop of tracking, start\/stop of recording, framing adjustment<br \/>Power Consumption: &lt; 1 W<br \/>Operation Temperature: -10 to 45\u00b0 C (14\u00b0 to 113\u00b0 F)<br \/>Mounting Method: Magnetic attachment<br \/>DJI RS 4 Mini Phone Holder<br \/>Weight: 92.5 g<br \/>Dimensions: 50\u00d748\u00d795.15 mm (L\u00d7W\u00d7H)<\/p>","protected":false},"excerpt":{"rendered":"<ul>\n<li><strong>\u041f\u0440\u043e\u0438\u0437\u0432\u043e\u0434\u0438\u0442\u0435\u043b: DJI<\/strong><\/li>\n<li><strong>\u0413\u0430\u0440\u0430\u043d\u0446\u0438\u0458\u0430: 720 \u0434\u0435\u043d\u0430<\/strong><\/li>\n<\/ul>","protected":false},"featured_media":35849,"comment_status":"open","ping_status":"closed","template":"","meta":{"content-type":""},"product_brand":[],"product_cat":[914],"product_tag":[],"class_list":{"0":"post-35848","1":"product","2":"type-product","3":"status-publish","4":"has-post-thumbnail","6":"product_cat-oprema-za-akcioni-kameri-i-dronovi","8":"first","9":"outofstock","10":"sale","11":"shipping-taxable","12":"purchasable","13":"product-type-simple"},"yoast_head":"<!-- This site is optimized with the Yoast SEO Premium plugin v21.7 (Yoast SEO v27.4) - https:\/\/yoast.com\/product\/yoast-seo-premium-wordpress\/ -->\n<title>DJI RS 4 Mini Combo Gimbal Stabilizer - Hivetec<\/title>\n<meta name=\"description\" content=\"DJI RS 4 Mini. DJI RS 4 Mini Combo. Additionally includes the Tracking Module and Mini Briefcase Handle. Handles Cameras and Smartphones.\" \/>\n<meta name=\"robots\" content=\"index, follow, max-snippet:-1, max-image-preview:large, max-video-preview:-1\" \/>\n<link rel=\"canonical\" href=\"https:\/\/hivetec.mk\/en\/product\/dji-rs-4-mini-combo-gimbal-stabilizer\/\" \/>\n<meta property=\"og:locale\" content=\"en_US\" \/>\n<meta property=\"og:type\" content=\"article\" \/>\n<meta property=\"og:title\" content=\"DJI RS 4 Mini Combo Gimbal Stabilizer\" \/>\n<meta property=\"og:description\" content=\"DJI RS 4 Mini. DJI RS 4 Mini Combo. Additionally includes the Tracking Module and Mini Briefcase Handle. Handles Cameras and Smartphones.\" \/>\n<meta property=\"og:url\" content=\"https:\/\/hivetec.mk\/en\/product\/dji-rs-4-mini-combo-gimbal-stabilizer\/\" \/>\n<meta property=\"og:site_name\" content=\"Hivetec\" \/>\n<meta property=\"article:publisher\" content=\"https:\/\/www.facebook.com\/hivetecmakedonija\" \/>\n<meta property=\"article:modified_time\" content=\"2026-03-10T11:09:02+00:00\" \/>\n<meta property=\"og:image\" content=\"https:\/\/hivetec.mk\/wp-content\/uploads\/2025\/06\/djirs4mini.jpg\" \/>\n\t<meta property=\"og:image:width\" content=\"1024\" \/>\n\t<meta property=\"og:image:height\" content=\"1024\" \/>\n\t<meta property=\"og:image:type\" content=\"image\/jpeg\" \/>\n<meta name=\"twitter:card\" content=\"summary_large_image\" \/>\n<meta name=\"twitter:label1\" content=\"Est. reading time\" \/>\n\t<meta name=\"twitter:data1\" content=\"2 minutes\" \/>\n<script type=\"application\/ld+json\" class=\"yoast-schema-graph\">{\"@context\":\"https:\\\/\\\/schema.org\",\"@graph\":[{\"@type\":\"WebPage\",\"@id\":\"https:\\\/\\\/hivetec.mk\\\/product\\\/dji-rs-4-mini-combo-gimbal-stabilizer\\\/\",\"url\":\"https:\\\/\\\/hivetec.mk\\\/product\\\/dji-rs-4-mini-combo-gimbal-stabilizer\\\/\",\"name\":\"DJI RS 4 Mini Combo Gimbal Stabilizer - Hivetec\",\"isPartOf\":{\"@id\":\"https:\\\/\\\/hivetec.mk\\\/#website\"},\"primaryImageOfPage\":{\"@id\":\"https:\\\/\\\/hivetec.mk\\\/product\\\/dji-rs-4-mini-combo-gimbal-stabilizer\\\/#primaryimage\"},\"image\":{\"@id\":\"https:\\\/\\\/hivetec.mk\\\/product\\\/dji-rs-4-mini-combo-gimbal-stabilizer\\\/#primaryimage\"},\"thumbnailUrl\":\"https:\\\/\\\/hivetec.mk\\\/wp-content\\\/uploads\\\/2025\\\/06\\\/djirs4mini.jpg\",\"datePublished\":\"2025-06-12T10:29:22+00:00\",\"dateModified\":\"2026-03-10T11:09:02+00:00\",\"description\":\"DJI RS 4 Mini. DJI RS 4 Mini Combo. Additionally includes the Tracking Module and Mini Briefcase Handle. Handles Cameras and Smartphones.\",\"breadcrumb\":{\"@id\":\"https:\\\/\\\/hivetec.mk\\\/product\\\/dji-rs-4-mini-combo-gimbal-stabilizer\\\/#breadcrumb\"},\"inLanguage\":\"en-US\",\"potentialAction\":[{\"@type\":\"ReadAction\",\"target\":[\"https:\\\/\\\/hivetec.mk\\\/product\\\/dji-rs-4-mini-combo-gimbal-stabilizer\\\/\"]}]},{\"@type\":\"ImageObject\",\"inLanguage\":\"en-US\",\"@id\":\"https:\\\/\\\/hivetec.mk\\\/product\\\/dji-rs-4-mini-combo-gimbal-stabilizer\\\/#primaryimage\",\"url\":\"https:\\\/\\\/hivetec.mk\\\/wp-content\\\/uploads\\\/2025\\\/06\\\/djirs4mini.jpg\",\"contentUrl\":\"https:\\\/\\\/hivetec.mk\\\/wp-content\\\/uploads\\\/2025\\\/06\\\/djirs4mini.jpg\",\"width\":1024,\"height\":1024,\"caption\":\"dji rs 4 mini combo gimbal stabilizator\"},{\"@type\":\"BreadcrumbList\",\"@id\":\"https:\\\/\\\/hivetec.mk\\\/product\\\/dji-rs-4-mini-combo-gimbal-stabilizer\\\/#breadcrumb\",\"itemListElement\":[{\"@type\":\"ListItem\",\"position\":1,\"name\":\"Home\",\"item\":\"https:\\\/\\\/hivetec.mk\\\/\"},{\"@type\":\"ListItem\",\"position\":2,\"name\":\"Shop\",\"item\":\"https:\\\/\\\/hivetec.mk\\\/shop\\\/\"},{\"@type\":\"ListItem\",\"position\":3,\"name\":\"DJI RS 4 Mini Combo Gimbal Stabilizer\"}]},{\"@type\":\"WebSite\",\"@id\":\"https:\\\/\\\/hivetec.mk\\\/#website\",\"url\":\"https:\\\/\\\/hivetec.mk\\\/\",\"name\":\"Hivetec\",\"description\":\"\u0412\u0435\u0431 \u0448\u043e\u043f \u0437\u0430 \u043f\u0440\u043e\u0434\u0430\u0436\u0431\u0430 \u043d\u0430 \u043a\u043e\u043c\u0458\u0443\u0442\u0435\u0440\u0441\u043a\u0438 \u0445\u0430\u0440\u0434\u0432\u0435\u0440, \u0430\u043a\u0441\u0435\u0441\u043e\u0430\u0440\u0438 \u0438 \u043a\u043e\u043c\u043f\u043e\u043d\u0435\u043d\u0442\u0438.\",\"potentialAction\":[{\"@type\":\"SearchAction\",\"target\":{\"@type\":\"EntryPoint\",\"urlTemplate\":\"https:\\\/\\\/hivetec.mk\\\/?s={search_term_string}\"},\"query-input\":{\"@type\":\"PropertyValueSpecification\",\"valueRequired\":true,\"valueName\":\"search_term_string\"}}],\"inLanguage\":\"en-US\"}]}<\/script>\n<!-- \/ Yoast SEO Premium plugin. -->","yoast_head_json":{"title":"DJI RS 4 Mini Combo Gimbal Stabilizer - Hivetec","description":"DJI RS 4 Mini. DJI RS 4 Mini Combo. Additionally includes the Tracking Module and Mini Briefcase Handle. Handles Cameras and Smartphones.","robots":{"index":"index","follow":"follow","max-snippet":"max-snippet:-1","max-image-preview":"max-image-preview:large","max-video-preview":"max-video-preview:-1"},"canonical":"https:\/\/hivetec.mk\/en\/product\/dji-rs-4-mini-combo-gimbal-stabilizer\/","og_locale":"en_US","og_type":"article","og_title":"DJI RS 4 Mini Combo Gimbal Stabilizer","og_description":"DJI RS 4 Mini. DJI RS 4 Mini Combo. Additionally includes the Tracking Module and Mini Briefcase Handle. Handles Cameras and Smartphones.","og_url":"https:\/\/hivetec.mk\/en\/product\/dji-rs-4-mini-combo-gimbal-stabilizer\/","og_site_name":"Hivetec","article_publisher":"https:\/\/www.facebook.com\/hivetecmakedonija","article_modified_time":"2026-03-10T11:09:02+00:00","og_image":[{"width":1024,"height":1024,"url":"https:\/\/hivetec.mk\/wp-content\/uploads\/2025\/06\/djirs4mini.jpg","type":"image\/jpeg"}],"twitter_card":"summary_large_image","twitter_misc":{"Est. reading time":"2 minutes"},"schema":{"@context":"https:\/\/schema.org","@graph":[{"@type":"WebPage","@id":"https:\/\/hivetec.mk\/product\/dji-rs-4-mini-combo-gimbal-stabilizer\/","url":"https:\/\/hivetec.mk\/product\/dji-rs-4-mini-combo-gimbal-stabilizer\/","name":"DJI RS 4 Mini Combo Gimbal Stabilizer - Hivetec","isPartOf":{"@id":"https:\/\/hivetec.mk\/#website"},"primaryImageOfPage":{"@id":"https:\/\/hivetec.mk\/product\/dji-rs-4-mini-combo-gimbal-stabilizer\/#primaryimage"},"image":{"@id":"https:\/\/hivetec.mk\/product\/dji-rs-4-mini-combo-gimbal-stabilizer\/#primaryimage"},"thumbnailUrl":"https:\/\/hivetec.mk\/wp-content\/uploads\/2025\/06\/djirs4mini.jpg","datePublished":"2025-06-12T10:29:22+00:00","dateModified":"2026-03-10T11:09:02+00:00","description":"DJI RS 4 Mini. DJI RS 4 Mini Combo. Additionally includes the Tracking Module and Mini Briefcase Handle. Handles Cameras and Smartphones.","breadcrumb":{"@id":"https:\/\/hivetec.mk\/product\/dji-rs-4-mini-combo-gimbal-stabilizer\/#breadcrumb"},"inLanguage":"en-US","potentialAction":[{"@type":"ReadAction","target":["https:\/\/hivetec.mk\/product\/dji-rs-4-mini-combo-gimbal-stabilizer\/"]}]},{"@type":"ImageObject","inLanguage":"en-US","@id":"https:\/\/hivetec.mk\/product\/dji-rs-4-mini-combo-gimbal-stabilizer\/#primaryimage","url":"https:\/\/hivetec.mk\/wp-content\/uploads\/2025\/06\/djirs4mini.jpg","contentUrl":"https:\/\/hivetec.mk\/wp-content\/uploads\/2025\/06\/djirs4mini.jpg","width":1024,"height":1024,"caption":"dji rs 4 mini combo gimbal stabilizator"},{"@type":"BreadcrumbList","@id":"https:\/\/hivetec.mk\/product\/dji-rs-4-mini-combo-gimbal-stabilizer\/#breadcrumb","itemListElement":[{"@type":"ListItem","position":1,"name":"Home","item":"https:\/\/hivetec.mk\/"},{"@type":"ListItem","position":2,"name":"Shop","item":"https:\/\/hivetec.mk\/shop\/"},{"@type":"ListItem","position":3,"name":"DJI RS 4 Mini Combo Gimbal Stabilizer"}]},{"@type":"WebSite","@id":"https:\/\/hivetec.mk\/#website","url":"https:\/\/hivetec.mk\/","name":"Hivetec","description":"\u0412\u0435\u0431 \u0448\u043e\u043f \u0437\u0430 \u043f\u0440\u043e\u0434\u0430\u0436\u0431\u0430 \u043d\u0430 \u043a\u043e\u043c\u0458\u0443\u0442\u0435\u0440\u0441\u043a\u0438 \u0445\u0430\u0440\u0434\u0432\u0435\u0440, \u0430\u043a\u0441\u0435\u0441\u043e\u0430\u0440\u0438 \u0438 \u043a\u043e\u043c\u043f\u043e\u043d\u0435\u043d\u0442\u0438.","potentialAction":[{"@type":"SearchAction","target":{"@type":"EntryPoint","urlTemplate":"https:\/\/hivetec.mk\/?s={search_term_string}"},"query-input":{"@type":"PropertyValueSpecification","valueRequired":true,"valueName":"search_term_string"}}],"inLanguage":"en-US"}]}},"_links":{"self":[{"href":"https:\/\/hivetec.mk\/en\/wp-json\/wp\/v2\/product\/35848","targetHints":{"allow":["GET"]}}],"collection":[{"href":"https:\/\/hivetec.mk\/en\/wp-json\/wp\/v2\/product"}],"about":[{"href":"https:\/\/hivetec.mk\/en\/wp-json\/wp\/v2\/types\/product"}],"replies":[{"embeddable":true,"href":"https:\/\/hivetec.mk\/en\/wp-json\/wp\/v2\/comments?post=35848"}],"version-history":[{"count":1,"href":"https:\/\/hivetec.mk\/en\/wp-json\/wp\/v2\/product\/35848\/revisions"}],"predecessor-version":[{"id":35851,"href":"https:\/\/hivetec.mk\/en\/wp-json\/wp\/v2\/product\/35848\/revisions\/35851"}],"wp:featuredmedia":[{"embeddable":true,"href":"https:\/\/hivetec.mk\/en\/wp-json\/wp\/v2\/media\/35849"}],"wp:attachment":[{"href":"https:\/\/hivetec.mk\/en\/wp-json\/wp\/v2\/media?parent=35848"}],"wp:term":[{"taxonomy":"product_brand","embeddable":true,"href":"https:\/\/hivetec.mk\/en\/wp-json\/wp\/v2\/product_brand?post=35848"},{"taxonomy":"product_cat","embeddable":true,"href":"https:\/\/hivetec.mk\/en\/wp-json\/wp\/v2\/product_cat?post=35848"},{"taxonomy":"product_tag","embeddable":true,"href":"https:\/\/hivetec.mk\/en\/wp-json\/wp\/v2\/product_tag?post=35848"}],"curies":[{"name":"wp","href":"https:\/\/api.w.org\/{rel}","templated":true}]}}