{"id":35844,"date":"2025-06-12T11:25:39","date_gmt":"2025-06-12T10:25:39","guid":{"rendered":"https:\/\/hivetec.mk\/?post_type=product&#038;p=35844"},"modified":"2025-12-15T00:27:38","modified_gmt":"2025-12-14T23:27:38","slug":"dji-osmo-mobile-6-gimbal-platinum-gray","status":"publish","type":"product","link":"https:\/\/hivetec.mk\/en\/product\/dji-osmo-mobile-6-gimbal-platinum-gray\/","title":{"rendered":"DJI OSMO Mobile 6 Gimbal Platinum Gray"},"content":{"rendered":"<p>Dimensions<br \/>Unfolded: 276\u00d7111.5\u00d799 mm (L\u00d7W\u00d7H)<br \/>Folded: 189\u00d784.5\u00d744 mm (L\u00d7W\u00d7H)<\/p>\r\n<p>Weight<br \/>Gimbal: Approx. 309 g<br \/>Magnetic Phone Clamp: Approx. 31 g<br \/>Compatible Phone Weight: 170-290 g<br \/>Compatible Phone Thickness: 6.9-10 mm<br \/>Compatible Phone Width: 67-84 mm<\/p>\r\n<p>Battery<br \/>Type: Li-Po 2S<br \/>Capacity: 1000 mAh<br \/>Energy: 7.74 Wh<br \/>Charging Temperature: 5\u00b0 to 40\u00b0 C (41\u00b0 to 104\u00b0 F)<br \/>Operating Temperature: 0\u00b0 to 40\u00b0 C (32\u00b0 to 104\u00b0 F)<\/p>\r\n<p>Operating Time<br \/>Approx. 6 hours and 24 minutes (measured under ideal conditions with the gimbal fully balanced)<\/p>\r\n<p>Charging Time<br \/>Approx. 1 hour 24 minutes (measured with a 10W Type-C charger)<br \/>Gimbal Charging Port: USB-C<\/p>\r\n<p>Gimbal<br \/>Mechanical Range<br \/>Pan: -161.64\u00b0 to 173.79\u00b0<br \/>Roll: -120.30\u00b0 to 211.97\u00b0<br \/>Tilt: -101.64\u00b0 to 78.55\u00b0<br \/>Max Control Speed: 120\u00b0\/s<\/p>\r\n<p>Wireless Mode<br \/>Model: Bluetooth 5.1<\/p>\r\n<p>Software<br \/>App: DJI Mimo<\/p>\r\n<p>Grip Tripod Dimensions<br \/>Length: 138 mm<br \/>Diameter: 32 mm<br \/>Weight: Approx. 72 g<\/p>","protected":false},"excerpt":{"rendered":"<ul>\n<li><strong>\u041f\u0440\u043e\u0438\u0437\u0432\u043e\u0434\u0438\u0442\u0435\u043b: DJI<\/strong><\/li>\n<li><strong>\u0413\u0430\u0440\u0430\u043d\u0446\u0438\u0458\u0430: 720 \u0434\u0435\u043d\u0430<\/strong><\/li>\n<\/ul>","protected":false},"featured_media":35845,"comment_status":"open","ping_status":"closed","template":"","meta":{"content-type":""},"product_brand":[],"product_cat":[914],"product_tag":[],"class_list":{"0":"post-35844","1":"product","2":"type-product","3":"status-publish","4":"has-post-thumbnail","6":"product_cat-oprema-za-akcioni-kameri-i-dronovi","8":"first","9":"instock","10":"sale","11":"shipping-taxable","12":"purchasable","13":"product-type-simple"},"yoast_head":"<!-- This site is optimized with the Yoast SEO Premium plugin v21.7 (Yoast SEO v27.4) - https:\/\/yoast.com\/product\/yoast-seo-premium-wordpress\/ -->\n<title>DJI OSMO Mobile 6 Gimbal Platinum Gray - Hivetec<\/title>\n<meta name=\"description\" content=\"Extends up to 215 mm for high or low shots. The built-in extension rod allows you to include more friends, pets, and landscape in your selfies.\" \/>\n<meta name=\"robots\" content=\"index, follow, max-snippet:-1, max-image-preview:large, max-video-preview:-1\" \/>\n<link rel=\"canonical\" href=\"https:\/\/hivetec.mk\/en\/product\/dji-osmo-mobile-6-gimbal-platinum-gray\/\" \/>\n<meta property=\"og:locale\" content=\"en_US\" \/>\n<meta property=\"og:type\" content=\"article\" \/>\n<meta property=\"og:title\" content=\"DJI OSMO Mobile 6 Gimbal Platinum Gray\" \/>\n<meta property=\"og:description\" content=\"Extends up to 215 mm for high or low shots. The built-in extension rod allows you to include more friends, pets, and landscape in your selfies.\" \/>\n<meta property=\"og:url\" content=\"https:\/\/hivetec.mk\/en\/product\/dji-osmo-mobile-6-gimbal-platinum-gray\/\" \/>\n<meta property=\"og:site_name\" content=\"Hivetec\" \/>\n<meta property=\"article:publisher\" content=\"https:\/\/www.facebook.com\/hivetecmakedonija\" \/>\n<meta property=\"article:modified_time\" content=\"2025-12-14T23:27:38+00:00\" \/>\n<meta property=\"og:image\" content=\"https:\/\/hivetec.mk\/wp-content\/uploads\/2025\/06\/osmomobile6.jpg\" \/>\n\t<meta property=\"og:image:width\" content=\"1024\" \/>\n\t<meta property=\"og:image:height\" content=\"1024\" \/>\n\t<meta property=\"og:image:type\" content=\"image\/jpeg\" \/>\n<meta name=\"twitter:card\" content=\"summary_large_image\" \/>\n<meta name=\"twitter:label1\" content=\"Est. reading time\" \/>\n\t<meta name=\"twitter:data1\" content=\"1 minute\" \/>\n<script type=\"application\/ld+json\" class=\"yoast-schema-graph\">{\"@context\":\"https:\\\/\\\/schema.org\",\"@graph\":[{\"@type\":\"WebPage\",\"@id\":\"https:\\\/\\\/hivetec.mk\\\/product\\\/dji-osmo-mobile-6-gimbal-platinum-gray\\\/\",\"url\":\"https:\\\/\\\/hivetec.mk\\\/product\\\/dji-osmo-mobile-6-gimbal-platinum-gray\\\/\",\"name\":\"DJI OSMO Mobile 6 Gimbal Platinum Gray - Hivetec\",\"isPartOf\":{\"@id\":\"https:\\\/\\\/hivetec.mk\\\/#website\"},\"primaryImageOfPage\":{\"@id\":\"https:\\\/\\\/hivetec.mk\\\/product\\\/dji-osmo-mobile-6-gimbal-platinum-gray\\\/#primaryimage\"},\"image\":{\"@id\":\"https:\\\/\\\/hivetec.mk\\\/product\\\/dji-osmo-mobile-6-gimbal-platinum-gray\\\/#primaryimage\"},\"thumbnailUrl\":\"https:\\\/\\\/hivetec.mk\\\/wp-content\\\/uploads\\\/2025\\\/06\\\/osmomobile6.jpg\",\"datePublished\":\"2025-06-12T10:25:39+00:00\",\"dateModified\":\"2025-12-14T23:27:38+00:00\",\"description\":\"Extends up to 215 mm for high or low shots. The built-in extension rod allows you to include more friends, pets, and landscape in your selfies.\",\"breadcrumb\":{\"@id\":\"https:\\\/\\\/hivetec.mk\\\/product\\\/dji-osmo-mobile-6-gimbal-platinum-gray\\\/#breadcrumb\"},\"inLanguage\":\"en-US\",\"potentialAction\":[{\"@type\":\"ReadAction\",\"target\":[\"https:\\\/\\\/hivetec.mk\\\/product\\\/dji-osmo-mobile-6-gimbal-platinum-gray\\\/\"]}]},{\"@type\":\"ImageObject\",\"inLanguage\":\"en-US\",\"@id\":\"https:\\\/\\\/hivetec.mk\\\/product\\\/dji-osmo-mobile-6-gimbal-platinum-gray\\\/#primaryimage\",\"url\":\"https:\\\/\\\/hivetec.mk\\\/wp-content\\\/uploads\\\/2025\\\/06\\\/osmomobile6.jpg\",\"contentUrl\":\"https:\\\/\\\/hivetec.mk\\\/wp-content\\\/uploads\\\/2025\\\/06\\\/osmomobile6.jpg\",\"width\":1024,\"height\":1024,\"caption\":\"dji osmo mobile 6 gimbal\"},{\"@type\":\"BreadcrumbList\",\"@id\":\"https:\\\/\\\/hivetec.mk\\\/product\\\/dji-osmo-mobile-6-gimbal-platinum-gray\\\/#breadcrumb\",\"itemListElement\":[{\"@type\":\"ListItem\",\"position\":1,\"name\":\"Home\",\"item\":\"https:\\\/\\\/hivetec.mk\\\/\"},{\"@type\":\"ListItem\",\"position\":2,\"name\":\"Shop\",\"item\":\"https:\\\/\\\/hivetec.mk\\\/shop\\\/\"},{\"@type\":\"ListItem\",\"position\":3,\"name\":\"DJI OSMO Mobile 6 Gimbal Platinum Gray\"}]},{\"@type\":\"WebSite\",\"@id\":\"https:\\\/\\\/hivetec.mk\\\/#website\",\"url\":\"https:\\\/\\\/hivetec.mk\\\/\",\"name\":\"Hivetec\",\"description\":\"\u0412\u0435\u0431 \u0448\u043e\u043f \u0437\u0430 \u043f\u0440\u043e\u0434\u0430\u0436\u0431\u0430 \u043d\u0430 \u043a\u043e\u043c\u0458\u0443\u0442\u0435\u0440\u0441\u043a\u0438 \u0445\u0430\u0440\u0434\u0432\u0435\u0440, \u0430\u043a\u0441\u0435\u0441\u043e\u0430\u0440\u0438 \u0438 \u043a\u043e\u043c\u043f\u043e\u043d\u0435\u043d\u0442\u0438.\",\"potentialAction\":[{\"@type\":\"SearchAction\",\"target\":{\"@type\":\"EntryPoint\",\"urlTemplate\":\"https:\\\/\\\/hivetec.mk\\\/?s={search_term_string}\"},\"query-input\":{\"@type\":\"PropertyValueSpecification\",\"valueRequired\":true,\"valueName\":\"search_term_string\"}}],\"inLanguage\":\"en-US\"}]}<\/script>\n<!-- \/ Yoast SEO Premium plugin. -->","yoast_head_json":{"title":"DJI OSMO Mobile 6 Gimbal Platinum Gray - Hivetec","description":"Extends up to 215 mm for high or low shots. The built-in extension rod allows you to include more friends, pets, and landscape in your selfies.","robots":{"index":"index","follow":"follow","max-snippet":"max-snippet:-1","max-image-preview":"max-image-preview:large","max-video-preview":"max-video-preview:-1"},"canonical":"https:\/\/hivetec.mk\/en\/product\/dji-osmo-mobile-6-gimbal-platinum-gray\/","og_locale":"en_US","og_type":"article","og_title":"DJI OSMO Mobile 6 Gimbal Platinum Gray","og_description":"Extends up to 215 mm for high or low shots. The built-in extension rod allows you to include more friends, pets, and landscape in your selfies.","og_url":"https:\/\/hivetec.mk\/en\/product\/dji-osmo-mobile-6-gimbal-platinum-gray\/","og_site_name":"Hivetec","article_publisher":"https:\/\/www.facebook.com\/hivetecmakedonija","article_modified_time":"2025-12-14T23:27:38+00:00","og_image":[{"width":1024,"height":1024,"url":"https:\/\/hivetec.mk\/wp-content\/uploads\/2025\/06\/osmomobile6.jpg","type":"image\/jpeg"}],"twitter_card":"summary_large_image","twitter_misc":{"Est. reading time":"1 minute"},"schema":{"@context":"https:\/\/schema.org","@graph":[{"@type":"WebPage","@id":"https:\/\/hivetec.mk\/product\/dji-osmo-mobile-6-gimbal-platinum-gray\/","url":"https:\/\/hivetec.mk\/product\/dji-osmo-mobile-6-gimbal-platinum-gray\/","name":"DJI OSMO Mobile 6 Gimbal Platinum Gray - Hivetec","isPartOf":{"@id":"https:\/\/hivetec.mk\/#website"},"primaryImageOfPage":{"@id":"https:\/\/hivetec.mk\/product\/dji-osmo-mobile-6-gimbal-platinum-gray\/#primaryimage"},"image":{"@id":"https:\/\/hivetec.mk\/product\/dji-osmo-mobile-6-gimbal-platinum-gray\/#primaryimage"},"thumbnailUrl":"https:\/\/hivetec.mk\/wp-content\/uploads\/2025\/06\/osmomobile6.jpg","datePublished":"2025-06-12T10:25:39+00:00","dateModified":"2025-12-14T23:27:38+00:00","description":"Extends up to 215 mm for high or low shots. The built-in extension rod allows you to include more friends, pets, and landscape in your selfies.","breadcrumb":{"@id":"https:\/\/hivetec.mk\/product\/dji-osmo-mobile-6-gimbal-platinum-gray\/#breadcrumb"},"inLanguage":"en-US","potentialAction":[{"@type":"ReadAction","target":["https:\/\/hivetec.mk\/product\/dji-osmo-mobile-6-gimbal-platinum-gray\/"]}]},{"@type":"ImageObject","inLanguage":"en-US","@id":"https:\/\/hivetec.mk\/product\/dji-osmo-mobile-6-gimbal-platinum-gray\/#primaryimage","url":"https:\/\/hivetec.mk\/wp-content\/uploads\/2025\/06\/osmomobile6.jpg","contentUrl":"https:\/\/hivetec.mk\/wp-content\/uploads\/2025\/06\/osmomobile6.jpg","width":1024,"height":1024,"caption":"dji osmo mobile 6 gimbal"},{"@type":"BreadcrumbList","@id":"https:\/\/hivetec.mk\/product\/dji-osmo-mobile-6-gimbal-platinum-gray\/#breadcrumb","itemListElement":[{"@type":"ListItem","position":1,"name":"Home","item":"https:\/\/hivetec.mk\/"},{"@type":"ListItem","position":2,"name":"Shop","item":"https:\/\/hivetec.mk\/shop\/"},{"@type":"ListItem","position":3,"name":"DJI OSMO Mobile 6 Gimbal Platinum Gray"}]},{"@type":"WebSite","@id":"https:\/\/hivetec.mk\/#website","url":"https:\/\/hivetec.mk\/","name":"Hivetec","description":"\u0412\u0435\u0431 \u0448\u043e\u043f \u0437\u0430 \u043f\u0440\u043e\u0434\u0430\u0436\u0431\u0430 \u043d\u0430 \u043a\u043e\u043c\u0458\u0443\u0442\u0435\u0440\u0441\u043a\u0438 \u0445\u0430\u0440\u0434\u0432\u0435\u0440, \u0430\u043a\u0441\u0435\u0441\u043e\u0430\u0440\u0438 \u0438 \u043a\u043e\u043c\u043f\u043e\u043d\u0435\u043d\u0442\u0438.","potentialAction":[{"@type":"SearchAction","target":{"@type":"EntryPoint","urlTemplate":"https:\/\/hivetec.mk\/?s={search_term_string}"},"query-input":{"@type":"PropertyValueSpecification","valueRequired":true,"valueName":"search_term_string"}}],"inLanguage":"en-US"}]}},"_links":{"self":[{"href":"https:\/\/hivetec.mk\/en\/wp-json\/wp\/v2\/product\/35844","targetHints":{"allow":["GET"]}}],"collection":[{"href":"https:\/\/hivetec.mk\/en\/wp-json\/wp\/v2\/product"}],"about":[{"href":"https:\/\/hivetec.mk\/en\/wp-json\/wp\/v2\/types\/product"}],"replies":[{"embeddable":true,"href":"https:\/\/hivetec.mk\/en\/wp-json\/wp\/v2\/comments?post=35844"}],"version-history":[{"count":1,"href":"https:\/\/hivetec.mk\/en\/wp-json\/wp\/v2\/product\/35844\/revisions"}],"predecessor-version":[{"id":35847,"href":"https:\/\/hivetec.mk\/en\/wp-json\/wp\/v2\/product\/35844\/revisions\/35847"}],"wp:featuredmedia":[{"embeddable":true,"href":"https:\/\/hivetec.mk\/en\/wp-json\/wp\/v2\/media\/35845"}],"wp:attachment":[{"href":"https:\/\/hivetec.mk\/en\/wp-json\/wp\/v2\/media?parent=35844"}],"wp:term":[{"taxonomy":"product_brand","embeddable":true,"href":"https:\/\/hivetec.mk\/en\/wp-json\/wp\/v2\/product_brand?post=35844"},{"taxonomy":"product_cat","embeddable":true,"href":"https:\/\/hivetec.mk\/en\/wp-json\/wp\/v2\/product_cat?post=35844"},{"taxonomy":"product_tag","embeddable":true,"href":"https:\/\/hivetec.mk\/en\/wp-json\/wp\/v2\/product_tag?post=35844"}],"curies":[{"name":"wp","href":"https:\/\/api.w.org\/{rel}","templated":true}]}}