{"id":35753,"date":"2025-06-11T14:04:46","date_gmt":"2025-06-11T13:04:46","guid":{"rendered":"https:\/\/hivetec.mk\/?post_type=product&#038;p=35753"},"modified":"2026-02-23T13:52:35","modified_gmt":"2026-02-23T12:52:35","slug":"dji-air-3s-fly-more-combo-dji-rc-2","status":"publish","type":"product","link":"https:\/\/hivetec.mk\/en\/product\/dji-air-3s-fly-more-combo-dji-rc-2\/","title":{"rendered":"DJI Air 3S Fly More Combo (DJI RC 2)"},"content":{"rendered":"<p>\u2022 24mm &amp; 70mm Dual-Camera System<br \/>\u2022 4K120, 4K60 HDR, or 2.7K Vertical Video<br \/>\u2022 10-Bit D-Log M &amp; HLG Color Modes<br \/>\u2022 Forward-Facing LiDAR Sensor<br \/>\u2022 Day &amp; Night Omnidirectional Avoidance<br \/>\u2022 Smart Non-GPS &amp; Night RTH Modes<br \/>\u2022 Up to 45 Minutes of Flight Time<br \/>\u2022 O4 1080p 60 12.4-Mile Transmission<br \/>\u2022 Multiple Pre-Programmed Flight Modes<br \/>\u2022 Fly More Accessories with RC 2 Remote<\/p>\r\n<p>Aircraft Specifications<br \/>\u2022 Takeoff Weight: 724 g<br \/>\u2022 Dimensions:<br \/>o Folded (without propellers): 214.19\u00d7100.63\u00d789.17 mm (L\u00d7W\u00d7H)<br \/>o Unfolded (without propellers): 266.11\u00d7325.47\u00d7106.00 mm (L\u00d7W\u00d7H)<br \/>\u2022 Max Speed:<br \/>o Ascent: 10 m\/s<br \/>o Descent: 10 m\/s<br \/>o Horizontal:<br \/>\uf0a7 21 m\/s (windless conditions at sea level)<br \/>\uf0a7 27 m\/s (6 m\/s tailwind at sea level)<br \/>\uf0a7 19 m\/s (EU region)<br \/>\u2022 Max Takeoff Altitude: 6000 m<br \/>\u2022 Max Flight Time: 45 minutes<br \/>\u2022 Max Hovering Time: 41 minutes<br \/>\u2022 Max Flight Distance: 32 km<br \/>\u2022 Max Wind Speed Resistance: 12 m\/s<br \/>\u2022 Max Pitch Angle: 36\u00b0<br \/>\u2022 Operating Temperature: -10\u00b0 to 40\u00b0 C (14\u00b0 to 104\u00b0 F)<br \/>\u2022 GNSS: GPS + Galileo + BeiDou<br \/>\u2022 Hovering Accuracy Range:<br \/>o Vertical: \u00b10.1 m (vision positioning), \u00b10.5 m (satellite positioning)<br \/>o Horizontal: \u00b10.3 m (vision positioning), \u00b10.5 m (satellite positioning)<br \/>\u2022 Internal Storage: 42 GB<br \/>\u2022 Class: C1 (EU)<\/p>\r\n<p>Camera Specifications<br \/>\u2022 Image Sensors:<br \/>o Wide-Angle: 1-inch CMOS, 50MP<br \/>o Medium Tele: 1\/1.3-inch CMOS, 48MP<br \/>\u2022 Lenses:<br \/>o Wide-Angle: 84\u00b0 FOV, 24 mm, f\/1.8, Focus: 0.5 m to \u221e<br \/>o Medium Tele: 35\u00b0 FOV, 70 mm, f\/2.8, Focus: 3 m to \u221e<br \/>\u2022 ISO Range:<br \/>o Video Normal: 100-12800 (Normal), 100-3200 (D-Log M, HLG)<br \/>o Photo: 100-6400 (12 MP), 100-3200 (48 MP, 50 MP)<br \/>\u2022 Shutter Speed:<br \/>o Wide-Angle: 1\/8000-2 s (12MP); 1\/8000-2 s (50MP)<br \/>o Medium Tele: 1\/16000-2 s (12MP); 1\/8000-2 s (48MP)<br \/>\u2022 Max Image Size:<br \/>o Wide-Angle: 8192\u00d76144<br \/>o Medium Tele: 8064\u00d76048<br \/>\u2022 Photography Modes:<br \/>o Wide-Angle Camera: Single Shot (12 MP, 50 MP), Burst (3\/5\/7 frames), Timed (2\/3\/5\/7\/10\/15\/20\/30\/60 s)<br \/>o Medium Tele Camera: Single Shot (12 MP, 48 MP), Burst (3\/5\/7 frames), Timed (2\/3\/5\/7\/10\/15\/20\/30\/60 s)<br \/>\u2022 Photo Format: JPEG\/DNG (RAW)<br \/>\u2022 Video Resolution: 4K (3840\u00d72160@24-120fps), FHD (1920\u00d71080@24-240fps), 2.7K Vertical Shooting (1512\u00d72688@24-60fps)<br \/>\u2022 Video Format: MP4 (H.264\/H.265), max bitrate 130 Mbps<br \/>\u2022 Digital Zoom: Wide-Angle (1-2.9x), Medium Tele (3-9x)<\/p>\r\n<p>Gimbal<br \/>\u2022 Stabilization: 3-axis (tilt, roll, pan)<br \/>\u2022 Mechanical Range: Tilt (-135\u00b0 to 70\u00b0), Roll (-50\u00b0 to 50\u00b0), Pan (-27\u00b0 to 27\u00b0)<br \/>\u2022 Controllable Range: Tilt (-90\u00b0 to 60\u00b0), Pan (-5\u00b0 to 5\u00b0)<br \/>\u2022 Max Control Speed (Tilt): 100\u00b0\/s<br \/>\u2022 Angular Vibration Range: \u00b10.0037\u00b0<br \/>________________________________________<br \/>Sensing &amp; Obstacle Avoidance<br \/>\u2022 Sensing Type: Omnidirectional binocular vision, forward-facing LiDAR, downward infrared sensor<br \/>\u2022 Measurement Range:<br \/>o Forward\/Backward: 0.5-18 m<br \/>o Lateral: 0.5-30 m<br \/>o Upward: 0.5-18 m<br \/>o Downward: 0.3-14 m<br \/>________________________________________<br \/>Transmission &amp; Communication<br \/>\u2022 Transmission System: O4<br \/>\u2022 Live View Quality: 1080p\/30fps, 1080p\/60fps<br \/>\u2022 Operating Frequency: 2.4 GHz, 5.1 GHz, 5.8 GHz (varies by region)<br \/>\u2022 Max Transmission Distance: FCC (20 km), CE (10 km), SRRC\/MIC (10 km)<br \/>\u2022 Max Download Speed: O4 (10 MB\/s), Wi-Fi 5 (30 MB\/s)<br \/>\u2022 Lowest Latency: Approx. 120 ms<br \/>\u2022 Antenna: 6 antennas, 2T4R<br \/>\u2022 Wi-Fi Protocol: 802.11 a\/b\/g\/n\/ac<br \/>\u2022 Bluetooth: Bluetooth 5.2<br \/>________________________________________<br \/>Battery &amp; Charging<br \/>\u2022 Battery:<br \/>o Capacity: 4276 mAh<br \/>o Voltage: 14.6 V, Type: Li-ion 4S<br \/>o Energy: 62.5 Wh<br \/>o Charging Time: 80 minutes (65W charger), 60 minutes (100W adapter)<br \/>\u2022 Charger Input\/Output:<br \/>o 65W Charger: 5-20 V, 3.25 A<br \/>o 100W Adapter: Max 100 W, with 82 W per port (dynamic allocation)<br \/>________________________________________<br \/>Remote Controller (DJI RC-N3)<br \/>\u2022 Max Operating Time: 3.5 hours (without charging device), 1.5 hours (charging device)<br \/>\u2022 Operating Temperature: -10\u00b0 to 40\u00b0 C (14\u00b0 to 104\u00b0 F)<br \/>\u2022 Charging Time: 2 hours<br \/>\u2022 Supported Device Size: 180\u00d786\u00d710 mm<\/p>","protected":false},"excerpt":{"rendered":"<ul>\n<li><strong>\u041f\u0440\u043e\u0438\u0437\u0432\u043e\u0434\u0438\u0442\u0435\u043b: DJI<\/strong><\/li>\n<li><strong>\u0413\u0430\u0440\u0430\u043d\u0446\u0438\u0458\u0430: 720 \u0434\u0435\u043d\u0430<\/strong><\/li>\n<\/ul>","protected":false},"featured_media":35754,"comment_status":"open","ping_status":"closed","template":"","meta":{"content-type":""},"product_brand":[],"product_cat":[908],"product_tag":[],"class_list":{"0":"post-35753","1":"product","2":"type-product","3":"status-publish","4":"has-post-thumbnail","6":"product_cat-dronovi","8":"first","9":"outofstock","10":"sale","11":"shipping-taxable","12":"purchasable","13":"product-type-simple"},"yoast_head":"<!-- This site is optimized with the Yoast SEO Premium plugin v21.7 (Yoast SEO v27.4) - https:\/\/yoast.com\/product\/yoast-seo-premium-wordpress\/ -->\n<title>DJI Air 3S Fly More Combo (DJI RC 2) - Hivetec<\/title>\n<meta name=\"description\" content=\"Featuring a 1-inch-CMOS primary camera and a 70mm medium tele camera, each with up to 14 stops of dynamic range, Air 3S captures landscapes, portraits.\" \/>\n<meta name=\"robots\" content=\"index, follow, max-snippet:-1, max-image-preview:large, max-video-preview:-1\" \/>\n<link rel=\"canonical\" href=\"https:\/\/hivetec.mk\/en\/product\/dji-air-3s-fly-more-combo-dji-rc-2\/\" \/>\n<meta property=\"og:locale\" content=\"en_US\" \/>\n<meta property=\"og:type\" content=\"article\" \/>\n<meta property=\"og:title\" content=\"DJI Air 3S Fly More Combo (DJI RC 2)\" \/>\n<meta property=\"og:description\" content=\"Featuring a 1-inch-CMOS primary camera and a 70mm medium tele camera, each with up to 14 stops of dynamic range, Air 3S captures landscapes, portraits.\" \/>\n<meta property=\"og:url\" content=\"https:\/\/hivetec.mk\/en\/product\/dji-air-3s-fly-more-combo-dji-rc-2\/\" \/>\n<meta property=\"og:site_name\" content=\"Hivetec\" \/>\n<meta property=\"article:publisher\" content=\"https:\/\/www.facebook.com\/hivetecmakedonija\" \/>\n<meta property=\"article:modified_time\" content=\"2026-02-23T12:52:35+00:00\" \/>\n<meta property=\"og:image\" content=\"https:\/\/hivetec.mk\/wp-content\/uploads\/2025\/06\/3sfly.jpg\" \/>\n\t<meta property=\"og:image:width\" content=\"1024\" \/>\n\t<meta property=\"og:image:height\" content=\"1024\" \/>\n\t<meta property=\"og:image:type\" content=\"image\/jpeg\" \/>\n<meta name=\"twitter:card\" content=\"summary_large_image\" \/>\n<meta name=\"twitter:label1\" content=\"Est. reading time\" \/>\n\t<meta name=\"twitter:data1\" content=\"4 minutes\" \/>\n<script type=\"application\/ld+json\" class=\"yoast-schema-graph\">{\"@context\":\"https:\\\/\\\/schema.org\",\"@graph\":[{\"@type\":\"WebPage\",\"@id\":\"https:\\\/\\\/hivetec.mk\\\/product\\\/dji-air-3s-fly-more-combo-dji-rc-2\\\/\",\"url\":\"https:\\\/\\\/hivetec.mk\\\/product\\\/dji-air-3s-fly-more-combo-dji-rc-2\\\/\",\"name\":\"DJI Air 3S Fly More Combo (DJI RC 2) - Hivetec\",\"isPartOf\":{\"@id\":\"https:\\\/\\\/hivetec.mk\\\/#website\"},\"primaryImageOfPage\":{\"@id\":\"https:\\\/\\\/hivetec.mk\\\/product\\\/dji-air-3s-fly-more-combo-dji-rc-2\\\/#primaryimage\"},\"image\":{\"@id\":\"https:\\\/\\\/hivetec.mk\\\/product\\\/dji-air-3s-fly-more-combo-dji-rc-2\\\/#primaryimage\"},\"thumbnailUrl\":\"https:\\\/\\\/hivetec.mk\\\/wp-content\\\/uploads\\\/2025\\\/06\\\/3sfly.jpg\",\"datePublished\":\"2025-06-11T13:04:46+00:00\",\"dateModified\":\"2026-02-23T12:52:35+00:00\",\"description\":\"Featuring a 1-inch-CMOS primary camera and a 70mm medium tele camera, each with up to 14 stops of dynamic range, Air 3S captures landscapes, portraits.\",\"breadcrumb\":{\"@id\":\"https:\\\/\\\/hivetec.mk\\\/product\\\/dji-air-3s-fly-more-combo-dji-rc-2\\\/#breadcrumb\"},\"inLanguage\":\"en-US\",\"potentialAction\":[{\"@type\":\"ReadAction\",\"target\":[\"https:\\\/\\\/hivetec.mk\\\/product\\\/dji-air-3s-fly-more-combo-dji-rc-2\\\/\"]}]},{\"@type\":\"ImageObject\",\"inLanguage\":\"en-US\",\"@id\":\"https:\\\/\\\/hivetec.mk\\\/product\\\/dji-air-3s-fly-more-combo-dji-rc-2\\\/#primaryimage\",\"url\":\"https:\\\/\\\/hivetec.mk\\\/wp-content\\\/uploads\\\/2025\\\/06\\\/3sfly.jpg\",\"contentUrl\":\"https:\\\/\\\/hivetec.mk\\\/wp-content\\\/uploads\\\/2025\\\/06\\\/3sfly.jpg\",\"width\":1024,\"height\":1024,\"caption\":\"dron dji air 3s\"},{\"@type\":\"BreadcrumbList\",\"@id\":\"https:\\\/\\\/hivetec.mk\\\/product\\\/dji-air-3s-fly-more-combo-dji-rc-2\\\/#breadcrumb\",\"itemListElement\":[{\"@type\":\"ListItem\",\"position\":1,\"name\":\"Home\",\"item\":\"https:\\\/\\\/hivetec.mk\\\/\"},{\"@type\":\"ListItem\",\"position\":2,\"name\":\"Shop\",\"item\":\"https:\\\/\\\/hivetec.mk\\\/shop\\\/\"},{\"@type\":\"ListItem\",\"position\":3,\"name\":\"DJI Air 3S Fly More Combo (DJI RC 2)\"}]},{\"@type\":\"WebSite\",\"@id\":\"https:\\\/\\\/hivetec.mk\\\/#website\",\"url\":\"https:\\\/\\\/hivetec.mk\\\/\",\"name\":\"Hivetec\",\"description\":\"\u0412\u0435\u0431 \u0448\u043e\u043f \u0437\u0430 \u043f\u0440\u043e\u0434\u0430\u0436\u0431\u0430 \u043d\u0430 \u043a\u043e\u043c\u0458\u0443\u0442\u0435\u0440\u0441\u043a\u0438 \u0445\u0430\u0440\u0434\u0432\u0435\u0440, \u0430\u043a\u0441\u0435\u0441\u043e\u0430\u0440\u0438 \u0438 \u043a\u043e\u043c\u043f\u043e\u043d\u0435\u043d\u0442\u0438.\",\"potentialAction\":[{\"@type\":\"SearchAction\",\"target\":{\"@type\":\"EntryPoint\",\"urlTemplate\":\"https:\\\/\\\/hivetec.mk\\\/?s={search_term_string}\"},\"query-input\":{\"@type\":\"PropertyValueSpecification\",\"valueRequired\":true,\"valueName\":\"search_term_string\"}}],\"inLanguage\":\"en-US\"}]}<\/script>\n<!-- \/ Yoast SEO Premium plugin. -->","yoast_head_json":{"title":"DJI Air 3S Fly More Combo (DJI RC 2) - Hivetec","description":"Featuring a 1-inch-CMOS primary camera and a 70mm medium tele camera, each with up to 14 stops of dynamic range, Air 3S captures landscapes, portraits.","robots":{"index":"index","follow":"follow","max-snippet":"max-snippet:-1","max-image-preview":"max-image-preview:large","max-video-preview":"max-video-preview:-1"},"canonical":"https:\/\/hivetec.mk\/en\/product\/dji-air-3s-fly-more-combo-dji-rc-2\/","og_locale":"en_US","og_type":"article","og_title":"DJI Air 3S Fly More Combo (DJI RC 2)","og_description":"Featuring a 1-inch-CMOS primary camera and a 70mm medium tele camera, each with up to 14 stops of dynamic range, Air 3S captures landscapes, portraits.","og_url":"https:\/\/hivetec.mk\/en\/product\/dji-air-3s-fly-more-combo-dji-rc-2\/","og_site_name":"Hivetec","article_publisher":"https:\/\/www.facebook.com\/hivetecmakedonija","article_modified_time":"2026-02-23T12:52:35+00:00","og_image":[{"width":1024,"height":1024,"url":"https:\/\/hivetec.mk\/wp-content\/uploads\/2025\/06\/3sfly.jpg","type":"image\/jpeg"}],"twitter_card":"summary_large_image","twitter_misc":{"Est. reading time":"4 minutes"},"schema":{"@context":"https:\/\/schema.org","@graph":[{"@type":"WebPage","@id":"https:\/\/hivetec.mk\/product\/dji-air-3s-fly-more-combo-dji-rc-2\/","url":"https:\/\/hivetec.mk\/product\/dji-air-3s-fly-more-combo-dji-rc-2\/","name":"DJI Air 3S Fly More Combo (DJI RC 2) - Hivetec","isPartOf":{"@id":"https:\/\/hivetec.mk\/#website"},"primaryImageOfPage":{"@id":"https:\/\/hivetec.mk\/product\/dji-air-3s-fly-more-combo-dji-rc-2\/#primaryimage"},"image":{"@id":"https:\/\/hivetec.mk\/product\/dji-air-3s-fly-more-combo-dji-rc-2\/#primaryimage"},"thumbnailUrl":"https:\/\/hivetec.mk\/wp-content\/uploads\/2025\/06\/3sfly.jpg","datePublished":"2025-06-11T13:04:46+00:00","dateModified":"2026-02-23T12:52:35+00:00","description":"Featuring a 1-inch-CMOS primary camera and a 70mm medium tele camera, each with up to 14 stops of dynamic range, Air 3S captures landscapes, portraits.","breadcrumb":{"@id":"https:\/\/hivetec.mk\/product\/dji-air-3s-fly-more-combo-dji-rc-2\/#breadcrumb"},"inLanguage":"en-US","potentialAction":[{"@type":"ReadAction","target":["https:\/\/hivetec.mk\/product\/dji-air-3s-fly-more-combo-dji-rc-2\/"]}]},{"@type":"ImageObject","inLanguage":"en-US","@id":"https:\/\/hivetec.mk\/product\/dji-air-3s-fly-more-combo-dji-rc-2\/#primaryimage","url":"https:\/\/hivetec.mk\/wp-content\/uploads\/2025\/06\/3sfly.jpg","contentUrl":"https:\/\/hivetec.mk\/wp-content\/uploads\/2025\/06\/3sfly.jpg","width":1024,"height":1024,"caption":"dron dji air 3s"},{"@type":"BreadcrumbList","@id":"https:\/\/hivetec.mk\/product\/dji-air-3s-fly-more-combo-dji-rc-2\/#breadcrumb","itemListElement":[{"@type":"ListItem","position":1,"name":"Home","item":"https:\/\/hivetec.mk\/"},{"@type":"ListItem","position":2,"name":"Shop","item":"https:\/\/hivetec.mk\/shop\/"},{"@type":"ListItem","position":3,"name":"DJI Air 3S Fly More Combo (DJI RC 2)"}]},{"@type":"WebSite","@id":"https:\/\/hivetec.mk\/#website","url":"https:\/\/hivetec.mk\/","name":"Hivetec","description":"\u0412\u0435\u0431 \u0448\u043e\u043f \u0437\u0430 \u043f\u0440\u043e\u0434\u0430\u0436\u0431\u0430 \u043d\u0430 \u043a\u043e\u043c\u0458\u0443\u0442\u0435\u0440\u0441\u043a\u0438 \u0445\u0430\u0440\u0434\u0432\u0435\u0440, \u0430\u043a\u0441\u0435\u0441\u043e\u0430\u0440\u0438 \u0438 \u043a\u043e\u043c\u043f\u043e\u043d\u0435\u043d\u0442\u0438.","potentialAction":[{"@type":"SearchAction","target":{"@type":"EntryPoint","urlTemplate":"https:\/\/hivetec.mk\/?s={search_term_string}"},"query-input":{"@type":"PropertyValueSpecification","valueRequired":true,"valueName":"search_term_string"}}],"inLanguage":"en-US"}]}},"_links":{"self":[{"href":"https:\/\/hivetec.mk\/en\/wp-json\/wp\/v2\/product\/35753","targetHints":{"allow":["GET"]}}],"collection":[{"href":"https:\/\/hivetec.mk\/en\/wp-json\/wp\/v2\/product"}],"about":[{"href":"https:\/\/hivetec.mk\/en\/wp-json\/wp\/v2\/types\/product"}],"replies":[{"embeddable":true,"href":"https:\/\/hivetec.mk\/en\/wp-json\/wp\/v2\/comments?post=35753"}],"version-history":[{"count":1,"href":"https:\/\/hivetec.mk\/en\/wp-json\/wp\/v2\/product\/35753\/revisions"}],"predecessor-version":[{"id":35756,"href":"https:\/\/hivetec.mk\/en\/wp-json\/wp\/v2\/product\/35753\/revisions\/35756"}],"wp:featuredmedia":[{"embeddable":true,"href":"https:\/\/hivetec.mk\/en\/wp-json\/wp\/v2\/media\/35754"}],"wp:attachment":[{"href":"https:\/\/hivetec.mk\/en\/wp-json\/wp\/v2\/media?parent=35753"}],"wp:term":[{"taxonomy":"product_brand","embeddable":true,"href":"https:\/\/hivetec.mk\/en\/wp-json\/wp\/v2\/product_brand?post=35753"},{"taxonomy":"product_cat","embeddable":true,"href":"https:\/\/hivetec.mk\/en\/wp-json\/wp\/v2\/product_cat?post=35753"},{"taxonomy":"product_tag","embeddable":true,"href":"https:\/\/hivetec.mk\/en\/wp-json\/wp\/v2\/product_tag?post=35753"}],"curies":[{"name":"wp","href":"https:\/\/api.w.org\/{rel}","templated":true}]}}