{"id":29842,"date":"2024-10-15T13:48:57","date_gmt":"2024-10-15T12:48:57","guid":{"rendered":"https:\/\/hivetec.mk\/?post_type=product&#038;p=29842"},"modified":"2026-01-20T13:42:28","modified_gmt":"2026-01-20T12:42:28","slug":"monitor-27-xiaomi-a27i-1920x1080-ips-100hz-hdr10-hdmi-dp-vesa-compatible-ela5345eu","status":"publish","type":"product","link":"https:\/\/hivetec.mk\/en\/product\/monitor-27-xiaomi-a27i-1920x1080-ips-100hz-hdr10-hdmi-dp-vesa-compatible-ela5345eu\/","title":{"rendered":"MONITOR 27&#8243; XIAOMI A27i, 1920&#215;1080, IPS, 100Hz, HDR10, HDMI, DP, VESA compatible, ELA5345EU"},"content":{"rendered":"<p>Model Name: XIAOMI MONITOR A27i<br \/>\nSpecification<br \/>\nPower Input: 12V\u23932.0A<br \/>\nRated Power: 24W<br \/>\nScreen Size: 27&#8243;<br \/>\nViewing Angle: 178\u00b0 (H) \/ 178\u00b0 (V)<br \/>\nBrightness: 250 nits (typ)<br \/>\nContrast Ratio: 1000:1<br \/>\nColor Depth: 16.7M<br \/>\nAspect Ratio: 16:9<br \/>\nResolution: 1920 \u00d7 1080<br \/>\nPanel Refresh Rate (Max.): 100Hz<br \/>\nG to G Response Time: 6ms (typ)<br \/>\nDimensions (Including Base): 612.3 (L) \u00d7 170 (W) \u00d7 451.7 (H) mm<br \/>\nWeight (Including Base): 3.6kg<br \/>\nWall Mount Size (VESA): 75mm \u00d7 75mm<br \/>\nTilt (Angle): -5\u00b0 \u00b1 2 ~ +15\u00b0 \u00b1 2<br \/>\nNumber and Type of Ports: DP Port \u00d7 1,HDMI 2.0 port \u00d71 , DC IN Cable Port \u00d7 1<\/p>","protected":false},"excerpt":{"rendered":"<ul>\n<li><strong>\u041f\u0440\u043e\u0438\u0437\u0432\u043e\u0434\u0438\u0442\u0435\u043b: XIAOMI<\/strong><\/li>\n<li><strong>\u0413\u0430\u0440\u0430\u043d\u0446\u0438\u0458\u0430: 360 \u0434\u0435\u043d\u0430<\/strong><\/li>\n<\/ul>","protected":false},"featured_media":29843,"comment_status":"open","ping_status":"closed","template":"","meta":{"content-type":""},"product_brand":[],"product_cat":[146],"product_tag":[],"class_list":{"0":"post-29842","1":"product","2":"type-product","3":"status-publish","4":"has-post-thumbnail","6":"product_cat-monitori","8":"first","9":"outofstock","10":"sale","11":"shipping-taxable","12":"purchasable","13":"product-type-simple"},"yoast_head":"<!-- This site is optimized with the Yoast SEO Premium plugin v21.7 (Yoast SEO v27.4) - https:\/\/yoast.com\/product\/yoast-seo-premium-wordpress\/ -->\n<title>MONITOR 27&quot; XIAOMI A27i, 1920x1080, IPS, 100Hz, HDR10, HDMI, DP, VESA compatible, ELA5345EU - Hivetec<\/title>\n<meta name=\"description\" content=\"\u041c\u041e\u041d\u0418\u0422\u041e\u0420 Mi Desktop Monitor 27&quot;IPS high-resolution display with eye protection, for an all new working experience - 1080P FHD 100% sRGB\" \/>\n<meta name=\"robots\" content=\"index, follow, max-snippet:-1, max-image-preview:large, max-video-preview:-1\" \/>\n<link rel=\"canonical\" href=\"https:\/\/hivetec.mk\/en\/product\/monitor-27-xiaomi-a27i-1920x1080-ips-100hz-hdr10-hdmi-dp-vesa-compatible-ela5345eu\/\" \/>\n<meta property=\"og:locale\" content=\"en_US\" \/>\n<meta property=\"og:type\" content=\"article\" \/>\n<meta property=\"og:title\" content=\"MONITOR 27&quot; XIAOMI A27i, 1920x1080, IPS, 100Hz, HDR10, HDMI, DP, VESA compatible, ELA5345EU\" \/>\n<meta property=\"og:description\" content=\"\u041c\u041e\u041d\u0418\u0422\u041e\u0420 Mi Desktop Monitor 27&quot;IPS high-resolution display with eye protection, for an all new working experience - 1080P FHD 100% sRGB\" \/>\n<meta property=\"og:url\" content=\"https:\/\/hivetec.mk\/en\/product\/monitor-27-xiaomi-a27i-1920x1080-ips-100hz-hdr10-hdmi-dp-vesa-compatible-ela5345eu\/\" \/>\n<meta property=\"og:site_name\" content=\"Hivetec\" \/>\n<meta property=\"article:publisher\" content=\"https:\/\/www.facebook.com\/hivetecmakedonija\" \/>\n<meta property=\"article:modified_time\" content=\"2026-01-20T12:42:28+00:00\" \/>\n<meta property=\"og:image\" content=\"https:\/\/hivetec.mk\/wp-content\/uploads\/2024\/10\/a27i.jpg\" \/>\n\t<meta property=\"og:image:width\" content=\"1024\" \/>\n\t<meta property=\"og:image:height\" content=\"1024\" \/>\n\t<meta property=\"og:image:type\" content=\"image\/jpeg\" \/>\n<meta name=\"twitter:card\" content=\"summary_large_image\" \/>\n<meta name=\"twitter:label1\" content=\"Est. reading time\" \/>\n\t<meta name=\"twitter:data1\" content=\"1 minute\" \/>\n<script type=\"application\/ld+json\" class=\"yoast-schema-graph\">{\"@context\":\"https:\\\/\\\/schema.org\",\"@graph\":[{\"@type\":\"WebPage\",\"@id\":\"https:\\\/\\\/hivetec.mk\\\/product\\\/monitor-27-xiaomi-a27i-1920x1080-ips-100hz-hdr10-hdmi-dp-vesa-compatible-ela5345eu\\\/\",\"url\":\"https:\\\/\\\/hivetec.mk\\\/product\\\/monitor-27-xiaomi-a27i-1920x1080-ips-100hz-hdr10-hdmi-dp-vesa-compatible-ela5345eu\\\/\",\"name\":\"MONITOR 27\\\" XIAOMI A27i, 1920x1080, IPS, 100Hz, HDR10, HDMI, DP, VESA compatible, ELA5345EU - Hivetec\",\"isPartOf\":{\"@id\":\"https:\\\/\\\/hivetec.mk\\\/#website\"},\"primaryImageOfPage\":{\"@id\":\"https:\\\/\\\/hivetec.mk\\\/product\\\/monitor-27-xiaomi-a27i-1920x1080-ips-100hz-hdr10-hdmi-dp-vesa-compatible-ela5345eu\\\/#primaryimage\"},\"image\":{\"@id\":\"https:\\\/\\\/hivetec.mk\\\/product\\\/monitor-27-xiaomi-a27i-1920x1080-ips-100hz-hdr10-hdmi-dp-vesa-compatible-ela5345eu\\\/#primaryimage\"},\"thumbnailUrl\":\"https:\\\/\\\/hivetec.mk\\\/wp-content\\\/uploads\\\/2024\\\/10\\\/a27i.jpg\",\"datePublished\":\"2024-10-15T12:48:57+00:00\",\"dateModified\":\"2026-01-20T12:42:28+00:00\",\"description\":\"\u041c\u041e\u041d\u0418\u0422\u041e\u0420 Mi Desktop Monitor 27\\\"IPS high-resolution display with eye protection, for an all new working experience - 1080P FHD 100% sRGB\",\"breadcrumb\":{\"@id\":\"https:\\\/\\\/hivetec.mk\\\/product\\\/monitor-27-xiaomi-a27i-1920x1080-ips-100hz-hdr10-hdmi-dp-vesa-compatible-ela5345eu\\\/#breadcrumb\"},\"inLanguage\":\"en-US\",\"potentialAction\":[{\"@type\":\"ReadAction\",\"target\":[\"https:\\\/\\\/hivetec.mk\\\/product\\\/monitor-27-xiaomi-a27i-1920x1080-ips-100hz-hdr10-hdmi-dp-vesa-compatible-ela5345eu\\\/\"]}]},{\"@type\":\"ImageObject\",\"inLanguage\":\"en-US\",\"@id\":\"https:\\\/\\\/hivetec.mk\\\/product\\\/monitor-27-xiaomi-a27i-1920x1080-ips-100hz-hdr10-hdmi-dp-vesa-compatible-ela5345eu\\\/#primaryimage\",\"url\":\"https:\\\/\\\/hivetec.mk\\\/wp-content\\\/uploads\\\/2024\\\/10\\\/a27i.jpg\",\"contentUrl\":\"https:\\\/\\\/hivetec.mk\\\/wp-content\\\/uploads\\\/2024\\\/10\\\/a27i.jpg\",\"width\":1024,\"height\":1024,\"caption\":\"monitor 27inch xiaomi a27i 1920x1080 ips 100hz\"},{\"@type\":\"BreadcrumbList\",\"@id\":\"https:\\\/\\\/hivetec.mk\\\/product\\\/monitor-27-xiaomi-a27i-1920x1080-ips-100hz-hdr10-hdmi-dp-vesa-compatible-ela5345eu\\\/#breadcrumb\",\"itemListElement\":[{\"@type\":\"ListItem\",\"position\":1,\"name\":\"Home\",\"item\":\"https:\\\/\\\/hivetec.mk\\\/\"},{\"@type\":\"ListItem\",\"position\":2,\"name\":\"Shop\",\"item\":\"https:\\\/\\\/hivetec.mk\\\/shop\\\/\"},{\"@type\":\"ListItem\",\"position\":3,\"name\":\"MONITOR 27&#8243; XIAOMI A27i, 1920&#215;1080, IPS, 100Hz, HDR10, HDMI, DP, VESA compatible, ELA5345EU\"}]},{\"@type\":\"WebSite\",\"@id\":\"https:\\\/\\\/hivetec.mk\\\/#website\",\"url\":\"https:\\\/\\\/hivetec.mk\\\/\",\"name\":\"Hivetec\",\"description\":\"\u0412\u0435\u0431 \u0448\u043e\u043f \u0437\u0430 \u043f\u0440\u043e\u0434\u0430\u0436\u0431\u0430 \u043d\u0430 \u043a\u043e\u043c\u0458\u0443\u0442\u0435\u0440\u0441\u043a\u0438 \u0445\u0430\u0440\u0434\u0432\u0435\u0440, \u0430\u043a\u0441\u0435\u0441\u043e\u0430\u0440\u0438 \u0438 \u043a\u043e\u043c\u043f\u043e\u043d\u0435\u043d\u0442\u0438.\",\"potentialAction\":[{\"@type\":\"SearchAction\",\"target\":{\"@type\":\"EntryPoint\",\"urlTemplate\":\"https:\\\/\\\/hivetec.mk\\\/?s={search_term_string}\"},\"query-input\":{\"@type\":\"PropertyValueSpecification\",\"valueRequired\":true,\"valueName\":\"search_term_string\"}}],\"inLanguage\":\"en-US\"}]}<\/script>\n<!-- \/ Yoast SEO Premium plugin. -->","yoast_head_json":{"title":"MONITOR 27\" XIAOMI A27i, 1920x1080, IPS, 100Hz, HDR10, HDMI, DP, VESA compatible, ELA5345EU - Hivetec","description":"\u041c\u041e\u041d\u0418\u0422\u041e\u0420 Mi Desktop Monitor 27\"IPS high-resolution display with eye protection, for an all new working experience - 1080P FHD 100% sRGB","robots":{"index":"index","follow":"follow","max-snippet":"max-snippet:-1","max-image-preview":"max-image-preview:large","max-video-preview":"max-video-preview:-1"},"canonical":"https:\/\/hivetec.mk\/en\/product\/monitor-27-xiaomi-a27i-1920x1080-ips-100hz-hdr10-hdmi-dp-vesa-compatible-ela5345eu\/","og_locale":"en_US","og_type":"article","og_title":"MONITOR 27\" XIAOMI A27i, 1920x1080, IPS, 100Hz, HDR10, HDMI, DP, VESA compatible, ELA5345EU","og_description":"\u041c\u041e\u041d\u0418\u0422\u041e\u0420 Mi Desktop Monitor 27\"IPS high-resolution display with eye protection, for an all new working experience - 1080P FHD 100% sRGB","og_url":"https:\/\/hivetec.mk\/en\/product\/monitor-27-xiaomi-a27i-1920x1080-ips-100hz-hdr10-hdmi-dp-vesa-compatible-ela5345eu\/","og_site_name":"Hivetec","article_publisher":"https:\/\/www.facebook.com\/hivetecmakedonija","article_modified_time":"2026-01-20T12:42:28+00:00","og_image":[{"width":1024,"height":1024,"url":"https:\/\/hivetec.mk\/wp-content\/uploads\/2024\/10\/a27i.jpg","type":"image\/jpeg"}],"twitter_card":"summary_large_image","twitter_misc":{"Est. reading time":"1 minute"},"schema":{"@context":"https:\/\/schema.org","@graph":[{"@type":"WebPage","@id":"https:\/\/hivetec.mk\/product\/monitor-27-xiaomi-a27i-1920x1080-ips-100hz-hdr10-hdmi-dp-vesa-compatible-ela5345eu\/","url":"https:\/\/hivetec.mk\/product\/monitor-27-xiaomi-a27i-1920x1080-ips-100hz-hdr10-hdmi-dp-vesa-compatible-ela5345eu\/","name":"MONITOR 27\" XIAOMI A27i, 1920x1080, IPS, 100Hz, HDR10, HDMI, DP, VESA compatible, ELA5345EU - Hivetec","isPartOf":{"@id":"https:\/\/hivetec.mk\/#website"},"primaryImageOfPage":{"@id":"https:\/\/hivetec.mk\/product\/monitor-27-xiaomi-a27i-1920x1080-ips-100hz-hdr10-hdmi-dp-vesa-compatible-ela5345eu\/#primaryimage"},"image":{"@id":"https:\/\/hivetec.mk\/product\/monitor-27-xiaomi-a27i-1920x1080-ips-100hz-hdr10-hdmi-dp-vesa-compatible-ela5345eu\/#primaryimage"},"thumbnailUrl":"https:\/\/hivetec.mk\/wp-content\/uploads\/2024\/10\/a27i.jpg","datePublished":"2024-10-15T12:48:57+00:00","dateModified":"2026-01-20T12:42:28+00:00","description":"\u041c\u041e\u041d\u0418\u0422\u041e\u0420 Mi Desktop Monitor 27\"IPS high-resolution display with eye protection, for an all new working experience - 1080P FHD 100% sRGB","breadcrumb":{"@id":"https:\/\/hivetec.mk\/product\/monitor-27-xiaomi-a27i-1920x1080-ips-100hz-hdr10-hdmi-dp-vesa-compatible-ela5345eu\/#breadcrumb"},"inLanguage":"en-US","potentialAction":[{"@type":"ReadAction","target":["https:\/\/hivetec.mk\/product\/monitor-27-xiaomi-a27i-1920x1080-ips-100hz-hdr10-hdmi-dp-vesa-compatible-ela5345eu\/"]}]},{"@type":"ImageObject","inLanguage":"en-US","@id":"https:\/\/hivetec.mk\/product\/monitor-27-xiaomi-a27i-1920x1080-ips-100hz-hdr10-hdmi-dp-vesa-compatible-ela5345eu\/#primaryimage","url":"https:\/\/hivetec.mk\/wp-content\/uploads\/2024\/10\/a27i.jpg","contentUrl":"https:\/\/hivetec.mk\/wp-content\/uploads\/2024\/10\/a27i.jpg","width":1024,"height":1024,"caption":"monitor 27inch xiaomi a27i 1920x1080 ips 100hz"},{"@type":"BreadcrumbList","@id":"https:\/\/hivetec.mk\/product\/monitor-27-xiaomi-a27i-1920x1080-ips-100hz-hdr10-hdmi-dp-vesa-compatible-ela5345eu\/#breadcrumb","itemListElement":[{"@type":"ListItem","position":1,"name":"Home","item":"https:\/\/hivetec.mk\/"},{"@type":"ListItem","position":2,"name":"Shop","item":"https:\/\/hivetec.mk\/shop\/"},{"@type":"ListItem","position":3,"name":"MONITOR 27&#8243; XIAOMI A27i, 1920&#215;1080, IPS, 100Hz, HDR10, HDMI, DP, VESA compatible, ELA5345EU"}]},{"@type":"WebSite","@id":"https:\/\/hivetec.mk\/#website","url":"https:\/\/hivetec.mk\/","name":"Hivetec","description":"\u0412\u0435\u0431 \u0448\u043e\u043f \u0437\u0430 \u043f\u0440\u043e\u0434\u0430\u0436\u0431\u0430 \u043d\u0430 \u043a\u043e\u043c\u0458\u0443\u0442\u0435\u0440\u0441\u043a\u0438 \u0445\u0430\u0440\u0434\u0432\u0435\u0440, \u0430\u043a\u0441\u0435\u0441\u043e\u0430\u0440\u0438 \u0438 \u043a\u043e\u043c\u043f\u043e\u043d\u0435\u043d\u0442\u0438.","potentialAction":[{"@type":"SearchAction","target":{"@type":"EntryPoint","urlTemplate":"https:\/\/hivetec.mk\/?s={search_term_string}"},"query-input":{"@type":"PropertyValueSpecification","valueRequired":true,"valueName":"search_term_string"}}],"inLanguage":"en-US"}]}},"_links":{"self":[{"href":"https:\/\/hivetec.mk\/en\/wp-json\/wp\/v2\/product\/29842","targetHints":{"allow":["GET"]}}],"collection":[{"href":"https:\/\/hivetec.mk\/en\/wp-json\/wp\/v2\/product"}],"about":[{"href":"https:\/\/hivetec.mk\/en\/wp-json\/wp\/v2\/types\/product"}],"replies":[{"embeddable":true,"href":"https:\/\/hivetec.mk\/en\/wp-json\/wp\/v2\/comments?post=29842"}],"version-history":[{"count":1,"href":"https:\/\/hivetec.mk\/en\/wp-json\/wp\/v2\/product\/29842\/revisions"}],"predecessor-version":[{"id":29844,"href":"https:\/\/hivetec.mk\/en\/wp-json\/wp\/v2\/product\/29842\/revisions\/29844"}],"wp:featuredmedia":[{"embeddable":true,"href":"https:\/\/hivetec.mk\/en\/wp-json\/wp\/v2\/media\/29843"}],"wp:attachment":[{"href":"https:\/\/hivetec.mk\/en\/wp-json\/wp\/v2\/media?parent=29842"}],"wp:term":[{"taxonomy":"product_brand","embeddable":true,"href":"https:\/\/hivetec.mk\/en\/wp-json\/wp\/v2\/product_brand?post=29842"},{"taxonomy":"product_cat","embeddable":true,"href":"https:\/\/hivetec.mk\/en\/wp-json\/wp\/v2\/product_cat?post=29842"},{"taxonomy":"product_tag","embeddable":true,"href":"https:\/\/hivetec.mk\/en\/wp-json\/wp\/v2\/product_tag?post=29842"}],"curies":[{"name":"wp","href":"https:\/\/api.w.org\/{rel}","templated":true}]}}