{"id":19824,"date":"2023-11-22T21:44:33","date_gmt":"2023-11-22T20:44:33","guid":{"rendered":"https:\/\/hivetec.mk\/?post_type=product&#038;p=19824"},"modified":"2026-04-14T10:34:52","modified_gmt":"2026-04-14T09:34:52","slug":"atx-e-atx-midi-tower-case-deepcool-ch560-white-argb-w-usb-3-0-type-c-3x-140mm-1x-120mm-led-fans","status":"publish","type":"product","link":"https:\/\/hivetec.mk\/en\/product\/atx-e-atx-midi-tower-case-deepcool-ch560-white-argb-w-usb-3-0-type-c-3x-140mm-1x-120mm-led-fans\/","title":{"rendered":"ATX \/ E-ATX Midi Tower Case Deepcool CH560 White ARGB w\/USB 3.0, Type-C, 3x 140mm, 1x 120mm LED Fans"},"content":{"rendered":"<p>Product Dimensions: 458\u00d7230\u00d7471mm(L\u00d7W\u00d7H)<br \/>\nNet Weight: 7.5Kg<br \/>\nMaterials: ABS + SPCC + Tempered Glass<br \/>\nMotherboard Support: Mini-ITX \/ Micro-ATX \/ ATX \/ E-ATX<br \/>\nFront I\/O Ports: USB3.0\u00d71\u3001Audio\u00d71\u3001TYPE-C\u00d71<br \/>\n3.5&#8243; Drive Bays: 2<br \/>\n2.5&#8243; Drive Bays: 2+1<br \/>\nExpansion Slots: 7 Slots<br \/>\nPre-Installed Fans: Front: 3\u00d7140mm ARGB<br \/>\nRear: 1\u00d7120mm ARGB<br \/>\nFan Support: Front: 3\u00d7120 \/ 3\u00d7140mm<br \/>\nTop: 3\u00d7120 \/ 2\u00d7140mm<br \/>\nRear: 1\u00d7120 \/ 1\u00d7140mm<br \/>\nPSU Shrouded: 2\u00d7120mm<br \/>\nRadiator Support: Front: 120\/140\/240\/280\/360mm<br \/>\nTop: 120\/140\/240\/280\/360mm<br \/>\nRear: 120\/140mm<br \/>\nCPU Cooler Height Limit: 175mm<br \/>\nGPU Length Limit: 380mm<br \/>\nPower Supply Type: ATX PS2 \uff08maximum length: 170mm\uff09<\/p>","protected":false},"excerpt":{"rendered":"<ul>\n<li><strong>\u041f\u0440\u043e\u0438\u0437\u0432\u043e\u0434\u0438\u0442\u0435\u043b: DeepCool<\/strong><\/li>\n<li><strong>\u0413\u0430\u0440\u0430\u043d\u0446\u0438\u0458\u0430: 360 \u0434\u0435\u043d\u0430<\/strong><\/li>\n<\/ul>","protected":false},"featured_media":25810,"comment_status":"open","ping_status":"closed","template":"","meta":{"content-type":""},"product_brand":[],"product_cat":[132],"product_tag":[],"class_list":{"0":"post-19824","1":"product","2":"type-product","3":"status-publish","4":"has-post-thumbnail","6":"product_cat-kukista","8":"first","9":"instock","10":"sale","11":"shipping-taxable","12":"purchasable","13":"product-type-simple"},"yoast_head":"<!-- This site is optimized with the Yoast SEO Premium plugin v21.7 (Yoast SEO v27.4) - https:\/\/yoast.com\/product\/yoast-seo-premium-wordpress\/ -->\n<title>ATX \/ E-ATX Midi Tower Case Deepcool CH560 White ARGB w\/USB 3.0, Type-C, 3x 140mm, 1x 120mm LED Fans - Hivetec<\/title>\n<meta name=\"description\" content=\"DeepCool CH560 Digital WH White PC Case Dual Status Display 140mm PWM ARGB Fans High-Airflow Mid Tower Chassis Hybrid Mesh\/Glass Side Panel 360mm Radiator\" \/>\n<meta name=\"robots\" content=\"index, follow, max-snippet:-1, max-image-preview:large, max-video-preview:-1\" \/>\n<link rel=\"canonical\" href=\"https:\/\/hivetec.mk\/en\/product\/atx-e-atx-midi-tower-case-deepcool-ch560-white-argb-w-usb-3-0-type-c-3x-140mm-1x-120mm-led-fans\/\" \/>\n<meta property=\"og:locale\" content=\"en_US\" \/>\n<meta property=\"og:type\" content=\"article\" \/>\n<meta property=\"og:title\" content=\"ATX \/ E-ATX Midi Tower Case Deepcool CH560 White ARGB w\/USB 3.0, Type-C, 3x 140mm, 1x 120mm LED Fans\" \/>\n<meta property=\"og:description\" content=\"DeepCool CH560 Digital WH White PC Case Dual Status Display 140mm PWM ARGB Fans High-Airflow Mid Tower Chassis Hybrid Mesh\/Glass Side Panel 360mm Radiator\" \/>\n<meta property=\"og:url\" content=\"https:\/\/hivetec.mk\/en\/product\/atx-e-atx-midi-tower-case-deepcool-ch560-white-argb-w-usb-3-0-type-c-3x-140mm-1x-120mm-led-fans\/\" \/>\n<meta property=\"og:site_name\" content=\"Hivetec\" \/>\n<meta property=\"article:publisher\" content=\"https:\/\/www.facebook.com\/hivetecmakedonija\" \/>\n<meta property=\"article:modified_time\" content=\"2026-04-14T09:34:52+00:00\" \/>\n<meta property=\"og:image\" content=\"https:\/\/hivetec.mk\/wp-content\/uploads\/2023\/11\/ch560.jpg\" \/>\n\t<meta property=\"og:image:width\" content=\"1024\" \/>\n\t<meta property=\"og:image:height\" content=\"1024\" \/>\n\t<meta property=\"og:image:type\" content=\"image\/jpeg\" \/>\n<meta name=\"twitter:card\" content=\"summary_large_image\" \/>\n<meta name=\"twitter:label1\" content=\"Est. reading time\" \/>\n\t<meta name=\"twitter:data1\" content=\"1 minute\" \/>\n<script type=\"application\/ld+json\" class=\"yoast-schema-graph\">{\"@context\":\"https:\\\/\\\/schema.org\",\"@graph\":[{\"@type\":\"WebPage\",\"@id\":\"https:\\\/\\\/hivetec.mk\\\/product\\\/atx-e-atx-midi-tower-case-deepcool-ch560-white-argb-w-usb-3-0-type-c-3x-140mm-1x-120mm-led-fans\\\/\",\"url\":\"https:\\\/\\\/hivetec.mk\\\/product\\\/atx-e-atx-midi-tower-case-deepcool-ch560-white-argb-w-usb-3-0-type-c-3x-140mm-1x-120mm-led-fans\\\/\",\"name\":\"ATX \\\/ E-ATX Midi Tower Case Deepcool CH560 White ARGB w\\\/USB 3.0, Type-C, 3x 140mm, 1x 120mm LED Fans - Hivetec\",\"isPartOf\":{\"@id\":\"https:\\\/\\\/hivetec.mk\\\/#website\"},\"primaryImageOfPage\":{\"@id\":\"https:\\\/\\\/hivetec.mk\\\/product\\\/atx-e-atx-midi-tower-case-deepcool-ch560-white-argb-w-usb-3-0-type-c-3x-140mm-1x-120mm-led-fans\\\/#primaryimage\"},\"image\":{\"@id\":\"https:\\\/\\\/hivetec.mk\\\/product\\\/atx-e-atx-midi-tower-case-deepcool-ch560-white-argb-w-usb-3-0-type-c-3x-140mm-1x-120mm-led-fans\\\/#primaryimage\"},\"thumbnailUrl\":\"https:\\\/\\\/hivetec.mk\\\/wp-content\\\/uploads\\\/2023\\\/11\\\/ch560.jpg\",\"datePublished\":\"2023-11-22T20:44:33+00:00\",\"dateModified\":\"2026-04-14T09:34:52+00:00\",\"description\":\"DeepCool CH560 Digital WH White PC Case Dual Status Display 140mm PWM ARGB Fans High-Airflow Mid Tower Chassis Hybrid Mesh\\\/Glass Side Panel 360mm Radiator\",\"breadcrumb\":{\"@id\":\"https:\\\/\\\/hivetec.mk\\\/product\\\/atx-e-atx-midi-tower-case-deepcool-ch560-white-argb-w-usb-3-0-type-c-3x-140mm-1x-120mm-led-fans\\\/#breadcrumb\"},\"inLanguage\":\"en-US\",\"potentialAction\":[{\"@type\":\"ReadAction\",\"target\":[\"https:\\\/\\\/hivetec.mk\\\/product\\\/atx-e-atx-midi-tower-case-deepcool-ch560-white-argb-w-usb-3-0-type-c-3x-140mm-1x-120mm-led-fans\\\/\"]}]},{\"@type\":\"ImageObject\",\"inLanguage\":\"en-US\",\"@id\":\"https:\\\/\\\/hivetec.mk\\\/product\\\/atx-e-atx-midi-tower-case-deepcool-ch560-white-argb-w-usb-3-0-type-c-3x-140mm-1x-120mm-led-fans\\\/#primaryimage\",\"url\":\"https:\\\/\\\/hivetec.mk\\\/wp-content\\\/uploads\\\/2023\\\/11\\\/ch560.jpg\",\"contentUrl\":\"https:\\\/\\\/hivetec.mk\\\/wp-content\\\/uploads\\\/2023\\\/11\\\/ch560.jpg\",\"width\":1024,\"height\":1024,\"caption\":\"gaming kukiste deepcool ch560 argb belo\"},{\"@type\":\"BreadcrumbList\",\"@id\":\"https:\\\/\\\/hivetec.mk\\\/product\\\/atx-e-atx-midi-tower-case-deepcool-ch560-white-argb-w-usb-3-0-type-c-3x-140mm-1x-120mm-led-fans\\\/#breadcrumb\",\"itemListElement\":[{\"@type\":\"ListItem\",\"position\":1,\"name\":\"Home\",\"item\":\"https:\\\/\\\/hivetec.mk\\\/\"},{\"@type\":\"ListItem\",\"position\":2,\"name\":\"Shop\",\"item\":\"https:\\\/\\\/hivetec.mk\\\/shop\\\/\"},{\"@type\":\"ListItem\",\"position\":3,\"name\":\"ATX \\\/ E-ATX Midi Tower Case Deepcool CH560 White ARGB w\\\/USB 3.0, Type-C, 3x 140mm, 1x 120mm LED Fans\"}]},{\"@type\":\"WebSite\",\"@id\":\"https:\\\/\\\/hivetec.mk\\\/#website\",\"url\":\"https:\\\/\\\/hivetec.mk\\\/\",\"name\":\"Hivetec\",\"description\":\"\u0412\u0435\u0431 \u0448\u043e\u043f \u0437\u0430 \u043f\u0440\u043e\u0434\u0430\u0436\u0431\u0430 \u043d\u0430 \u043a\u043e\u043c\u0458\u0443\u0442\u0435\u0440\u0441\u043a\u0438 \u0445\u0430\u0440\u0434\u0432\u0435\u0440, \u0430\u043a\u0441\u0435\u0441\u043e\u0430\u0440\u0438 \u0438 \u043a\u043e\u043c\u043f\u043e\u043d\u0435\u043d\u0442\u0438.\",\"potentialAction\":[{\"@type\":\"SearchAction\",\"target\":{\"@type\":\"EntryPoint\",\"urlTemplate\":\"https:\\\/\\\/hivetec.mk\\\/?s={search_term_string}\"},\"query-input\":{\"@type\":\"PropertyValueSpecification\",\"valueRequired\":true,\"valueName\":\"search_term_string\"}}],\"inLanguage\":\"en-US\"}]}<\/script>\n<!-- \/ Yoast SEO Premium plugin. -->","yoast_head_json":{"title":"ATX \/ E-ATX Midi Tower Case Deepcool CH560 White ARGB w\/USB 3.0, Type-C, 3x 140mm, 1x 120mm LED Fans - Hivetec","description":"DeepCool CH560 Digital WH White PC Case Dual Status Display 140mm PWM ARGB Fans High-Airflow Mid Tower Chassis Hybrid Mesh\/Glass Side Panel 360mm Radiator","robots":{"index":"index","follow":"follow","max-snippet":"max-snippet:-1","max-image-preview":"max-image-preview:large","max-video-preview":"max-video-preview:-1"},"canonical":"https:\/\/hivetec.mk\/en\/product\/atx-e-atx-midi-tower-case-deepcool-ch560-white-argb-w-usb-3-0-type-c-3x-140mm-1x-120mm-led-fans\/","og_locale":"en_US","og_type":"article","og_title":"ATX \/ E-ATX Midi Tower Case Deepcool CH560 White ARGB w\/USB 3.0, Type-C, 3x 140mm, 1x 120mm LED Fans","og_description":"DeepCool CH560 Digital WH White PC Case Dual Status Display 140mm PWM ARGB Fans High-Airflow Mid Tower Chassis Hybrid Mesh\/Glass Side Panel 360mm Radiator","og_url":"https:\/\/hivetec.mk\/en\/product\/atx-e-atx-midi-tower-case-deepcool-ch560-white-argb-w-usb-3-0-type-c-3x-140mm-1x-120mm-led-fans\/","og_site_name":"Hivetec","article_publisher":"https:\/\/www.facebook.com\/hivetecmakedonija","article_modified_time":"2026-04-14T09:34:52+00:00","og_image":[{"width":1024,"height":1024,"url":"https:\/\/hivetec.mk\/wp-content\/uploads\/2023\/11\/ch560.jpg","type":"image\/jpeg"}],"twitter_card":"summary_large_image","twitter_misc":{"Est. reading time":"1 minute"},"schema":{"@context":"https:\/\/schema.org","@graph":[{"@type":"WebPage","@id":"https:\/\/hivetec.mk\/product\/atx-e-atx-midi-tower-case-deepcool-ch560-white-argb-w-usb-3-0-type-c-3x-140mm-1x-120mm-led-fans\/","url":"https:\/\/hivetec.mk\/product\/atx-e-atx-midi-tower-case-deepcool-ch560-white-argb-w-usb-3-0-type-c-3x-140mm-1x-120mm-led-fans\/","name":"ATX \/ E-ATX Midi Tower Case Deepcool CH560 White ARGB w\/USB 3.0, Type-C, 3x 140mm, 1x 120mm LED Fans - Hivetec","isPartOf":{"@id":"https:\/\/hivetec.mk\/#website"},"primaryImageOfPage":{"@id":"https:\/\/hivetec.mk\/product\/atx-e-atx-midi-tower-case-deepcool-ch560-white-argb-w-usb-3-0-type-c-3x-140mm-1x-120mm-led-fans\/#primaryimage"},"image":{"@id":"https:\/\/hivetec.mk\/product\/atx-e-atx-midi-tower-case-deepcool-ch560-white-argb-w-usb-3-0-type-c-3x-140mm-1x-120mm-led-fans\/#primaryimage"},"thumbnailUrl":"https:\/\/hivetec.mk\/wp-content\/uploads\/2023\/11\/ch560.jpg","datePublished":"2023-11-22T20:44:33+00:00","dateModified":"2026-04-14T09:34:52+00:00","description":"DeepCool CH560 Digital WH White PC Case Dual Status Display 140mm PWM ARGB Fans High-Airflow Mid Tower Chassis Hybrid Mesh\/Glass Side Panel 360mm Radiator","breadcrumb":{"@id":"https:\/\/hivetec.mk\/product\/atx-e-atx-midi-tower-case-deepcool-ch560-white-argb-w-usb-3-0-type-c-3x-140mm-1x-120mm-led-fans\/#breadcrumb"},"inLanguage":"en-US","potentialAction":[{"@type":"ReadAction","target":["https:\/\/hivetec.mk\/product\/atx-e-atx-midi-tower-case-deepcool-ch560-white-argb-w-usb-3-0-type-c-3x-140mm-1x-120mm-led-fans\/"]}]},{"@type":"ImageObject","inLanguage":"en-US","@id":"https:\/\/hivetec.mk\/product\/atx-e-atx-midi-tower-case-deepcool-ch560-white-argb-w-usb-3-0-type-c-3x-140mm-1x-120mm-led-fans\/#primaryimage","url":"https:\/\/hivetec.mk\/wp-content\/uploads\/2023\/11\/ch560.jpg","contentUrl":"https:\/\/hivetec.mk\/wp-content\/uploads\/2023\/11\/ch560.jpg","width":1024,"height":1024,"caption":"gaming kukiste deepcool ch560 argb belo"},{"@type":"BreadcrumbList","@id":"https:\/\/hivetec.mk\/product\/atx-e-atx-midi-tower-case-deepcool-ch560-white-argb-w-usb-3-0-type-c-3x-140mm-1x-120mm-led-fans\/#breadcrumb","itemListElement":[{"@type":"ListItem","position":1,"name":"Home","item":"https:\/\/hivetec.mk\/"},{"@type":"ListItem","position":2,"name":"Shop","item":"https:\/\/hivetec.mk\/shop\/"},{"@type":"ListItem","position":3,"name":"ATX \/ E-ATX Midi Tower Case Deepcool CH560 White ARGB w\/USB 3.0, Type-C, 3x 140mm, 1x 120mm LED Fans"}]},{"@type":"WebSite","@id":"https:\/\/hivetec.mk\/#website","url":"https:\/\/hivetec.mk\/","name":"Hivetec","description":"\u0412\u0435\u0431 \u0448\u043e\u043f \u0437\u0430 \u043f\u0440\u043e\u0434\u0430\u0436\u0431\u0430 \u043d\u0430 \u043a\u043e\u043c\u0458\u0443\u0442\u0435\u0440\u0441\u043a\u0438 \u0445\u0430\u0440\u0434\u0432\u0435\u0440, \u0430\u043a\u0441\u0435\u0441\u043e\u0430\u0440\u0438 \u0438 \u043a\u043e\u043c\u043f\u043e\u043d\u0435\u043d\u0442\u0438.","potentialAction":[{"@type":"SearchAction","target":{"@type":"EntryPoint","urlTemplate":"https:\/\/hivetec.mk\/?s={search_term_string}"},"query-input":{"@type":"PropertyValueSpecification","valueRequired":true,"valueName":"search_term_string"}}],"inLanguage":"en-US"}]}},"_links":{"self":[{"href":"https:\/\/hivetec.mk\/en\/wp-json\/wp\/v2\/product\/19824","targetHints":{"allow":["GET"]}}],"collection":[{"href":"https:\/\/hivetec.mk\/en\/wp-json\/wp\/v2\/product"}],"about":[{"href":"https:\/\/hivetec.mk\/en\/wp-json\/wp\/v2\/types\/product"}],"replies":[{"embeddable":true,"href":"https:\/\/hivetec.mk\/en\/wp-json\/wp\/v2\/comments?post=19824"}],"version-history":[{"count":3,"href":"https:\/\/hivetec.mk\/en\/wp-json\/wp\/v2\/product\/19824\/revisions"}],"predecessor-version":[{"id":25811,"href":"https:\/\/hivetec.mk\/en\/wp-json\/wp\/v2\/product\/19824\/revisions\/25811"}],"wp:featuredmedia":[{"embeddable":true,"href":"https:\/\/hivetec.mk\/en\/wp-json\/wp\/v2\/media\/25810"}],"wp:attachment":[{"href":"https:\/\/hivetec.mk\/en\/wp-json\/wp\/v2\/media?parent=19824"}],"wp:term":[{"taxonomy":"product_brand","embeddable":true,"href":"https:\/\/hivetec.mk\/en\/wp-json\/wp\/v2\/product_brand?post=19824"},{"taxonomy":"product_cat","embeddable":true,"href":"https:\/\/hivetec.mk\/en\/wp-json\/wp\/v2\/product_cat?post=19824"},{"taxonomy":"product_tag","embeddable":true,"href":"https:\/\/hivetec.mk\/en\/wp-json\/wp\/v2\/product_tag?post=19824"}],"curies":[{"name":"wp","href":"https:\/\/api.w.org\/{rel}","templated":true}]}}