{"id":17627,"date":"2023-09-15T21:07:30","date_gmt":"2023-09-15T20:07:30","guid":{"rendered":"https:\/\/hivetec.mk\/?post_type=product&#038;p=17627"},"modified":"2026-04-21T09:46:46","modified_gmt":"2026-04-21T08:46:46","slug":"atx-e-atx-midi-tower-case-deepcool-ch510-white-w-2x-usb-3-0-1x-120mm-fan","status":"publish","type":"product","link":"https:\/\/hivetec.mk\/en\/product\/atx-e-atx-midi-tower-case-deepcool-ch510-white-w-2x-usb-3-0-1x-120mm-fan\/","title":{"rendered":"ATX \/ E-ATX Midi Tower Case Deepcool CH510 White w\/2x USB 3.0, 1x 120mm Fan"},"content":{"rendered":"<p>Mid-Tower ATX Case<br \/>The DeepCool CH510 is a sleek and minimalistic mid-tower ATX case with great component compatibility and extensive cooling capacity support for a truly flexible build experience.<\/p>\r\n\r\n\r\n\r\n<p>A Complete Build Experience<br \/>The CH510 is an ideal case for any level builder needing a spacious interior and robust features designed for the modern PC gamer.<\/p>\r\n\r\n\r\n\r\n<p>Expand Your Cooling<br \/>Install up to a 360mm radiator either on top or in front for water cooling setups and support up to 9x 120mm or 5x 140mm cooling fans for proper airflow ventilation that also reaches your GPU.<\/p>\r\n\r\n\r\n\r\n<p>Simply Streamlined<br \/>A magnetic tempered glass side panel offers the most convenient way to mount glass panels that includes an optional safety lock for extra security.<\/p>\r\n\r\n\r\n\r\n<p>Wide and Spacious Interior<br \/>Maximize potential with flexible configurations that meet the needs of any system setup. With space for large GPUs up to 380mm and CPU coolers up to 175mm in height, the CH510 provides ample space without being too bulky.<\/p>\r\n\r\n\r\n\r\n<p>The Support You Need<br \/>The built-in GPU support bracket ensures that your graphics card never has to sag. A convenient headset holder can be pulled out from the front panel to help you organize.<\/p>\r\n\r\n\r\n\r\n<p>Modular Front I\/O<br \/>A standard 2x USB 3.0 sit conveniently at the top for quick-access and features a modular design.<\/p>\r\n\r\n\r\n\r\n<p>Technical Spec<br \/>Product Dimensions: 435\u00d7230\u00d7471mm(L\u00d7W\u00d7H)<br \/>Net Weight: 7.2Kg<br \/>Materials: ABS+SPCC+Tempered Glass<br \/>Motherboard Support: Mini-ITX \/ Micro-ATX \/ ATX \/ E-ATX<br \/>Front I\/O Ports: USB3.0\u00d72\u3001Audio\u00d71<br \/>3.5&#8243; Drive Bays: 2<br \/>2.5&#8243; Drive Bays: 2+1<br \/>Expansion Slots: 7 Slots<br \/>Pre-Installed Fans: Rear: 1\u00d7120mm<br \/>Fan Support: Front: 3\u00d7120 \/ 2\u00d7140mm<br \/>Top: 3\u00d7120 \/ 2\u00d7140mm<br \/>Rear: 1\u00d7120 \/ 1\u00d7140mm<br \/>Radiator Support: Front: 120\/140\/240\/280\/360mm<br \/>Top: 120\/140\/240\/280\/360mm<br \/>Rear: 120\/140mm<br \/>CPU Cooler Height Limit: 175mm<br \/>GPU Length Limit: 380mm<br \/>Power Supply Type: ATX PS2 \uff08maximum length: 170mm\uff09<\/p>","protected":false},"excerpt":{"rendered":"<ul>\n<li><strong>\u041f\u0440\u043e\u0438\u0437\u0432\u043e\u0434\u0438\u0442\u0435\u043b: DeepCool<\/strong><\/li>\n<li><strong>\u0413\u0430\u0440\u0430\u043d\u0446\u0438\u0458\u0430:\u00a0360 \u0434\u0435\u043d\u0430<\/strong><\/li>\n<\/ul>","protected":false},"featured_media":25852,"comment_status":"open","ping_status":"closed","template":"","meta":{"content-type":""},"product_brand":[],"product_cat":[132],"product_tag":[],"class_list":{"0":"post-17627","1":"product","2":"type-product","3":"status-publish","4":"has-post-thumbnail","6":"product_cat-kukista","8":"first","9":"outofstock","10":"sale","11":"shipping-taxable","12":"purchasable","13":"product-type-simple"},"yoast_head":"<!-- This site is optimized with the Yoast SEO Premium plugin v21.7 (Yoast SEO v27.4) - https:\/\/yoast.com\/product\/yoast-seo-premium-wordpress\/ -->\n<title>ATX \/ E-ATX Midi Tower Case Deepcool CH510 White w\/2x USB 3.0, 1x 120mm Fan - Hivetec<\/title>\n<meta name=\"description\" content=\"The DeepCool CH510 is a sleek and minimalistic mid-tower ATX case with great component compatibility and extensive cooling capacity support.\" \/>\n<meta name=\"robots\" content=\"index, follow, max-snippet:-1, max-image-preview:large, max-video-preview:-1\" \/>\n<link rel=\"canonical\" href=\"https:\/\/hivetec.mk\/en\/product\/atx-e-atx-midi-tower-case-deepcool-ch510-white-w-2x-usb-3-0-1x-120mm-fan\/\" \/>\n<meta property=\"og:locale\" content=\"en_US\" \/>\n<meta property=\"og:type\" content=\"article\" \/>\n<meta property=\"og:title\" content=\"ATX \/ E-ATX Midi Tower Case Deepcool CH510 White w\/2x USB 3.0, 1x 120mm Fan\" \/>\n<meta property=\"og:description\" content=\"The DeepCool CH510 is a sleek and minimalistic mid-tower ATX case with great component compatibility and extensive cooling capacity support.\" \/>\n<meta property=\"og:url\" content=\"https:\/\/hivetec.mk\/en\/product\/atx-e-atx-midi-tower-case-deepcool-ch510-white-w-2x-usb-3-0-1x-120mm-fan\/\" \/>\n<meta property=\"og:site_name\" content=\"Hivetec\" \/>\n<meta property=\"article:publisher\" content=\"https:\/\/www.facebook.com\/hivetecmakedonija\" \/>\n<meta property=\"article:modified_time\" content=\"2026-04-21T08:46:46+00:00\" \/>\n<meta property=\"og:image\" content=\"https:\/\/hivetec.mk\/wp-content\/uploads\/2023\/09\/ch510.jpg\" \/>\n\t<meta property=\"og:image:width\" content=\"1024\" \/>\n\t<meta property=\"og:image:height\" content=\"1024\" \/>\n\t<meta property=\"og:image:type\" content=\"image\/jpeg\" \/>\n<meta name=\"twitter:card\" content=\"summary_large_image\" \/>\n<meta name=\"twitter:label1\" content=\"Est. reading time\" \/>\n\t<meta name=\"twitter:data1\" content=\"2 minutes\" \/>\n<script type=\"application\/ld+json\" class=\"yoast-schema-graph\">{\"@context\":\"https:\\\/\\\/schema.org\",\"@graph\":[{\"@type\":\"WebPage\",\"@id\":\"https:\\\/\\\/hivetec.mk\\\/product\\\/atx-e-atx-midi-tower-case-deepcool-ch510-white-w-2x-usb-3-0-1x-120mm-fan\\\/\",\"url\":\"https:\\\/\\\/hivetec.mk\\\/product\\\/atx-e-atx-midi-tower-case-deepcool-ch510-white-w-2x-usb-3-0-1x-120mm-fan\\\/\",\"name\":\"ATX \\\/ E-ATX Midi Tower Case Deepcool CH510 White w\\\/2x USB 3.0, 1x 120mm Fan - Hivetec\",\"isPartOf\":{\"@id\":\"https:\\\/\\\/hivetec.mk\\\/#website\"},\"primaryImageOfPage\":{\"@id\":\"https:\\\/\\\/hivetec.mk\\\/product\\\/atx-e-atx-midi-tower-case-deepcool-ch510-white-w-2x-usb-3-0-1x-120mm-fan\\\/#primaryimage\"},\"image\":{\"@id\":\"https:\\\/\\\/hivetec.mk\\\/product\\\/atx-e-atx-midi-tower-case-deepcool-ch510-white-w-2x-usb-3-0-1x-120mm-fan\\\/#primaryimage\"},\"thumbnailUrl\":\"https:\\\/\\\/hivetec.mk\\\/wp-content\\\/uploads\\\/2023\\\/09\\\/ch510.jpg\",\"datePublished\":\"2023-09-15T20:07:30+00:00\",\"dateModified\":\"2026-04-21T08:46:46+00:00\",\"description\":\"The DeepCool CH510 is a sleek and minimalistic mid-tower ATX case with great component compatibility and extensive cooling capacity support.\",\"breadcrumb\":{\"@id\":\"https:\\\/\\\/hivetec.mk\\\/product\\\/atx-e-atx-midi-tower-case-deepcool-ch510-white-w-2x-usb-3-0-1x-120mm-fan\\\/#breadcrumb\"},\"inLanguage\":\"en-US\",\"potentialAction\":[{\"@type\":\"ReadAction\",\"target\":[\"https:\\\/\\\/hivetec.mk\\\/product\\\/atx-e-atx-midi-tower-case-deepcool-ch510-white-w-2x-usb-3-0-1x-120mm-fan\\\/\"]}]},{\"@type\":\"ImageObject\",\"inLanguage\":\"en-US\",\"@id\":\"https:\\\/\\\/hivetec.mk\\\/product\\\/atx-e-atx-midi-tower-case-deepcool-ch510-white-w-2x-usb-3-0-1x-120mm-fan\\\/#primaryimage\",\"url\":\"https:\\\/\\\/hivetec.mk\\\/wp-content\\\/uploads\\\/2023\\\/09\\\/ch510.jpg\",\"contentUrl\":\"https:\\\/\\\/hivetec.mk\\\/wp-content\\\/uploads\\\/2023\\\/09\\\/ch510.jpg\",\"width\":1024,\"height\":1024,\"caption\":\"gaming kukiste deepcool ch510 belo\"},{\"@type\":\"BreadcrumbList\",\"@id\":\"https:\\\/\\\/hivetec.mk\\\/product\\\/atx-e-atx-midi-tower-case-deepcool-ch510-white-w-2x-usb-3-0-1x-120mm-fan\\\/#breadcrumb\",\"itemListElement\":[{\"@type\":\"ListItem\",\"position\":1,\"name\":\"Home\",\"item\":\"https:\\\/\\\/hivetec.mk\\\/\"},{\"@type\":\"ListItem\",\"position\":2,\"name\":\"Shop\",\"item\":\"https:\\\/\\\/hivetec.mk\\\/shop\\\/\"},{\"@type\":\"ListItem\",\"position\":3,\"name\":\"ATX \\\/ E-ATX Midi Tower Case Deepcool CH510 White w\\\/2x USB 3.0, 1x 120mm Fan\"}]},{\"@type\":\"WebSite\",\"@id\":\"https:\\\/\\\/hivetec.mk\\\/#website\",\"url\":\"https:\\\/\\\/hivetec.mk\\\/\",\"name\":\"Hivetec\",\"description\":\"\u0412\u0435\u0431 \u0448\u043e\u043f \u0437\u0430 \u043f\u0440\u043e\u0434\u0430\u0436\u0431\u0430 \u043d\u0430 \u043a\u043e\u043c\u0458\u0443\u0442\u0435\u0440\u0441\u043a\u0438 \u0445\u0430\u0440\u0434\u0432\u0435\u0440, \u0430\u043a\u0441\u0435\u0441\u043e\u0430\u0440\u0438 \u0438 \u043a\u043e\u043c\u043f\u043e\u043d\u0435\u043d\u0442\u0438.\",\"potentialAction\":[{\"@type\":\"SearchAction\",\"target\":{\"@type\":\"EntryPoint\",\"urlTemplate\":\"https:\\\/\\\/hivetec.mk\\\/?s={search_term_string}\"},\"query-input\":{\"@type\":\"PropertyValueSpecification\",\"valueRequired\":true,\"valueName\":\"search_term_string\"}}],\"inLanguage\":\"en-US\"}]}<\/script>\n<!-- \/ Yoast SEO Premium plugin. -->","yoast_head_json":{"title":"ATX \/ E-ATX Midi Tower Case Deepcool CH510 White w\/2x USB 3.0, 1x 120mm Fan - Hivetec","description":"The DeepCool CH510 is a sleek and minimalistic mid-tower ATX case with great component compatibility and extensive cooling capacity support.","robots":{"index":"index","follow":"follow","max-snippet":"max-snippet:-1","max-image-preview":"max-image-preview:large","max-video-preview":"max-video-preview:-1"},"canonical":"https:\/\/hivetec.mk\/en\/product\/atx-e-atx-midi-tower-case-deepcool-ch510-white-w-2x-usb-3-0-1x-120mm-fan\/","og_locale":"en_US","og_type":"article","og_title":"ATX \/ E-ATX Midi Tower Case Deepcool CH510 White w\/2x USB 3.0, 1x 120mm Fan","og_description":"The DeepCool CH510 is a sleek and minimalistic mid-tower ATX case with great component compatibility and extensive cooling capacity support.","og_url":"https:\/\/hivetec.mk\/en\/product\/atx-e-atx-midi-tower-case-deepcool-ch510-white-w-2x-usb-3-0-1x-120mm-fan\/","og_site_name":"Hivetec","article_publisher":"https:\/\/www.facebook.com\/hivetecmakedonija","article_modified_time":"2026-04-21T08:46:46+00:00","og_image":[{"width":1024,"height":1024,"url":"https:\/\/hivetec.mk\/wp-content\/uploads\/2023\/09\/ch510.jpg","type":"image\/jpeg"}],"twitter_card":"summary_large_image","twitter_misc":{"Est. reading time":"2 minutes"},"schema":{"@context":"https:\/\/schema.org","@graph":[{"@type":"WebPage","@id":"https:\/\/hivetec.mk\/product\/atx-e-atx-midi-tower-case-deepcool-ch510-white-w-2x-usb-3-0-1x-120mm-fan\/","url":"https:\/\/hivetec.mk\/product\/atx-e-atx-midi-tower-case-deepcool-ch510-white-w-2x-usb-3-0-1x-120mm-fan\/","name":"ATX \/ E-ATX Midi Tower Case Deepcool CH510 White w\/2x USB 3.0, 1x 120mm Fan - Hivetec","isPartOf":{"@id":"https:\/\/hivetec.mk\/#website"},"primaryImageOfPage":{"@id":"https:\/\/hivetec.mk\/product\/atx-e-atx-midi-tower-case-deepcool-ch510-white-w-2x-usb-3-0-1x-120mm-fan\/#primaryimage"},"image":{"@id":"https:\/\/hivetec.mk\/product\/atx-e-atx-midi-tower-case-deepcool-ch510-white-w-2x-usb-3-0-1x-120mm-fan\/#primaryimage"},"thumbnailUrl":"https:\/\/hivetec.mk\/wp-content\/uploads\/2023\/09\/ch510.jpg","datePublished":"2023-09-15T20:07:30+00:00","dateModified":"2026-04-21T08:46:46+00:00","description":"The DeepCool CH510 is a sleek and minimalistic mid-tower ATX case with great component compatibility and extensive cooling capacity support.","breadcrumb":{"@id":"https:\/\/hivetec.mk\/product\/atx-e-atx-midi-tower-case-deepcool-ch510-white-w-2x-usb-3-0-1x-120mm-fan\/#breadcrumb"},"inLanguage":"en-US","potentialAction":[{"@type":"ReadAction","target":["https:\/\/hivetec.mk\/product\/atx-e-atx-midi-tower-case-deepcool-ch510-white-w-2x-usb-3-0-1x-120mm-fan\/"]}]},{"@type":"ImageObject","inLanguage":"en-US","@id":"https:\/\/hivetec.mk\/product\/atx-e-atx-midi-tower-case-deepcool-ch510-white-w-2x-usb-3-0-1x-120mm-fan\/#primaryimage","url":"https:\/\/hivetec.mk\/wp-content\/uploads\/2023\/09\/ch510.jpg","contentUrl":"https:\/\/hivetec.mk\/wp-content\/uploads\/2023\/09\/ch510.jpg","width":1024,"height":1024,"caption":"gaming kukiste deepcool ch510 belo"},{"@type":"BreadcrumbList","@id":"https:\/\/hivetec.mk\/product\/atx-e-atx-midi-tower-case-deepcool-ch510-white-w-2x-usb-3-0-1x-120mm-fan\/#breadcrumb","itemListElement":[{"@type":"ListItem","position":1,"name":"Home","item":"https:\/\/hivetec.mk\/"},{"@type":"ListItem","position":2,"name":"Shop","item":"https:\/\/hivetec.mk\/shop\/"},{"@type":"ListItem","position":3,"name":"ATX \/ E-ATX Midi Tower Case Deepcool CH510 White w\/2x USB 3.0, 1x 120mm Fan"}]},{"@type":"WebSite","@id":"https:\/\/hivetec.mk\/#website","url":"https:\/\/hivetec.mk\/","name":"Hivetec","description":"\u0412\u0435\u0431 \u0448\u043e\u043f \u0437\u0430 \u043f\u0440\u043e\u0434\u0430\u0436\u0431\u0430 \u043d\u0430 \u043a\u043e\u043c\u0458\u0443\u0442\u0435\u0440\u0441\u043a\u0438 \u0445\u0430\u0440\u0434\u0432\u0435\u0440, \u0430\u043a\u0441\u0435\u0441\u043e\u0430\u0440\u0438 \u0438 \u043a\u043e\u043c\u043f\u043e\u043d\u0435\u043d\u0442\u0438.","potentialAction":[{"@type":"SearchAction","target":{"@type":"EntryPoint","urlTemplate":"https:\/\/hivetec.mk\/?s={search_term_string}"},"query-input":{"@type":"PropertyValueSpecification","valueRequired":true,"valueName":"search_term_string"}}],"inLanguage":"en-US"}]}},"_links":{"self":[{"href":"https:\/\/hivetec.mk\/en\/wp-json\/wp\/v2\/product\/17627","targetHints":{"allow":["GET"]}}],"collection":[{"href":"https:\/\/hivetec.mk\/en\/wp-json\/wp\/v2\/product"}],"about":[{"href":"https:\/\/hivetec.mk\/en\/wp-json\/wp\/v2\/types\/product"}],"replies":[{"embeddable":true,"href":"https:\/\/hivetec.mk\/en\/wp-json\/wp\/v2\/comments?post=17627"}],"version-history":[{"count":3,"href":"https:\/\/hivetec.mk\/en\/wp-json\/wp\/v2\/product\/17627\/revisions"}],"predecessor-version":[{"id":25889,"href":"https:\/\/hivetec.mk\/en\/wp-json\/wp\/v2\/product\/17627\/revisions\/25889"}],"wp:featuredmedia":[{"embeddable":true,"href":"https:\/\/hivetec.mk\/en\/wp-json\/wp\/v2\/media\/25852"}],"wp:attachment":[{"href":"https:\/\/hivetec.mk\/en\/wp-json\/wp\/v2\/media?parent=17627"}],"wp:term":[{"taxonomy":"product_brand","embeddable":true,"href":"https:\/\/hivetec.mk\/en\/wp-json\/wp\/v2\/product_brand?post=17627"},{"taxonomy":"product_cat","embeddable":true,"href":"https:\/\/hivetec.mk\/en\/wp-json\/wp\/v2\/product_cat?post=17627"},{"taxonomy":"product_tag","embeddable":true,"href":"https:\/\/hivetec.mk\/en\/wp-json\/wp\/v2\/product_tag?post=17627"}],"curies":[{"name":"wp","href":"https:\/\/api.w.org\/{rel}","templated":true}]}}